{"id":88362,"date":"2014-06-10T23:06:29","date_gmt":"2014-06-10T21:06:29","guid":{"rendered":"https:\/\/www.seaflowerstore.com\/nl\/tunze-magnet-extension-6205-501\/"},"modified":"2024-03-20T16:22:08","modified_gmt":"2024-03-20T15:22:08","slug":"tunze-magnet-extension-6205-501","status":"publish","type":"product","link":"https:\/\/www.seaflowerstore.com\/de\/tunze-magnet-extension-6205-501\/","title":{"rendered":"Tunze Magnet extension (6205.501)"},"content":{"rendered":"<h2>Tunze Magnet extension (6205.501)<\/h2>\n<p><strong>Die Tunze Magnetverl\u00e4ngerung (6205.501)<\/strong> ist ein st\u00e4rkerer Magnet f\u00fcr die Modelle 6065.515 oder 6105.515. Diese Verl\u00e4ngerung ist mit Glasst\u00e4rken von 15 mm (1\/2 Zoll) bis 20 mm (3\/4 Zoll) kompatibel.<\/p>\n","protected":false},"excerpt":{"rendered":"<p>.<\/p>\n","protected":false},"featured_media":77861,"template":"","meta":[],"pwb-brand":[2123],"product_cat":[1388,1418],"product_tag":[],"class_list":{"0":"post-88362","1":"product","2":"type-product","3":"status-publish","4":"has-post-thumbnail","6":"pwb-brand-tunze","7":"product_cat-stroemungspumpen","8":"product_cat-teile","10":"first","11":"outofstock","12":"taxable","13":"shipping-taxable","14":"purchasable","15":"product-type-simple"},"acf":[],"brands":[{"id":2123,"name":"Tunze","slug":"tunze"}],"_links":{"self":[{"href":"https:\/\/www.seaflowerstore.com\/de\/wp-json\/wp\/v2\/product\/88362","targetHints":{"allow":["GET"]}}],"collection":[{"href":"https:\/\/www.seaflowerstore.com\/de\/wp-json\/wp\/v2\/product"}],"about":[{"href":"https:\/\/www.seaflowerstore.com\/de\/wp-json\/wp\/v2\/types\/product"}],"wp:featuredmedia":[{"embeddable":true,"href":"https:\/\/www.seaflowerstore.com\/de\/wp-json\/wp\/v2\/media\/77861"}],"wp:attachment":[{"href":"https:\/\/www.seaflowerstore.com\/de\/wp-json\/wp\/v2\/media?parent=88362"}],"wp:term":[{"taxonomy":"pwb-brand","embeddable":true,"href":"https:\/\/www.seaflowerstore.com\/de\/wp-json\/wp\/v2\/pwb-brand?post=88362"},{"taxonomy":"product_cat","embeddable":true,"href":"https:\/\/www.seaflowerstore.com\/de\/wp-json\/wp\/v2\/product_cat?post=88362"},{"taxonomy":"product_tag","embeddable":true,"href":"https:\/\/www.seaflowerstore.com\/de\/wp-json\/wp\/v2\/product_tag?post=88362"}],"curies":[{"name":"wp","href":"https:\/\/api.w.org\/{rel}","templated":true}]}}