{"id":88365,"date":"2014-05-29T19:07:10","date_gmt":"2014-05-29T17:07:10","guid":{"rendered":"https:\/\/www.seaflowerstore.com\/nl\/ghl-ph-4-calibration-fluid-50ml\/"},"modified":"2024-03-20T16:21:57","modified_gmt":"2024-03-20T15:21:57","slug":"ghl-ph-4-calibration-fluid-50ml","status":"publish","type":"product","link":"https:\/\/www.seaflowerstore.com\/de\/ghl-ph-4-calibration-fluid-50ml\/","title":{"rendered":"GHL pH 4 calibration fluid 50ml."},"content":{"rendered":"<h2>GHL pH 4 calibration fluid 50ml.<\/h2>\n<p>Diese Kalibrierfl\u00fcssigkeit ist <strong>sehr genau<\/strong> und <strong>stabil<\/strong> und wurde speziell f\u00fcr die Kalibrierung von pH-Metern auf einen pr\u00e4zisen Wert von 4,00 bei 25 Grad Celsius entwickelt. Bitte beachten Sie, dass Testfl\u00fcssigkeiten <em>empfindlich auf Verunreinigungen reagieren<\/em>, die ihre Genauigkeit beeintr\u00e4chtigen k\u00f6nnen.<\/p>\n","protected":false},"excerpt":{"rendered":"<p>Very accurate and stable calibration fluid for calibrating pH meters to a pH value of exactly 4.00 at 25 degrees.<\/p>\n","protected":false},"featured_media":77855,"template":"","meta":[],"pwb-brand":[2157],"product_cat":[1500],"product_tag":[],"class_list":{"0":"post-88365","1":"product","2":"type-product","3":"status-publish","4":"has-post-thumbnail","6":"pwb-brand-ghl","7":"product_cat-referenzfluessigkeiten","9":"first","10":"instock","11":"taxable","12":"shipping-taxable","13":"purchasable","14":"product-type-simple"},"acf":[],"brands":[{"id":2157,"name":"GHL","slug":"ghl"}],"_links":{"self":[{"href":"https:\/\/www.seaflowerstore.com\/de\/wp-json\/wp\/v2\/product\/88365","targetHints":{"allow":["GET"]}}],"collection":[{"href":"https:\/\/www.seaflowerstore.com\/de\/wp-json\/wp\/v2\/product"}],"about":[{"href":"https:\/\/www.seaflowerstore.com\/de\/wp-json\/wp\/v2\/types\/product"}],"wp:featuredmedia":[{"embeddable":true,"href":"https:\/\/www.seaflowerstore.com\/de\/wp-json\/wp\/v2\/media\/77855"}],"wp:attachment":[{"href":"https:\/\/www.seaflowerstore.com\/de\/wp-json\/wp\/v2\/media?parent=88365"}],"wp:term":[{"taxonomy":"pwb-brand","embeddable":true,"href":"https:\/\/www.seaflowerstore.com\/de\/wp-json\/wp\/v2\/pwb-brand?post=88365"},{"taxonomy":"product_cat","embeddable":true,"href":"https:\/\/www.seaflowerstore.com\/de\/wp-json\/wp\/v2\/product_cat?post=88365"},{"taxonomy":"product_tag","embeddable":true,"href":"https:\/\/www.seaflowerstore.com\/de\/wp-json\/wp\/v2\/product_tag?post=88365"}],"curies":[{"name":"wp","href":"https:\/\/api.w.org\/{rel}","templated":true}]}}