{"id":88370,"date":"2014-04-26T08:42:26","date_gmt":"2014-04-26T06:42:26","guid":{"rendered":"https:\/\/www.seaflowerstore.com\/nl\/kessil-gooseneck-a-serie\/"},"modified":"2024-03-20T16:21:52","modified_gmt":"2024-03-20T15:21:52","slug":"kessil-gooseneck-a-serie","status":"publish","type":"product","link":"https:\/\/www.seaflowerstore.com\/de\/kessil-gooseneck-a-serie\/","title":{"rendered":"Kessil Gooseneck A-serie"},"content":{"rendered":"<h2> Kessil Gooseneck A-series support for on the aquarium edge to mount the Kessil lamps <\/h2>\n<p>Wir stellen die Kessil Gooseneck A-Serie vor, eine praktische Halterung, mit der Sie Kessil-Lampen direkt am Rand Ihres Aquariums befestigen k\u00f6nnen. Bitte beachten Sie, dass dieses Produkt nur den Arm enth\u00e4lt; die Lampe selbst ist nicht im Lieferumfang enthalten.<\/p>\n<p>Mit diesem robusten und flexiblen Schwanenhals k\u00f6nnen Sie Ihre Beleuchtung genau dort positionieren, wo Sie sie ben\u00f6tigen, und so eine optimale Beleuchtung Ihrer Wasserumgebung gew\u00e4hrleisten.<\/p>\n<p>Ganz gleich, ob Sie ein engagierter Aquarianer sind oder gerade erst damit anfangen, die Kessil Gooseneck A-Serie ist eine fantastische Erg\u00e4nzung f\u00fcr Ihr Setup.<\/p>\n","protected":false},"excerpt":{"rendered":"<p>Kessil Gooseneck A-series support for on the aquarium edge to mount the Kessil lamps<\/p>\n","protected":false},"featured_media":77844,"template":"","meta":[],"pwb-brand":[2185],"product_cat":[1384],"product_tag":[],"class_list":{"0":"post-88370","1":"product","2":"type-product","3":"status-publish","4":"has-post-thumbnail","6":"pwb-brand-kessil","7":"product_cat-led-de","9":"first","10":"instock","11":"taxable","12":"shipping-taxable","13":"purchasable","14":"product-type-simple"},"acf":[],"brands":[{"id":2185,"name":"Kessil","slug":"kessil"}],"_links":{"self":[{"href":"https:\/\/www.seaflowerstore.com\/de\/wp-json\/wp\/v2\/product\/88370","targetHints":{"allow":["GET"]}}],"collection":[{"href":"https:\/\/www.seaflowerstore.com\/de\/wp-json\/wp\/v2\/product"}],"about":[{"href":"https:\/\/www.seaflowerstore.com\/de\/wp-json\/wp\/v2\/types\/product"}],"wp:featuredmedia":[{"embeddable":true,"href":"https:\/\/www.seaflowerstore.com\/de\/wp-json\/wp\/v2\/media\/77844"}],"wp:attachment":[{"href":"https:\/\/www.seaflowerstore.com\/de\/wp-json\/wp\/v2\/media?parent=88370"}],"wp:term":[{"taxonomy":"pwb-brand","embeddable":true,"href":"https:\/\/www.seaflowerstore.com\/de\/wp-json\/wp\/v2\/pwb-brand?post=88370"},{"taxonomy":"product_cat","embeddable":true,"href":"https:\/\/www.seaflowerstore.com\/de\/wp-json\/wp\/v2\/product_cat?post=88370"},{"taxonomy":"product_tag","embeddable":true,"href":"https:\/\/www.seaflowerstore.com\/de\/wp-json\/wp\/v2\/product_tag?post=88370"}],"curies":[{"name":"wp","href":"https:\/\/api.w.org\/{rel}","templated":true}]}}