{"id":88372,"date":"2014-04-26T08:42:10","date_gmt":"2014-04-26T06:42:10","guid":{"rendered":"https:\/\/www.seaflowerstore.com\/nl\/kessil-a360ne-tuna-blue\/"},"modified":"2024-03-20T16:21:50","modified_gmt":"2024-03-20T15:21:50","slug":"kessil-a360ne-tuna-blue","status":"publish","type":"product","link":"https:\/\/www.seaflowerstore.com\/de\/kessil-a360ne-tuna-blue\/","title":{"rendered":"Kessil A360NE Tuna Blue"},"content":{"rendered":"<h2>Kessil A360NE Tuna Blue LED-verlichting van top klasse voor uw zeeaquarium<\/h2>\n<p><strong>Hervorragende Beleuchtung<\/strong><\/p>\n<p><em>Schimmer<\/em><\/p>\n<p><strong>Wundersch\u00f6ner, unvergleichlicher Schimmer imitiert das Aussehen von nat\u00fcrlichem Sonnenlicht auf dem Meeresboden.<\/strong><\/p>\n<p><img decoding=\"async\" src=\"https:\/\/www.seaflowerstore.com\/nl\/wp-content\/uploads\/content\/a360x_Optical_img05.png\" \/><\/p>\n<p><strong>UV<\/strong><\/p>\n<p>Eine propriet\u00e4re Mischung aus UV-Licht verbessert das Wachstum und die Farbe der Korallen.<\/p>\n<p><strong>Durchdringung<\/strong><\/p>\n<p>Unsere patentierte Dense Matrix LED-Technologie konzentriert mehrere LED-Chips in einem einzigen Array und erzeugt so eine leistungsstarke und durchdringende Lichtquelle mit einem gro\u00dfen Abdeckungsbereich. Die durchschnittliche Durchdringung eines A360WE betr\u00e4gt bei den meisten Riffen zwischen 61 cm und 76 cm. Die durchschnittliche Eindringtiefe des NE-Modells betr\u00e4gt 76 cm bis 92 cm. Sie k\u00f6nnen die Eindringtiefe noch weiter erh\u00f6hen, indem Sie mehrere Einheiten nahe beieinander platzieren.<\/p>\n<p><strong>Farbmischung<\/strong><\/p>\n<p>Unterschiedliche Wellenl\u00e4ngen werden nahtlos in einem einzigen LED-Array gemischt, wodurch eine einheitliche Farbe \u00fcber den gesamten Abdeckungsbereich hinweg entsteht.<\/p>\n<h2 class=\"color_w\">Design<\/h2>\n<div class=\"tab_container\">\n<div class=\"sec_tab sec_tab-3\">\n<div class=\"item productIcon_tunable selected\"><span style=\"font-size: 1.17em\">Abstimmbar<\/span><\/div>\n<\/div>\n<div class=\"iosSlider iosSlider-3\">\n<div class=\"slider\">\n<div class=\"item item1\">\n<p><strong>Kessil Logic&trade; sorgt f\u00fcr eine gleichbleibende Leistung \u00fcber das gesamte Spektrum von 10.000 K bis aktinisch.<\/strong><\/p>\n<h3 class=\"color_w\">Abstimmbar<\/h3>\n<p><strong>Kessil Logic&trade; sorgt f\u00fcr eine gleichm\u00e4\u00dfige Ausgabe \u00fcber das gesamte Spektrum, von 10.000 K bis aktinisch.<\/strong><\/p>\n<div id=\"colorPicker\">\n<h3>Probieren Sie es aus!<\/h3>\n<div class=\"colorBox\">\n<div class=\"colorInner\"><\/div>\n<div class=\"track\"><\/div>\n<\/div>\n<\/div>\n<\/div>\n<div class=\"item item2\">\n<h3 class=\"color_w\">W\u00e4rmemanagement<\/h3>\n<p><strong>Unser innovatives W\u00e4rmemanagementsystem verbessert die Langlebigkeit und Effizienz.<\/strong><\/p>\n<p><img decoding=\"async\" src=\"https:\/\/www.seaflowerstore.com\/nl\/wp-content\/uploads\/content\/heat.gif\" \/><\/p>\n<\/div>\n<div class=\"item item2\">\n<h3 class=\"color_w\">Dense Matrix LED<\/h3>\n<p><strong>Unser dicht gepacktes LED-Array strahlt mehr hochwertiges Licht aus als Konkurrenzprodukte Vorrichtungen.<\/strong><\/p>\n<p><img decoding=\"async\" src=\"https:\/\/www.seaflowerstore.com\/nl\/wp-content\/uploads\/content\/led.jpg\" \/><\/p>\n<\/div>\n<div class=\"item item2\">\n<h2>Steuerung<\/h2>\n<p>Kompatibel mit externen 0~10-V-Controllern. Sie k\u00f6nnen mehrere Lichter in Reihe schalten, um sie nahtlos von einer einzigen Quelle aus zu steuern.<\/p>\n<h2>Technische Daten<\/h2>\n<div class=\"specificationsTable left\">\n<h3><span>A360NE<\/span>&nbsp;Serie Tuna Blue<\/h3>\n<p><strong>Spezifikationen<\/strong><\/p>\n<div class=\"spe\">\n<p class=\"left\">Abmessungen: 11,5 cm&nbsp;x 10,1 cm (H x T)<\/p>\n<\/div>\n<div class=\"spe\">\n<p class=\"left\">Ger\u00e4tegewicht: 1,15 lb \/ 0,52 kg<\/p>\n<\/div>\n<div class=\"spe\">\n<p class=\"left\">Spektrum<\/p>\n<p class=\"right\">Tiefes Ozeanblau bis Himmelblau<\/p>\n<\/div>\n<div class=\"spe\">\n<p class=\"left\">Abdeckung<\/p>\n<p class=\"right\">Bis zu 45 cm Oberfl\u00e4chendurchmesser<\/p>\n<\/div>\n<div class=\"spe\">\n<p class=\"left\">Stromversorgung<\/p>\n<p class=\"right\">100-240 V AC (Eingang) 19 V DC (Ausgang)<\/p>\n<\/div>\n<div class=\"spe\">\n<p class=\"left\">Stromverbrauch<\/p>\n<p class=\"right\">90 W<\/p>\n<\/div>\n<p><strong>Lieferumfang<\/strong><\/p>\n<div class=\"spe\">\n<p>1x A360NE<\/p>\n<\/div>\n<div class=\"spe\">\n<p>1x DC-Stromversorgung<\/p>\n<\/div>\n<div class=\"spe\">\n<p>1x DC-Verl\u00e4ngerungskabel<\/p>\n<\/div>\n<div class=\"spe\">\n<p>2x goldener Metallhaken<\/p>\n<\/div>\n<div class=\"spe\">\n<p>2x Aufh\u00e4ngehalterung<\/p>\n<\/div>\n<\/div>\n<\/div>\n<\/div>\n<\/div>\n<\/div>\n<\/div>\n","protected":false},"excerpt":{"rendered":"<p>The NE version has a different lens compared to the WE version. This allows the NE version to shine in deeper water, but with a narrower surface coverage<\/p>\n","protected":false},"featured_media":77840,"template":"","meta":[],"pwb-brand":[2185],"product_cat":[1384],"product_tag":[],"class_list":{"0":"post-88372","1":"product","2":"type-product","3":"status-publish","4":"has-post-thumbnail","6":"pwb-brand-kessil","7":"product_cat-led-de","9":"first","10":"outofstock","11":"taxable","12":"shipping-taxable","13":"purchasable","14":"product-type-simple"},"acf":[],"brands":[{"id":2185,"name":"Kessil","slug":"kessil"}],"_links":{"self":[{"href":"https:\/\/www.seaflowerstore.com\/de\/wp-json\/wp\/v2\/product\/88372","targetHints":{"allow":["GET"]}}],"collection":[{"href":"https:\/\/www.seaflowerstore.com\/de\/wp-json\/wp\/v2\/product"}],"about":[{"href":"https:\/\/www.seaflowerstore.com\/de\/wp-json\/wp\/v2\/types\/product"}],"wp:featuredmedia":[{"embeddable":true,"href":"https:\/\/www.seaflowerstore.com\/de\/wp-json\/wp\/v2\/media\/77840"}],"wp:attachment":[{"href":"https:\/\/www.seaflowerstore.com\/de\/wp-json\/wp\/v2\/media?parent=88372"}],"wp:term":[{"taxonomy":"pwb-brand","embeddable":true,"href":"https:\/\/www.seaflowerstore.com\/de\/wp-json\/wp\/v2\/pwb-brand?post=88372"},{"taxonomy":"product_cat","embeddable":true,"href":"https:\/\/www.seaflowerstore.com\/de\/wp-json\/wp\/v2\/product_cat?post=88372"},{"taxonomy":"product_tag","embeddable":true,"href":"https:\/\/www.seaflowerstore.com\/de\/wp-json\/wp\/v2\/product_tag?post=88372"}],"curies":[{"name":"wp","href":"https:\/\/api.w.org\/{rel}","templated":true}]}}