{"id":88373,"date":"2014-04-26T08:42:05","date_gmt":"2014-04-26T06:42:05","guid":{"rendered":"https:\/\/www.seaflowerstore.com\/nl\/kessil-90-unit-link-cable\/"},"modified":"2024-03-20T16:21:47","modified_gmt":"2024-03-20T15:21:47","slug":"kessil-90-unit-link-cable","status":"publish","type":"product","link":"https:\/\/www.seaflowerstore.com\/de\/kessil-90-unit-link-cable\/","title":{"rendered":"Kessil 90\u00b0 Unit Link Cable"},"content":{"rendered":"<h2>Kessil 90 \u00b0 Unit Link Cable<\/h2>\n<p>Das Kessil 90\u00b0-Unit-Link-Kabel ist f\u00fcr die Verbindung von zwei Kessil-Ger\u00e4ten konzipiert, sodass diese nahtlos dieselben Steuereingaben empfangen k\u00f6nnen.<\/p>\n<p><strong>Steckertypen:<\/strong><\/p>\n<ul>\n<li>1\/8&#8243; (3,5 mm) Stereo-Phonostecker auf 1\/8&#8243; (3,5 mm) Stereo-Phonostecker<\/li>\n<\/ul>\n<p>Ein Ende verf\u00fcgt \u00fcber einen 90-Grad-Stecker, w\u00e4hrend das andere Ende einen geraden Stecker hat. Mit dem mitgelieferten Gef\u00e4lle k\u00f6nnen Sie ihn jedoch bei Bedarf problemlos auf einen 90-Grad-Winkel einstellen.<\/p>\n","protected":false},"excerpt":{"rendered":"<p>Kessil 90 \u00b0 Unit Link Cableabel to connect 2 Kessil units, so that the connected units receive the same control inputs.<\/p>\n","protected":false},"featured_media":77838,"template":"","meta":[],"pwb-brand":[2185],"product_cat":[1384],"product_tag":[],"class_list":{"0":"post-88373","1":"product","2":"type-product","3":"status-publish","4":"has-post-thumbnail","6":"pwb-brand-kessil","7":"product_cat-led-de","9":"first","10":"instock","11":"taxable","12":"shipping-taxable","13":"purchasable","14":"product-type-simple"},"acf":[],"brands":[{"id":2185,"name":"Kessil","slug":"kessil"}],"_links":{"self":[{"href":"https:\/\/www.seaflowerstore.com\/de\/wp-json\/wp\/v2\/product\/88373","targetHints":{"allow":["GET"]}}],"collection":[{"href":"https:\/\/www.seaflowerstore.com\/de\/wp-json\/wp\/v2\/product"}],"about":[{"href":"https:\/\/www.seaflowerstore.com\/de\/wp-json\/wp\/v2\/types\/product"}],"wp:featuredmedia":[{"embeddable":true,"href":"https:\/\/www.seaflowerstore.com\/de\/wp-json\/wp\/v2\/media\/77838"}],"wp:attachment":[{"href":"https:\/\/www.seaflowerstore.com\/de\/wp-json\/wp\/v2\/media?parent=88373"}],"wp:term":[{"taxonomy":"pwb-brand","embeddable":true,"href":"https:\/\/www.seaflowerstore.com\/de\/wp-json\/wp\/v2\/pwb-brand?post=88373"},{"taxonomy":"product_cat","embeddable":true,"href":"https:\/\/www.seaflowerstore.com\/de\/wp-json\/wp\/v2\/product_cat?post=88373"},{"taxonomy":"product_tag","embeddable":true,"href":"https:\/\/www.seaflowerstore.com\/de\/wp-json\/wp\/v2\/product_tag?post=88373"}],"curies":[{"name":"wp","href":"https:\/\/api.w.org\/{rel}","templated":true}]}}