{"id":88383,"date":"2014-04-12T17:54:28","date_gmt":"2014-04-12T15:54:28","guid":{"rendered":"https:\/\/www.seaflowerstore.com\/nl\/ghl-50ms-conductivity-liquid-50ml\/"},"modified":"2024-03-20T16:21:24","modified_gmt":"2024-03-20T15:21:24","slug":"ghl-50ms-conductivity-liquid-50ml","status":"publish","type":"product","link":"https:\/\/www.seaflowerstore.com\/de\/ghl-50ms-conductivity-liquid-50ml\/","title":{"rendered":"GHL 50mS Conductivity liquid 50ml"},"content":{"rendered":"<h2>GHL 50mS Conductivity liquid 50ml<\/h2>\n<p>Dies ist eine hochpr\u00e4zise und stabile Kalibrierfl\u00fcssigkeit, die f\u00fcr die Kalibrierung von Leitf\u00e4higkeitselektroden mit einem exakten Mikrosiemens-Wert von 50\u00a0mS entwickelt wurde. Bitte beachten Sie, dass Testfl\u00fcssigkeiten sehr empfindlich auf Verunreinigungen reagieren, die ihre Genauigkeit beeintr\u00e4chtigen k\u00f6nnen.<\/p>\n","protected":false},"excerpt":{"rendered":"<p>Very accurate and stable calibration fluid for calibrating conductivity electrodes on a Microsiemens value of exactly 50mS.<\/p>\n","protected":false},"featured_media":77817,"template":"","meta":[],"pwb-brand":[2157],"product_cat":[1399,1500],"product_tag":[],"class_list":{"0":"post-88383","1":"product","2":"type-product","3":"status-publish","4":"has-post-thumbnail","6":"pwb-brand-ghl","7":"product_cat-referenz-fluessigkeiten","8":"product_cat-referenzfluessigkeiten","10":"first","11":"outofstock","12":"taxable","13":"shipping-taxable","14":"purchasable","15":"product-type-simple"},"acf":[],"brands":[{"id":2157,"name":"GHL","slug":"ghl"}],"_links":{"self":[{"href":"https:\/\/www.seaflowerstore.com\/de\/wp-json\/wp\/v2\/product\/88383","targetHints":{"allow":["GET"]}}],"collection":[{"href":"https:\/\/www.seaflowerstore.com\/de\/wp-json\/wp\/v2\/product"}],"about":[{"href":"https:\/\/www.seaflowerstore.com\/de\/wp-json\/wp\/v2\/types\/product"}],"wp:featuredmedia":[{"embeddable":true,"href":"https:\/\/www.seaflowerstore.com\/de\/wp-json\/wp\/v2\/media\/77817"}],"wp:attachment":[{"href":"https:\/\/www.seaflowerstore.com\/de\/wp-json\/wp\/v2\/media?parent=88383"}],"wp:term":[{"taxonomy":"pwb-brand","embeddable":true,"href":"https:\/\/www.seaflowerstore.com\/de\/wp-json\/wp\/v2\/pwb-brand?post=88383"},{"taxonomy":"product_cat","embeddable":true,"href":"https:\/\/www.seaflowerstore.com\/de\/wp-json\/wp\/v2\/product_cat?post=88383"},{"taxonomy":"product_tag","embeddable":true,"href":"https:\/\/www.seaflowerstore.com\/de\/wp-json\/wp\/v2\/product_tag?post=88383"}],"curies":[{"name":"wp","href":"https:\/\/api.w.org\/{rel}","templated":true}]}}