{"id":88385,"date":"2014-04-12T17:54:20","date_gmt":"2014-04-12T15:54:20","guid":{"rendered":"https:\/\/www.seaflowerstore.com\/nl\/ghl-ph-9-calibration-fluid-50ml\/"},"modified":"2024-03-20T16:21:19","modified_gmt":"2024-03-20T15:21:19","slug":"ghl-ph-9-calibration-fluid-50ml","status":"publish","type":"product","link":"https:\/\/www.seaflowerstore.com\/de\/ghl-ph-9-calibration-fluid-50ml\/","title":{"rendered":"GHL pH 9 calibration fluid 50ml."},"content":{"rendered":"<h2>GHL pH 9 calibration fluid 50ml.<\/h2>\n<p>Diese Kalibrierfl\u00fcssigkeit ist sehr genau und stabil, perfekt f\u00fcr die Kalibrierung von pH-Metern auf einen pH-Wert von exakt 9,00 bei 25 Grad. <\/p>\n<p><strong>Bitte beachten:<\/strong> Testfl\u00fcssigkeiten reagieren sehr empfindlich auf Verunreinigungen, die die Genauigkeit negativ beeinflussen k\u00f6nnen. Um eine optimale Leistung zu gew\u00e4hrleisten, ist ein sorgf\u00e4ltiger Umgang mit ihnen wichtig.<\/p>\n","protected":false},"excerpt":{"rendered":"<p>Very accurate and stable calibration fluid for calibrating pH meters to a pH value of exactly 9.00 at 25 degrees.<\/p>\n","protected":false},"featured_media":77813,"template":"","meta":[],"pwb-brand":[2157],"product_cat":[1399,1500,1400],"product_tag":[],"class_list":{"0":"post-88385","1":"product","2":"type-product","3":"status-publish","4":"has-post-thumbnail","6":"pwb-brand-ghl","7":"product_cat-referenz-fluessigkeiten","8":"product_cat-referenzfluessigkeiten","9":"product_cat-tester","11":"first","12":"instock","13":"taxable","14":"shipping-taxable","15":"purchasable","16":"product-type-simple"},"acf":[],"brands":[{"id":2157,"name":"GHL","slug":"ghl"}],"_links":{"self":[{"href":"https:\/\/www.seaflowerstore.com\/de\/wp-json\/wp\/v2\/product\/88385","targetHints":{"allow":["GET"]}}],"collection":[{"href":"https:\/\/www.seaflowerstore.com\/de\/wp-json\/wp\/v2\/product"}],"about":[{"href":"https:\/\/www.seaflowerstore.com\/de\/wp-json\/wp\/v2\/types\/product"}],"wp:featuredmedia":[{"embeddable":true,"href":"https:\/\/www.seaflowerstore.com\/de\/wp-json\/wp\/v2\/media\/77813"}],"wp:attachment":[{"href":"https:\/\/www.seaflowerstore.com\/de\/wp-json\/wp\/v2\/media?parent=88385"}],"wp:term":[{"taxonomy":"pwb-brand","embeddable":true,"href":"https:\/\/www.seaflowerstore.com\/de\/wp-json\/wp\/v2\/pwb-brand?post=88385"},{"taxonomy":"product_cat","embeddable":true,"href":"https:\/\/www.seaflowerstore.com\/de\/wp-json\/wp\/v2\/product_cat?post=88385"},{"taxonomy":"product_tag","embeddable":true,"href":"https:\/\/www.seaflowerstore.com\/de\/wp-json\/wp\/v2\/product_tag?post=88385"}],"curies":[{"name":"wp","href":"https:\/\/api.w.org\/{rel}","templated":true}]}}