{"id":88386,"date":"2014-04-12T17:54:13","date_gmt":"2014-04-12T15:54:13","guid":{"rendered":"https:\/\/www.seaflowerstore.com\/nl\/ghl-redox-calibration-220mv-50ml\/"},"modified":"2024-03-20T16:21:16","modified_gmt":"2024-03-20T15:21:16","slug":"ghl-redox-calibration-220mv-50ml","status":"publish","type":"product","link":"https:\/\/www.seaflowerstore.com\/de\/ghl-redox-calibration-220mv-50ml\/","title":{"rendered":"GHL Redox calibration 220mV 50ml."},"content":{"rendered":"<h2>GHL Redox calibration 220mV 50ml.<\/h2>\n<p>Diese Kalibrierfl\u00fcssigkeit bietet eine hohe Genauigkeit und Stabilit\u00e4t zur Kalibrierung von Leitf\u00e4higkeitselektroden bei einem Redoxwert von exakt 220 mV. <\/p>\n<p><strong>Bitte beachten:<\/strong> Pr\u00fcffl\u00fcssigkeiten reagieren sehr empfindlich auf Verunreinigungen, die sich negativ auf die Genauigkeit auswirken k\u00f6nnen.<\/p>\n","protected":false},"excerpt":{"rendered":"<p>Highly accurate and stable calibration fluid for calibrating conductivity electrodes at a Redox value of exactly 220mV.<\/p>\n","protected":false},"featured_media":77811,"template":"","meta":[],"pwb-brand":[2157],"product_cat":[1399,1500],"product_tag":[],"class_list":{"0":"post-88386","1":"product","2":"type-product","3":"status-publish","4":"has-post-thumbnail","6":"pwb-brand-ghl","7":"product_cat-referenz-fluessigkeiten","8":"product_cat-referenzfluessigkeiten","10":"first","11":"instock","12":"taxable","13":"shipping-taxable","14":"purchasable","15":"product-type-simple"},"acf":[],"brands":[{"id":2157,"name":"GHL","slug":"ghl"}],"_links":{"self":[{"href":"https:\/\/www.seaflowerstore.com\/de\/wp-json\/wp\/v2\/product\/88386","targetHints":{"allow":["GET"]}}],"collection":[{"href":"https:\/\/www.seaflowerstore.com\/de\/wp-json\/wp\/v2\/product"}],"about":[{"href":"https:\/\/www.seaflowerstore.com\/de\/wp-json\/wp\/v2\/types\/product"}],"wp:featuredmedia":[{"embeddable":true,"href":"https:\/\/www.seaflowerstore.com\/de\/wp-json\/wp\/v2\/media\/77811"}],"wp:attachment":[{"href":"https:\/\/www.seaflowerstore.com\/de\/wp-json\/wp\/v2\/media?parent=88386"}],"wp:term":[{"taxonomy":"pwb-brand","embeddable":true,"href":"https:\/\/www.seaflowerstore.com\/de\/wp-json\/wp\/v2\/pwb-brand?post=88386"},{"taxonomy":"product_cat","embeddable":true,"href":"https:\/\/www.seaflowerstore.com\/de\/wp-json\/wp\/v2\/product_cat?post=88386"},{"taxonomy":"product_tag","embeddable":true,"href":"https:\/\/www.seaflowerstore.com\/de\/wp-json\/wp\/v2\/product_tag?post=88386"}],"curies":[{"name":"wp","href":"https:\/\/api.w.org\/{rel}","templated":true}]}}