{"id":88387,"date":"2014-03-24T11:27:38","date_gmt":"2014-03-24T10:27:38","guid":{"rendered":"https:\/\/www.seaflowerstore.com\/nl\/grotech-tec-1-ng-1-channel-dosing-pump\/"},"modified":"2024-03-20T16:21:15","modified_gmt":"2024-03-20T15:21:15","slug":"grotech-tec-1-ng-1-channel-dosing-pump","status":"publish","type":"product","link":"https:\/\/www.seaflowerstore.com\/de\/grotech-tec-1-ng-1-channel-dosing-pump\/","title":{"rendered":"Grotech TEC 1 NG 1-channel dosing pump"},"content":{"rendered":"<h2>Grotech TEC 1 NG 1-channel dosing pump<\/h2>\n<p>Die Grotech TEC 1 NG ist eine zuverl\u00e4ssige 1-Kanal-Dosierpumpe, die f\u00fcr die einfache automatische Abgabe von Fl\u00fcssigkeiten konzipiert ist.<\/p>\n<p><strong>Wichtige M\u00f6glichkeiten:<\/strong><\/p>\n<ul>\n<li>Stellen Sie die gew\u00fcnschte Dosiermenge zwischen <strong>1 ml und 99 ml<\/strong> ein.<\/li>\n<li>W\u00e4hlen Sie eine Dosierh\u00e4ufigkeit von einmal alle <strong>9 Tage<\/strong> bis <strong>24 Mal am Tag<\/strong>.<\/li>\n<li>Diese Pumpe ist <strong>kalibrierbar<\/strong> f\u00fcr eine pr\u00e4zise Dosierung.<\/li>\n<li>Genie\u00dfen Sie die <strong>einfache Bedienung<\/strong> f\u00fcr eine problemlose Nutzung.<\/li>\n<\/ul>\n<p><strong>Abmessungen:<\/strong> 110 x 70 x 70 mm (L\u00e4nge x Breite x H\u00f6he)<\/p>\n","protected":false},"excerpt":{"rendered":"<p>Grotech TEC 1 NG 1-channel dosing pump to automatically dose a liquid<\/p>\n","protected":false},"featured_media":77809,"template":"","meta":[],"pwb-brand":[2135],"product_cat":[1406],"product_tag":[],"class_list":{"0":"post-88387","1":"product","2":"type-product","3":"status-publish","4":"has-post-thumbnail","6":"pwb-brand-grotech","7":"product_cat-dosierpumpen","9":"first","10":"outofstock","11":"taxable","12":"shipping-taxable","13":"purchasable","14":"product-type-simple"},"acf":[],"brands":[{"id":2135,"name":"Grotech","slug":"grotech"}],"_links":{"self":[{"href":"https:\/\/www.seaflowerstore.com\/de\/wp-json\/wp\/v2\/product\/88387","targetHints":{"allow":["GET"]}}],"collection":[{"href":"https:\/\/www.seaflowerstore.com\/de\/wp-json\/wp\/v2\/product"}],"about":[{"href":"https:\/\/www.seaflowerstore.com\/de\/wp-json\/wp\/v2\/types\/product"}],"wp:featuredmedia":[{"embeddable":true,"href":"https:\/\/www.seaflowerstore.com\/de\/wp-json\/wp\/v2\/media\/77809"}],"wp:attachment":[{"href":"https:\/\/www.seaflowerstore.com\/de\/wp-json\/wp\/v2\/media?parent=88387"}],"wp:term":[{"taxonomy":"pwb-brand","embeddable":true,"href":"https:\/\/www.seaflowerstore.com\/de\/wp-json\/wp\/v2\/pwb-brand?post=88387"},{"taxonomy":"product_cat","embeddable":true,"href":"https:\/\/www.seaflowerstore.com\/de\/wp-json\/wp\/v2\/product_cat?post=88387"},{"taxonomy":"product_tag","embeddable":true,"href":"https:\/\/www.seaflowerstore.com\/de\/wp-json\/wp\/v2\/product_tag?post=88387"}],"curies":[{"name":"wp","href":"https:\/\/api.w.org\/{rel}","templated":true}]}}