{"id":88389,"date":"2014-03-21T19:35:09","date_gmt":"2014-03-21T18:35:09","guid":{"rendered":"https:\/\/www.seaflowerstore.com\/nl\/loc-line-1-4-assembly-plier\/"},"modified":"2024-03-20T16:21:13","modified_gmt":"2024-03-20T15:21:13","slug":"loc-line-1-4-assembly-plier","status":"publish","type":"product","link":"https:\/\/www.seaflowerstore.com\/de\/loc-line-1-4-assembly-plier\/","title":{"rendered":"Loc-line 1\/4&#8243; assembly plier"},"content":{"rendered":"<h2><strong>LOC-LINE 1\/4&#8243; ASSEMBLY PLIER<\/strong><\/h2>\n<p><strong>LOC-LINE<\/strong> ist das urspr\u00fcngliche modulare Rohrleitungssystem und wurde f\u00fcr Vielseitigkeit und Effizienz konzipiert.<\/p>\n<p>Mit drei verschiedenen Durchmessern, einer gro\u00dfen Auswahl an D\u00fcsen, Armaturen und Zubeh\u00f6r ist Loc-Line die perfekte Wahl f\u00fcr zahlreiche industrielle und kommerzielle Anwendungen. F\u00fcr Aquarien bietet LOC-LINE\u00ae endlose M\u00f6glichkeiten zur Erstellung einzigartiger Rohrleitungssysteme. Beispielsweise kann LOC-LINE\u00ae in F\u00f6rderleitungen und in geschlossenen Kreisl\u00e4ufen eingesetzt werden, in denen es entscheidend ist, den Durchfluss in eine bestimmte Richtung zu lenken.<\/p>\n<ul>\n<li>1\/4&#8243;-System: 30\u201350 PSI, 950 Liter pro Stunde<\/li>\n<li>1\/2&#8243;-System: 20\u201330 PSI, 1.810 Liter pro Stunde<\/li>\n<li>3\/4&#8243;-System: 10\u201320 PSI, 4.315 Liter pro Stunde<\/li>\n<\/ul>\n","protected":false},"excerpt":{"rendered":"<p>1\/4 &#8222;Loc-line pliers for the easy assembly of loc-line parts<\/p>\n","protected":false},"featured_media":84387,"template":"","meta":[],"pwb-brand":[2173],"product_cat":[1749,1534],"product_tag":[],"class_list":{"0":"post-88389","1":"product","2":"type-product","3":"status-publish","4":"has-post-thumbnail","6":"pwb-brand-loc-line","7":"product_cat-1-4-de","8":"product_cat-verschiedene","10":"first","11":"instock","12":"taxable","13":"shipping-taxable","14":"purchasable","15":"product-type-simple"},"acf":[],"brands":[{"id":2173,"name":"Loc-Line","slug":"loc-line"}],"_links":{"self":[{"href":"https:\/\/www.seaflowerstore.com\/de\/wp-json\/wp\/v2\/product\/88389","targetHints":{"allow":["GET"]}}],"collection":[{"href":"https:\/\/www.seaflowerstore.com\/de\/wp-json\/wp\/v2\/product"}],"about":[{"href":"https:\/\/www.seaflowerstore.com\/de\/wp-json\/wp\/v2\/types\/product"}],"wp:featuredmedia":[{"embeddable":true,"href":"https:\/\/www.seaflowerstore.com\/de\/wp-json\/wp\/v2\/media\/84387"}],"wp:attachment":[{"href":"https:\/\/www.seaflowerstore.com\/de\/wp-json\/wp\/v2\/media?parent=88389"}],"wp:term":[{"taxonomy":"pwb-brand","embeddable":true,"href":"https:\/\/www.seaflowerstore.com\/de\/wp-json\/wp\/v2\/pwb-brand?post=88389"},{"taxonomy":"product_cat","embeddable":true,"href":"https:\/\/www.seaflowerstore.com\/de\/wp-json\/wp\/v2\/product_cat?post=88389"},{"taxonomy":"product_tag","embeddable":true,"href":"https:\/\/www.seaflowerstore.com\/de\/wp-json\/wp\/v2\/product_tag?post=88389"}],"curies":[{"name":"wp","href":"https:\/\/api.w.org\/{rel}","templated":true}]}}