{"id":88393,"date":"2014-03-21T19:34:48","date_gmt":"2014-03-21T18:34:48","guid":{"rendered":"https:\/\/www.seaflowerstore.com\/nl\/loc-line-1-4-round-nozzle-6-mm\/"},"modified":"2024-03-20T16:21:09","modified_gmt":"2024-03-20T15:21:09","slug":"loc-line-1-4-round-nozzle-6-mm","status":"publish","type":"product","link":"https:\/\/www.seaflowerstore.com\/de\/loc-line-1-4-round-nozzle-6-mm\/","title":{"rendered":"Loc-Line 1\/4&#8243; round nozzle 6 MM"},"content":{"rendered":"<h2>Loc-Line 1\/4&#8243; round nozzle 6 MM<\/h2>\n<h3>Loc-Line 1\/4&#8243; Spr\u00fchmundst\u00fcck<\/h3>\n<p><strong>Loc-Line<\/strong> ist ein modulares und flexibles Rohrsystem, das sich durch Qualit\u00e4t, Vielseitigkeit und innovatives Design auszeichnet. Mit Loc-Line k\u00f6nnen Sie den Abfluss der Hebepumpe problemlos auf mehrere Punkte aufteilen und nach Wunsch lenken.<\/p>\n<p><strong>Hauptmerkmale:<\/strong><\/p>\n<ul>\n<li><strong>Modular:<\/strong> Das einzigartige Kugelgelenkdesign erm\u00f6glicht vollst\u00e4ndige manuelle Anpassungen sowohl der Position als auch der L\u00e4nge.<\/li>\n<li><strong>Benutzerfreundlich:<\/strong> Loc-Line l\u00e4sst sich einfach von Hand oder mit Hilfe einer speziellen Zange zusammenbauen oder auseinandernehmen.<\/li>\n<li><strong>Stabil:<\/strong> Es ist vibrationsbest\u00e4ndig und sorgt daf\u00fcr, dass es w\u00e4hrend des Gebrauchs perfekt an Ort und Stelle bleibt.<\/li>\n<li><strong>Vielseitig:<\/strong> Loc-Line bietet eine L\u00f6sung f\u00fcr praktisch jede Anwendung mit einer gro\u00dfen Auswahl an Zubeh\u00f6r, darunter D\u00fcsen, H\u00e4hne und R\u00fcckschlagventile.<\/li>\n<li><strong>Geringer Widerstand:<\/strong> Das System hat einen sehr geringen Innenwiderstand und beh\u00e4lt ein konstantes Volumen bei. Der Innendurchmesser verringert sich beim Biegen nicht und es knickt nicht wie Schl\u00e4uche.<\/li>\n<li><strong>Hohe Qualit\u00e4t:<\/strong> Loc-Line wird aus hochwertigem Acetal-Copolymer hergestellt und ist sehr chemikalienbest\u00e4ndig.<\/li>\n<\/ul>\n<p>Loc-Line ist in drei verschiedenen Durchmessern erh\u00e4ltlich:<\/p>\n<ul>\n<li>1\/4&#8243;-System: 30\u201350 PSI, 950 Liter pro Stunde.<\/li>\n<li>1\/2&#8243;-System: 20\u201330 PSI, 1.810 Liter pro Stunde.<\/li>\n<li>3\/4&#8243;-System: 10\u201320 PSI, 4.315 Liter pro Stunde.<\/li>\n<\/ul>\n","protected":false},"excerpt":{"rendered":"<p>With Loc-Line you can, for example, split the outflow of the lifting pump into several points and direct it as desired.<\/p>\n","protected":false},"featured_media":77798,"template":"","meta":[],"pwb-brand":[2173],"product_cat":[1749,1534],"product_tag":[],"class_list":{"0":"post-88393","1":"product","2":"type-product","3":"status-publish","4":"has-post-thumbnail","6":"pwb-brand-loc-line","7":"product_cat-1-4-de","8":"product_cat-verschiedene","10":"first","11":"instock","12":"taxable","13":"shipping-taxable","14":"purchasable","15":"product-type-simple"},"acf":[],"brands":[{"id":2173,"name":"Loc-Line","slug":"loc-line"}],"_links":{"self":[{"href":"https:\/\/www.seaflowerstore.com\/de\/wp-json\/wp\/v2\/product\/88393","targetHints":{"allow":["GET"]}}],"collection":[{"href":"https:\/\/www.seaflowerstore.com\/de\/wp-json\/wp\/v2\/product"}],"about":[{"href":"https:\/\/www.seaflowerstore.com\/de\/wp-json\/wp\/v2\/types\/product"}],"wp:featuredmedia":[{"embeddable":true,"href":"https:\/\/www.seaflowerstore.com\/de\/wp-json\/wp\/v2\/media\/77798"}],"wp:attachment":[{"href":"https:\/\/www.seaflowerstore.com\/de\/wp-json\/wp\/v2\/media?parent=88393"}],"wp:term":[{"taxonomy":"pwb-brand","embeddable":true,"href":"https:\/\/www.seaflowerstore.com\/de\/wp-json\/wp\/v2\/pwb-brand?post=88393"},{"taxonomy":"product_cat","embeddable":true,"href":"https:\/\/www.seaflowerstore.com\/de\/wp-json\/wp\/v2\/product_cat?post=88393"},{"taxonomy":"product_tag","embeddable":true,"href":"https:\/\/www.seaflowerstore.com\/de\/wp-json\/wp\/v2\/product_tag?post=88393"}],"curies":[{"name":"wp","href":"https:\/\/api.w.org\/{rel}","templated":true}]}}