{"id":88396,"date":"2014-03-08T19:37:43","date_gmt":"2014-03-08T18:37:43","guid":{"rendered":"https:\/\/www.seaflowerstore.com\/nl\/triton-lab-test-icp-oes\/"},"modified":"2024-03-20T16:21:04","modified_gmt":"2024-03-20T15:21:04","slug":"triton-lab-test-icp-oes","status":"publish","type":"product","link":"https:\/\/www.seaflowerstore.com\/de\/triton-lab-test-icp-oes\/","title":{"rendered":"Triton Lab test (ICP-OES)"},"content":{"rendered":"<h2>Triton ICP Test kit (ICP-OES) test the concentration of 30 (macro + trace elements)<\/h2>\n<p>Mit dem Triton ICP-Testkit-Paket k\u00f6nnen Sie Ihr Wasser im Triton-Labor in Deutschland analysieren lassen. Dieser ICP OES-Test misst die Konzentration von 30 essentiellen Makro- und Spurenelementen, darunter:<\/p>\n<ul>\n<li>Na (Natrium)<\/li>\n<li>Mg (Magnesium)<\/li>\n<li>Ca (Kalzium)<\/li>\n<li>K (Kalium)<\/li>\n<li>Sr (Strontium)<\/li>\n<li>B (Bor)<\/li>\n<li>Li (Lithium)<\/li>\n<li>Be (Beryllium)<\/ li>\n<li>Ba (Barium)<\/li>\n<li>Ti (Titan)<\/li>\n<li>V (Vanadium)<\/li>\n<li>Cr (Chrom)<\/li>\n<li>Mn (Mangan)<\/li>\n<li>Fe (Eisen)<\/li>\n<li>Co (Kobalt)<\/li>\n<li>Ni (Nickel)<\/li>\n<li>Cu (Kupfer)<\/li>\n<li>Zn (Zink)<\/li>\n<li>Al (Aluminium)<\/li>\n<li>Si (Silizium)<\/li>\n<li>As (Arsen)<\/li>\n<li>Sb (Antimon)<\/li>\n<li>Sn (Zinn)<\/li>\n<li>Cd (Cadmium)<\/li>\n<li>Se (Selen)<\/li>\n<li>Mo (Molybd\u00e4n)<\/li>\n<li>Hg (Quecksilber)<\/li>\n<li>P (Phosphor)<\/li>\n<li>Pb (Blei)<\/li>\n<li>I (Jod)<\/li>\n<\/ul>\n<h4><strong>In jeder Box finden Sie Folgendes:<\/strong><\/h4>\n<ul>\n<li>1x Bedienungsanleitung<\/li>\n<li>2x Probenflaschen (14 ml)<\/li>\n<li>1x Aufkleber mit ID-Nr.\/Anmeldenummer<\/li>\n<li>1x Triton ID SEC-Karte<\/li>\n<li>1x Adressaufkleber<\/li>\n<\/ul>\n<p>Nach dem Senden Ihrer Proben k\u00f6nnen Sie die Ergebnisse innerhalb von etwa 3 bis 4 Tagen \u00fcber Ihren Login sehen. Bitte beachten Sie, dass die Lieferung ein bis zwei Tage dauern kann, wenn Sie aus den Niederlanden oder Belgien senden.<\/p>\n<h4><strong>Online-Registrierung<\/strong><\/h4>\n<p>Sie k\u00f6nnen sich unter <a href=\"http:\/\/www.triton-lab.de\/en\/register\/\" rel=\"nofollow noopener\" target=\"_blank\">http:\/\/www.triton-lab.de\/en\/register\/<\/a> registrieren, um eine Benutzer-ID zu erhalten. Damit k\u00f6nnen Sie Ihr Aquarium oder mehrere Aquarien registrieren. Jedes Aquarium hat seine eigene Aquarium-ID, die Sie verwenden, um die ID-Nummer\/Anmeldenummer einzutragen und auf die Probenflasche zu kleben.<\/p>\n<p>Um Ihre Probe vorzubereiten, sp\u00fclen Sie die Probenflasche dreimal mit Aquarienwasser aus, f\u00fcllen Sie sie dann vollst\u00e4ndig und verschlie\u00dfen Sie sie. Achten Sie darauf, die Probenflasche zu trocknen und kleben Sie den Aufkleber mit der ID-Nr.\/Anmeldenummer darauf.<\/p>\n<h4><strong>Versand<\/strong><\/h4>\n<p>Bitte stellen Sie sicher, dass Sie die folgenden Artikel zusammen versenden:<\/p>\n<ul>\n<li>Probenflaschen<\/li>\n<li>ID-Nr.\/Anmeldenummer<\/li>\n<li>Triton ID SEC-Karte<\/li>\n<\/ul>\n<p>Vergessen Sie nicht, ein Versandetikett zu kaufen, um Ihre Schachtel nach Deutschland zu schicken.<\/p>\n<p>Sobald die Messungen des Triton ICP-Testkits abgeschlossen sind, erhalten Sie eine E-Mail-Benachrichtigung und k\u00f6nnen sich anmelden, um Ihren Analysebericht zusammen mit etwaigen Empfehlungen zu \u00fcberpr\u00fcfen.<\/p>\n","protected":false},"excerpt":{"rendered":"<p>Triton Lab test (ICP-OES) test the concentration of 30 (macro + trace elements)<\/p>\n","protected":false},"featured_media":89836,"template":"","meta":[],"pwb-brand":[2181],"product_cat":[1452,1400,1392],"product_tag":[],"class_list":{"0":"post-88396","1":"product","2":"type-product","3":"status-publish","4":"has-post-thumbnail","6":"pwb-brand-triton","7":"product_cat-labortest","8":"product_cat-tester","9":"product_cat-triton-de","11":"first","12":"instock","13":"sale","14":"taxable","15":"shipping-taxable","16":"purchasable","17":"product-type-simple"},"acf":[],"brands":[{"id":2181,"name":"Triton","slug":"triton"}],"_links":{"self":[{"href":"https:\/\/www.seaflowerstore.com\/de\/wp-json\/wp\/v2\/product\/88396","targetHints":{"allow":["GET"]}}],"collection":[{"href":"https:\/\/www.seaflowerstore.com\/de\/wp-json\/wp\/v2\/product"}],"about":[{"href":"https:\/\/www.seaflowerstore.com\/de\/wp-json\/wp\/v2\/types\/product"}],"wp:featuredmedia":[{"embeddable":true,"href":"https:\/\/www.seaflowerstore.com\/de\/wp-json\/wp\/v2\/media\/89836"}],"wp:attachment":[{"href":"https:\/\/www.seaflowerstore.com\/de\/wp-json\/wp\/v2\/media?parent=88396"}],"wp:term":[{"taxonomy":"pwb-brand","embeddable":true,"href":"https:\/\/www.seaflowerstore.com\/de\/wp-json\/wp\/v2\/pwb-brand?post=88396"},{"taxonomy":"product_cat","embeddable":true,"href":"https:\/\/www.seaflowerstore.com\/de\/wp-json\/wp\/v2\/product_cat?post=88396"},{"taxonomy":"product_tag","embeddable":true,"href":"https:\/\/www.seaflowerstore.com\/de\/wp-json\/wp\/v2\/product_tag?post=88396"}],"curies":[{"name":"wp","href":"https:\/\/api.w.org\/{rel}","templated":true}]}}