{"id":88398,"date":"2014-02-28T12:42:27","date_gmt":"2014-02-28T11:42:27","guid":{"rendered":"https:\/\/www.seaflowerstore.com\/nl\/pm1-extra-ph-orp-probe-module\/"},"modified":"2024-03-20T16:20:26","modified_gmt":"2024-03-20T15:20:26","slug":"pm1-extra-ph-orp-probe-module","status":"publish","type":"product","link":"https:\/\/www.seaflowerstore.com\/de\/pm1-extra-ph-orp-probe-module\/","title":{"rendered":"PM1 &#8211; extra pH\/ORP Probe Module"},"content":{"rendered":"<h2>PM1 &#8211; extra pH \/ ORP Probe Module (without probes) for the APEX aquarium computer<\/h2>\n<p>Das PM1-Sondenmodul ist eine ausgezeichnete Wahl, wenn Sie <strong>zus\u00e4tzliche pH- oder ORP-Werte<\/strong> in Ihrem Aquarium \u00fcberwachen m\u00f6chten. Dar\u00fcber hinaus verf\u00fcgt es \u00fcber einen <strong>zus\u00e4tzlichen Temperaturanschluss<\/strong> und <strong>sechs I\/O-Schaltereing\u00e4nge<\/strong>, die f\u00fcr Aufgaben wie ATO, Eingabetasten oder andere Anwendungen verwendet werden k\u00f6nnen, die Ihnen in den Sinn kommen.<\/p>\n<p>Dieses Modul ist ideal f\u00fcr alle, die ihr Apex-System mit einem zus\u00e4tzlichen pH- oder ORP-Anschluss erweitern m\u00f6chten.<\/p>\n<p><strong>Anwendungen f\u00fcr die zus\u00e4tzlichen Anschl\u00fcsse<\/strong><\/p>\n<ul>\n<li><strong>Zus\u00e4tzlicher pH-Anschluss<\/strong>: Dieser kann zur \u00dcberwachung eines anderen Tanks oder zur Steuerung des CO2-Magnetventils Ihres Kalziumreaktors verwendet werden.<\/li>\n<li><strong>Zus\u00e4tzliches ORP<\/strong>: Indem Sie ihn f\u00fcr zus\u00e4tzliches ORP verwenden, k\u00f6nnen Sie den Apex-ORP-Wert verwalten, um einen Ozongenerator effektiv zu steuern.<\/li>\n<\/ul>\n<p><strong>Zu den Merkmalen des pH-\/ORP-Moduls geh\u00f6ren:<\/strong><\/p>\n<ul>\n<li>\u00dcberwachen und steuern Sie pH- oder ORP-Wert und Temperatur.<\/li>\n<li>Sechs digitale Eing\u00e4nge f\u00fcr Schwimmerschalter, Wasserleckerkennung, Drucksensoren und mehr.<\/li>\n<li>Umfassende Datenprotokollierungsunterst\u00fctzung im Apex Basic-Modul.<\/li>\n<li>M\u00f6glichkeit, bis zu 240 Aquabus-Module zum Apex-System hinzuzuf\u00fcgen.<\/li>\n<li>Plug-and-Play-Funktionalit\u00e4t; wird bei der Installation automatisch erkannt.<\/li>\n<li>Zwei Aquabus-Anschl\u00fcsse f\u00fcr flexible Erweiterungsoptionen.<\/li>\n<li>LED-Statusanzeige f\u00fcr einfache \u00dcberwachung.<\/li>\n<li>Aktualisierbare Firmware f\u00fcr kontinuierliche Verbesserungen.<\/li>\n<li>Galvanische Trennung gew\u00e4hrleistet genaue und zuverl\u00e4ssige Sondenmessungen.<\/li>\n<li>Enth\u00e4lt ein 1 Meter langes Aquabus-Kabel f\u00fcr Ihre Bequemlichkeit.<\/li>\n<\/ul>\n<p>Weitere Informationen finden Sie bei <a href=\"http:\/\/www.neptunesystems.com\/\" rel=\"nofollow noopener\" target=\"_blank\">Neptune Systems<\/a>.<\/p>\n","protected":false},"excerpt":{"rendered":"<p>The PM1 probe module is just what you need if you want to check extra pH or ORP in your tank.<\/p>\n","protected":false},"featured_media":77745,"template":"","meta":[],"pwb-brand":[2179],"product_cat":[1423,1408],"product_tag":[],"class_list":{"0":"post-88398","1":"product","2":"type-product","3":"status-publish","4":"has-post-thumbnail","6":"pwb-brand-neptune-systems","7":"product_cat-neptune-systems-de","8":"product_cat-computer-de","10":"first","11":"outofstock","12":"taxable","13":"shipping-taxable","14":"purchasable","15":"product-type-simple"},"acf":[],"brands":[{"id":2179,"name":"Neptune Systems","slug":"neptune-systems"}],"_links":{"self":[{"href":"https:\/\/www.seaflowerstore.com\/de\/wp-json\/wp\/v2\/product\/88398","targetHints":{"allow":["GET"]}}],"collection":[{"href":"https:\/\/www.seaflowerstore.com\/de\/wp-json\/wp\/v2\/product"}],"about":[{"href":"https:\/\/www.seaflowerstore.com\/de\/wp-json\/wp\/v2\/types\/product"}],"wp:featuredmedia":[{"embeddable":true,"href":"https:\/\/www.seaflowerstore.com\/de\/wp-json\/wp\/v2\/media\/77745"}],"wp:attachment":[{"href":"https:\/\/www.seaflowerstore.com\/de\/wp-json\/wp\/v2\/media?parent=88398"}],"wp:term":[{"taxonomy":"pwb-brand","embeddable":true,"href":"https:\/\/www.seaflowerstore.com\/de\/wp-json\/wp\/v2\/pwb-brand?post=88398"},{"taxonomy":"product_cat","embeddable":true,"href":"https:\/\/www.seaflowerstore.com\/de\/wp-json\/wp\/v2\/product_cat?post=88398"},{"taxonomy":"product_tag","embeddable":true,"href":"https:\/\/www.seaflowerstore.com\/de\/wp-json\/wp\/v2\/product_tag?post=88398"}],"curies":[{"name":"wp","href":"https:\/\/api.w.org\/{rel}","templated":true}]}}