{"id":88405,"date":"2014-02-28T12:40:58","date_gmt":"2014-02-28T11:40:58","guid":{"rendered":"https:\/\/www.seaflowerstore.com\/nl\/apex-automatic-feeding-system\/"},"modified":"2025-10-02T16:43:22","modified_gmt":"2025-10-02T14:43:22","slug":"apex-automatic-feeding-system","status":"publish","type":"product","link":"https:\/\/www.seaflowerstore.com\/de\/apex-automatic-feeding-system\/","title":{"rendered":"Apex Automatic Feeding System"},"content":{"rendered":"<h2>Apex Automatic Feeding System<\/h2>\n<p>Mit dem <strong>Apex Automatic Feeding System (AFS)<\/strong> k\u00f6nnen Sie F\u00fctterungszeiten f\u00fcr Ihre Fische festlegen und ihnen so oft wie gew\u00fcnscht kleine Mengen Futter \u00fcber den Tag verteilen. Sie haben sogar die Flexibilit\u00e4t, an bestimmten Tagen auf die F\u00fctterung zu verzichten und die Wasserqualit\u00e4t mithilfe des ORP-Werts zu \u00fcberwachen. Sie k\u00f6nnen beispielsweise festlegen, dass Sie nicht f\u00fcttern, wenn der ORP-Wert zu niedrig ist.<\/p>\n<p>Einer der wichtigsten Vorteile des AFS besteht darin, dass es sich um die F\u00fctterung Ihrer Fische k\u00fcmmert, w\u00e4hrend Sie nicht da sind.<\/p>\n<p>Sie k\u00f6nnen Futterpellets, Flocken oder, noch besser, unsere <strong>Crossover Diet<\/strong> verwenden. Das AFS ist f\u00fcr nahezu jede Art von Pellet- oder Flockenfutter ausgelegt, aber die <strong>Crossover Diet<\/strong>-Pellets von Neptune Systems sind die perfekte Wahl. Wir haben eng mit Reed Mariculture, den Herstellern von Reef Nutrition-Futter, zusammengearbeitet, um ein exklusives neues Futter auf Basis ihres TDO Chroma Boost zu entwickeln. Jedes Pellet wird w\u00e4hrend der Produktion mit einem Mikrofilm-Korallenfutter beschichtet. Wenn das AFS diese Pellets ausgibt, verteilt sich das Mikrokorallenfutter bei Kontakt mit Wasser, sodass die Pellets effektiv sinken k\u00f6nnen. Zusammen bieten das AFS und unsere Crossover Diet-Pellets eine umfassende N\u00e4hrstoffl\u00f6sung f\u00fcr Ihr Aquarium.<\/p>\n<p>Ein weiteres gro\u00dfartiges Merkmal ist das Stay-Dry-System, das ein Verklumpen und Zusammenbacken des Futters verhindert. Ein h\u00e4ufiges Problem bei vielen Aquarien-Futterautomaten ist Feuchtigkeit im Futter, die dazu f\u00fchren kann, dass es verklumpt und das System verstopft. Das AFS verf\u00fcgt \u00fcber ein motorisiertes Futterdosierungssystem, das sich bei jeder Dosis ausdehnt und verschiebt. Dar\u00fcber hinaus verf\u00fcgt der Futterbeh\u00e4lter \u00fcber eine eingebaute Dichtung, die Feuchtigkeit abh\u00e4lt, sobald er sich zur\u00fcckzieht.<\/p>\n<h4>Merkmale des automatischen F\u00fctterungssystems \u2013 Apex Automatic Feeding System AFS:<\/h4>\n<ul>\n<li>Dosiert Pellet- oder Flockenfutter in verschiedenen Mengen<\/li>\n<li>Verbindung \u00fcber den Apex AquaBus<\/li>\n<li>Stay-Dry-System verhindert Verklumpen und Verklumpen<\/li>\n<li>Die niedrigste Einstellung dosiert nur wenige Futterpellets<\/li>\n<li>Bietet optimale Ern\u00e4hrung \u2013 kleine Mengen mehrmals am Tag<\/li>\n<li>Stromversorgungen k\u00f6nnen in andere Aktivit\u00e4ten wie das Ausschalten von Pumpen, Absch\u00e4umern usw. integriert werden.<\/li>\n<li>Enth\u00e4lt ein 15 Fu\u00df langes AquaBus-Kabel<\/li>\n<\/ul>\n","protected":false},"excerpt":{"rendered":"<p>Apex Automatic Feeding System is an\u00a0Automatic feeding system for connection to the Apex controller<\/p>\n","protected":false},"featured_media":77782,"template":"","meta":[],"pwb-brand":[2179],"product_cat":[1408,1423],"product_tag":[],"class_list":{"0":"post-88405","1":"product","2":"type-product","3":"status-publish","4":"has-post-thumbnail","6":"pwb-brand-neptune-systems","7":"product_cat-computer-de","8":"product_cat-neptune-systems-de","10":"first","11":"outofstock","12":"taxable","13":"shipping-taxable","14":"purchasable","15":"product-type-simple"},"acf":[],"brands":[{"id":2179,"name":"Neptune Systems","slug":"neptune-systems"}],"_links":{"self":[{"href":"https:\/\/www.seaflowerstore.com\/de\/wp-json\/wp\/v2\/product\/88405","targetHints":{"allow":["GET"]}}],"collection":[{"href":"https:\/\/www.seaflowerstore.com\/de\/wp-json\/wp\/v2\/product"}],"about":[{"href":"https:\/\/www.seaflowerstore.com\/de\/wp-json\/wp\/v2\/types\/product"}],"wp:featuredmedia":[{"embeddable":true,"href":"https:\/\/www.seaflowerstore.com\/de\/wp-json\/wp\/v2\/media\/77782"}],"wp:attachment":[{"href":"https:\/\/www.seaflowerstore.com\/de\/wp-json\/wp\/v2\/media?parent=88405"}],"wp:term":[{"taxonomy":"pwb-brand","embeddable":true,"href":"https:\/\/www.seaflowerstore.com\/de\/wp-json\/wp\/v2\/pwb-brand?post=88405"},{"taxonomy":"product_cat","embeddable":true,"href":"https:\/\/www.seaflowerstore.com\/de\/wp-json\/wp\/v2\/product_cat?post=88405"},{"taxonomy":"product_tag","embeddable":true,"href":"https:\/\/www.seaflowerstore.com\/de\/wp-json\/wp\/v2\/product_tag?post=88405"}],"curies":[{"name":"wp","href":"https:\/\/api.w.org\/{rel}","templated":true}]}}