{"id":88406,"date":"2014-02-28T12:40:55","date_gmt":"2014-02-28T11:40:55","guid":{"rendered":"https:\/\/www.seaflowerstore.com\/nl\/advanced-led-dimming-cable-for-vdm\/"},"modified":"2025-10-02T16:43:22","modified_gmt":"2025-10-02T14:43:22","slug":"advanced-led-dimming-cable-for-vdm","status":"publish","type":"product","link":"https:\/\/www.seaflowerstore.com\/de\/advanced-led-dimming-cable-for-vdm\/","title":{"rendered":"Advanced LED Dimming Cable for VDM"},"content":{"rendered":"<h2>Advanced LED Dimming Cable for VDM<\/h2>\n<p><strong>Erweitertes LED-Dimmkabel f\u00fcr VDM<\/strong><\/p>\n<p>Mit diesem Kabel und dem erweiterten LED-Dimmmodul &#8211; VDM erhalten Sie die vollst\u00e4ndige Kontrolle \u00fcber Ihr AI Sol und k\u00f6nnen die LED-Beleuchtung von Acan Lighting unterst\u00fctzen.<\/p>\n<p>&nbsp;<\/p>\n<p>Weitere Informationen finden Sie unter <a href=\"http:\/\/www.neptunesystems.com\/\" rel=\"nofollow noopener\" target=\"_blank\">http:\/\/www.neptunesystems.com\/<\/a>.<\/p>\n<p>Die voraussichtliche Lieferzeit betr\u00e4gt ca. 1 Woche.<\/p>\n","protected":false},"excerpt":{"rendered":"<p>.<\/p>\n","protected":false},"featured_media":77781,"template":"","meta":[],"pwb-brand":[2179],"product_cat":[1408,1423],"product_tag":[],"class_list":{"0":"post-88406","1":"product","2":"type-product","3":"status-publish","4":"has-post-thumbnail","6":"pwb-brand-neptune-systems","7":"product_cat-computer-de","8":"product_cat-neptune-systems-de","10":"first","11":"instock","12":"taxable","13":"shipping-taxable","14":"purchasable","15":"product-type-simple"},"acf":[],"brands":[{"id":2179,"name":"Neptune Systems","slug":"neptune-systems"}],"_links":{"self":[{"href":"https:\/\/www.seaflowerstore.com\/de\/wp-json\/wp\/v2\/product\/88406","targetHints":{"allow":["GET"]}}],"collection":[{"href":"https:\/\/www.seaflowerstore.com\/de\/wp-json\/wp\/v2\/product"}],"about":[{"href":"https:\/\/www.seaflowerstore.com\/de\/wp-json\/wp\/v2\/types\/product"}],"wp:featuredmedia":[{"embeddable":true,"href":"https:\/\/www.seaflowerstore.com\/de\/wp-json\/wp\/v2\/media\/77781"}],"wp:attachment":[{"href":"https:\/\/www.seaflowerstore.com\/de\/wp-json\/wp\/v2\/media?parent=88406"}],"wp:term":[{"taxonomy":"pwb-brand","embeddable":true,"href":"https:\/\/www.seaflowerstore.com\/de\/wp-json\/wp\/v2\/pwb-brand?post=88406"},{"taxonomy":"product_cat","embeddable":true,"href":"https:\/\/www.seaflowerstore.com\/de\/wp-json\/wp\/v2\/product_cat?post=88406"},{"taxonomy":"product_tag","embeddable":true,"href":"https:\/\/www.seaflowerstore.com\/de\/wp-json\/wp\/v2\/product_tag?post=88406"}],"curies":[{"name":"wp","href":"https:\/\/api.w.org\/{rel}","templated":true}]}}