{"id":88409,"date":"2014-02-28T12:40:40","date_gmt":"2014-02-28T11:40:40","guid":{"rendered":"https:\/\/www.seaflowerstore.com\/nl\/i-o-breakout-box\/"},"modified":"2024-03-20T16:20:49","modified_gmt":"2024-03-20T15:20:49","slug":"i-o-breakout-box","status":"publish","type":"product","link":"https:\/\/www.seaflowerstore.com\/de\/i-o-breakout-box\/","title":{"rendered":"I\/O Breakout Box"},"content":{"rendered":"<h2> Neptune System I \/ O Breakout Box to connect external switches to the APEX system <\/h2>\n<p> Schlie\u00dfen Sie externe Schalter und E\/A-Eing\u00e4nge an Ihr Apex-System an. Wenn Sie eine Verbindung zum E\/A-Port Ihrer Apex-Basiseinheit oder Ihres PMX-Moduls herstellen, bietet die Breakout-Box eine bequeme M\u00f6glichkeit, bis zu sechs externe Schaltereing\u00e4nge anzuschlie\u00dfen. <\/p>\n<p> Hier sind einige Beispiele f\u00fcr Ger\u00e4te, die Sie anschlie\u00dfen k\u00f6nnen: <\/p>\n<ul>\n<li> Schwimmerschalter f\u00fcr ATO (Auto Top-Off) oder im Absch\u00e4umerbecher <\/li>\n<li> Drucktasten f\u00fcr Sonderfunktionen wie Zufuhr oder Reinigung <\/li>\n<li> Leckdetektoren <\/li>\n<li> Magnetschalter an Schr\u00e4nken, um beispielsweise das Licht im Sumpf einzuschalten <\/li>\n<\/ul>\n<p> Weitere Informationen finden Sie bei <a href=\"http:\/\/www.neptunesystems.com\/\" rel=\"nofollow noopener\" target=\"_blank\">Neptune Systems<\/a>.<\/p>\n","protected":false},"excerpt":{"rendered":"<p>Connect external switches and I \/ O inputs on your Apex<\/p>\n","protected":false},"featured_media":77775,"template":"","meta":[],"pwb-brand":[2179],"product_cat":[1408,1423],"product_tag":[],"class_list":{"0":"post-88409","1":"product","2":"type-product","3":"status-publish","4":"has-post-thumbnail","6":"pwb-brand-neptune-systems","7":"product_cat-computer-de","8":"product_cat-neptune-systems-de","10":"first","11":"instock","12":"taxable","13":"shipping-taxable","14":"purchasable","15":"product-type-simple"},"acf":[],"brands":[{"id":2179,"name":"Neptune Systems","slug":"neptune-systems"}],"_links":{"self":[{"href":"https:\/\/www.seaflowerstore.com\/de\/wp-json\/wp\/v2\/product\/88409","targetHints":{"allow":["GET"]}}],"collection":[{"href":"https:\/\/www.seaflowerstore.com\/de\/wp-json\/wp\/v2\/product"}],"about":[{"href":"https:\/\/www.seaflowerstore.com\/de\/wp-json\/wp\/v2\/types\/product"}],"wp:featuredmedia":[{"embeddable":true,"href":"https:\/\/www.seaflowerstore.com\/de\/wp-json\/wp\/v2\/media\/77775"}],"wp:attachment":[{"href":"https:\/\/www.seaflowerstore.com\/de\/wp-json\/wp\/v2\/media?parent=88409"}],"wp:term":[{"taxonomy":"pwb-brand","embeddable":true,"href":"https:\/\/www.seaflowerstore.com\/de\/wp-json\/wp\/v2\/pwb-brand?post=88409"},{"taxonomy":"product_cat","embeddable":true,"href":"https:\/\/www.seaflowerstore.com\/de\/wp-json\/wp\/v2\/product_cat?post=88409"},{"taxonomy":"product_tag","embeddable":true,"href":"https:\/\/www.seaflowerstore.com\/de\/wp-json\/wp\/v2\/product_tag?post=88409"}],"curies":[{"name":"wp","href":"https:\/\/api.w.org\/{rel}","templated":true}]}}