{"id":88410,"date":"2014-02-28T12:40:37","date_gmt":"2014-02-28T11:40:37","guid":{"rendered":"https:\/\/www.seaflowerstore.com\/nl\/abus15ext-457-cm-aquabus-extension-cable-m-f\/"},"modified":"2024-03-20T16:20:47","modified_gmt":"2024-03-20T15:20:47","slug":"abus15ext-457-cm-aquabus-extension-cable-m-f","status":"publish","type":"product","link":"https:\/\/www.seaflowerstore.com\/de\/abus15ext-457-cm-aquabus-extension-cable-m-f\/","title":{"rendered":"ABUS15EXT: 457 cm AquaBus Extension Cable (M\/F)"},"content":{"rendered":"<h2> ABUS15EXT: 457 cm AquaBus Extension Cable (M \/ F) <\/h2>\n<p><span style=\"font-size: small\">Dieses Kabel ist zur Verl\u00e4ngerung Ihrer AquaBus-Kabel konzipiert und bietet Flexibilit\u00e4t f\u00fcr Ihr Setup.<\/span><\/p>\n<p><span style=\"font-size: small\">Apex ist ein modulares System, mit dem Sie eine Vielzahl von Modulen anschlie\u00dfen k\u00f6nnen, um Ihr Erlebnis zu verbessern.<\/span><\/p>\n<p><span style=\"font-size: small\"><strong>HINWEIS:<\/strong> Obwohl dieses Kabel einem USB-Kabel \u00e4hnelt, denken Sie bitte daran, dass das System keine USB-Schnittstelle unterst\u00fctzt. Sie sollten dieses Kabel NIEMALS mit einem Computer oder einem anderen USB-Ger\u00e4t verwenden, da es Ihrem Apex oder angeschlossenen Ger\u00e4ten erheblichen Schaden zuf\u00fcgen kann.<\/span><\/p>\n<p>&nbsp;<\/p>\n<p><span style=\"font-size: small\">Weitere Informationen finden Sie unter <a href=\"http:\/\/www.neptunesystems.com\/\" rel=\"nofollow noopener\" target=\"_blank\">http:\/\/www.neptunesystems.com\/<\/a>.<\/span><\/p>\n","protected":false},"excerpt":{"rendered":"<p>Extension cable of 457 cm for the Aquabus<\/p>\n","protected":false},"featured_media":77773,"template":"","meta":[],"pwb-brand":[2179],"product_cat":[1423,1408],"product_tag":[],"class_list":{"0":"post-88410","1":"product","2":"type-product","3":"status-publish","4":"has-post-thumbnail","6":"pwb-brand-neptune-systems","7":"product_cat-neptune-systems-de","8":"product_cat-computer-de","10":"first","11":"instock","12":"taxable","13":"shipping-taxable","14":"purchasable","15":"product-type-simple"},"acf":[],"brands":[{"id":2179,"name":"Neptune Systems","slug":"neptune-systems"}],"_links":{"self":[{"href":"https:\/\/www.seaflowerstore.com\/de\/wp-json\/wp\/v2\/product\/88410","targetHints":{"allow":["GET"]}}],"collection":[{"href":"https:\/\/www.seaflowerstore.com\/de\/wp-json\/wp\/v2\/product"}],"about":[{"href":"https:\/\/www.seaflowerstore.com\/de\/wp-json\/wp\/v2\/types\/product"}],"wp:featuredmedia":[{"embeddable":true,"href":"https:\/\/www.seaflowerstore.com\/de\/wp-json\/wp\/v2\/media\/77773"}],"wp:attachment":[{"href":"https:\/\/www.seaflowerstore.com\/de\/wp-json\/wp\/v2\/media?parent=88410"}],"wp:term":[{"taxonomy":"pwb-brand","embeddable":true,"href":"https:\/\/www.seaflowerstore.com\/de\/wp-json\/wp\/v2\/pwb-brand?post=88410"},{"taxonomy":"product_cat","embeddable":true,"href":"https:\/\/www.seaflowerstore.com\/de\/wp-json\/wp\/v2\/product_cat?post=88410"},{"taxonomy":"product_tag","embeddable":true,"href":"https:\/\/www.seaflowerstore.com\/de\/wp-json\/wp\/v2\/product_tag?post=88410"}],"curies":[{"name":"wp","href":"https:\/\/api.w.org\/{rel}","templated":true}]}}