{"id":88411,"date":"2014-02-28T12:40:34","date_gmt":"2014-02-28T11:40:34","guid":{"rendered":"https:\/\/www.seaflowerstore.com\/nl\/abus15-457cm-aquabus-cable-m-m\/"},"modified":"2024-03-20T16:20:45","modified_gmt":"2024-03-20T15:20:45","slug":"abus15-457cm-aquabus-cable-m-m","status":"publish","type":"product","link":"https:\/\/www.seaflowerstore.com\/de\/abus15-457cm-aquabus-cable-m-m\/","title":{"rendered":"ABUS15: 457cm AquaBus Cable (M\/M)"},"content":{"rendered":"<h2>ABUS15: 457cm AquaBus Cable (M \/ M) data cable for connection between Apex modules<\/h2>\n<p>Verwenden Sie dieses Kabel, um verschiedene Apex-Module \u00fcber gro\u00dfe Entfernungen zu verbinden.<\/p>\n<p>Apex ist ein modulares System, mit dem Sie mehrere Module nahtlos miteinander verbinden k\u00f6nnen.<\/p>\n<p><strong>WICHTIG:<\/strong> Dieses Kabel \u00e4hnelt einem USB-Kabel, aber beachten Sie bitte, dass das System keine USB-Schnittstelle unterst\u00fctzt. Verwenden Sie dieses Kabel NIEMALS mit einem Computer oder anderen USB-Ger\u00e4ten, da es Ihrem Apex oder dem angeschlossenen Ger\u00e4t erheblichen Schaden zuf\u00fcgen kann.<\/p>\n<p>Weitere Informationen finden Sie unter <a href=\"http:\/\/www.neptunesystems.com\/\" rel=\"nofollow noopener\" target=\"_blank\">Neptune Systems<\/a>.<\/p>\n","protected":false},"excerpt":{"rendered":"<p>4.5m long data cable for connection between Apex modules<\/p>\n","protected":false},"featured_media":77771,"template":"","meta":[],"pwb-brand":[2179],"product_cat":[1423,1408],"product_tag":[],"class_list":{"0":"post-88411","1":"product","2":"type-product","3":"status-publish","4":"has-post-thumbnail","6":"pwb-brand-neptune-systems","7":"product_cat-neptune-systems-de","8":"product_cat-computer-de","10":"first","11":"instock","12":"taxable","13":"shipping-taxable","14":"purchasable","15":"product-type-simple"},"acf":[],"brands":[{"id":2179,"name":"Neptune Systems","slug":"neptune-systems"}],"_links":{"self":[{"href":"https:\/\/www.seaflowerstore.com\/de\/wp-json\/wp\/v2\/product\/88411","targetHints":{"allow":["GET"]}}],"collection":[{"href":"https:\/\/www.seaflowerstore.com\/de\/wp-json\/wp\/v2\/product"}],"about":[{"href":"https:\/\/www.seaflowerstore.com\/de\/wp-json\/wp\/v2\/types\/product"}],"wp:featuredmedia":[{"embeddable":true,"href":"https:\/\/www.seaflowerstore.com\/de\/wp-json\/wp\/v2\/media\/77771"}],"wp:attachment":[{"href":"https:\/\/www.seaflowerstore.com\/de\/wp-json\/wp\/v2\/media?parent=88411"}],"wp:term":[{"taxonomy":"pwb-brand","embeddable":true,"href":"https:\/\/www.seaflowerstore.com\/de\/wp-json\/wp\/v2\/pwb-brand?post=88411"},{"taxonomy":"product_cat","embeddable":true,"href":"https:\/\/www.seaflowerstore.com\/de\/wp-json\/wp\/v2\/product_cat?post=88411"},{"taxonomy":"product_tag","embeddable":true,"href":"https:\/\/www.seaflowerstore.com\/de\/wp-json\/wp\/v2\/product_tag?post=88411"}],"curies":[{"name":"wp","href":"https:\/\/api.w.org\/{rel}","templated":true}]}}