{"id":88412,"date":"2014-02-28T12:40:32","date_gmt":"2014-02-28T11:40:32","guid":{"rendered":"https:\/\/www.seaflowerstore.com\/nl\/abus6-183-cm-aquabus-cable-m-m\/"},"modified":"2024-03-20T16:20:44","modified_gmt":"2024-03-20T15:20:44","slug":"abus6-183-cm-aquabus-cable-m-m","status":"publish","type":"product","link":"https:\/\/www.seaflowerstore.com\/de\/abus6-183-cm-aquabus-cable-m-m\/","title":{"rendered":"ABUS6: 183 cm AquaBus Cable (M\/M)"},"content":{"rendered":"<h2>ABUS6: 183 cm AquaBus Cable (M\/M)<\/h2>\n<p><strong>ABUS15: 183 cm AquaBus-Kabel (M\/M)<\/strong><\/p>\n<p>Dieses Kabel eignet sich perfekt zum Verbinden verschiedener Apex-Module \u00fcber lange Distanzen.<\/p>\n<p>Apex ist ein modulares System, mit dem Sie mehrere Module m\u00fchelos miteinander verbinden k\u00f6nnen.<\/p>\n<p><strong>WICHTIG:<\/strong> Dieses Kabel \u00e4hnelt einem USB-Kabel, aber beachten Sie bitte, dass das System keine USB-Schnittstelle hat. Sie d\u00fcrfen dieses Kabel NIEMALS mit einem Computer oder einem anderen USB-Ger\u00e4t verwenden, da dies m\u00f6glicherweise ernsthafte Sch\u00e4den an Ihrem Apex oder dem angeschlossenen Ger\u00e4t verursachen k\u00f6nnte.<\/p>\n<p>Weitere Informationen finden Sie unter <a href=\"http:\/\/www.neptunesystems.com\/\" rel=\"nofollow noopener\" target=\"_blank\">Neptune Systems<\/a>.<\/p>\n","protected":false},"excerpt":{"rendered":"<p>Gebruik deze kabel om de verschillende Apex modules met elkaar te verbinden over een 183cm afstand<\/p>\n","protected":false},"featured_media":77769,"template":"","meta":[],"pwb-brand":[2179],"product_cat":[1408,1423],"product_tag":[],"class_list":{"0":"post-88412","1":"product","2":"type-product","3":"status-publish","4":"has-post-thumbnail","6":"pwb-brand-neptune-systems","7":"product_cat-computer-de","8":"product_cat-neptune-systems-de","10":"first","11":"instock","12":"taxable","13":"shipping-taxable","14":"purchasable","15":"product-type-simple"},"acf":[],"brands":[{"id":2179,"name":"Neptune Systems","slug":"neptune-systems"}],"_links":{"self":[{"href":"https:\/\/www.seaflowerstore.com\/de\/wp-json\/wp\/v2\/product\/88412","targetHints":{"allow":["GET"]}}],"collection":[{"href":"https:\/\/www.seaflowerstore.com\/de\/wp-json\/wp\/v2\/product"}],"about":[{"href":"https:\/\/www.seaflowerstore.com\/de\/wp-json\/wp\/v2\/types\/product"}],"wp:featuredmedia":[{"embeddable":true,"href":"https:\/\/www.seaflowerstore.com\/de\/wp-json\/wp\/v2\/media\/77769"}],"wp:attachment":[{"href":"https:\/\/www.seaflowerstore.com\/de\/wp-json\/wp\/v2\/media?parent=88412"}],"wp:term":[{"taxonomy":"pwb-brand","embeddable":true,"href":"https:\/\/www.seaflowerstore.com\/de\/wp-json\/wp\/v2\/pwb-brand?post=88412"},{"taxonomy":"product_cat","embeddable":true,"href":"https:\/\/www.seaflowerstore.com\/de\/wp-json\/wp\/v2\/product_cat?post=88412"},{"taxonomy":"product_tag","embeddable":true,"href":"https:\/\/www.seaflowerstore.com\/de\/wp-json\/wp\/v2\/product_tag?post=88412"}],"curies":[{"name":"wp","href":"https:\/\/api.w.org\/{rel}","templated":true}]}}