{"id":88413,"date":"2014-02-28T12:40:29","date_gmt":"2014-02-28T11:40:29","guid":{"rendered":"https:\/\/www.seaflowerstore.com\/nl\/abus1-30-cm-aquabus-cable-m-m\/"},"modified":"2025-11-19T11:24:26","modified_gmt":"2025-11-19T10:24:26","slug":"abus1-30-cm-aquabus-cable-m-m","status":"publish","type":"product","link":"https:\/\/www.seaflowerstore.com\/de\/abus1-30-cm-aquabus-cable-m-m\/","title":{"rendered":"ABUS1: 30 cm AquaBus Cable (M\/M)"},"content":{"rendered":"<h2> ABUS1: 30 cm AquaBus Cable (M \/ M) <\/h2>\n<p><span style=\"font-size: small\">Dieses Kabel ist f\u00fcr den Anschluss verschiedener Apex-Module \u00fcber gr\u00f6\u00dfere Entfernungen konzipiert.<\/span><\/p>\n<p><span style=\"font-size: small\">Apex funktioniert als modulares System, sodass Sie mehrere Module nahtlos miteinander verbinden k\u00f6nnen.<\/span><\/p>\n<p><span style=\"font-size: small\"><strong>WICHTIG:<\/strong> Obwohl dieses Kabel einem USB-Kabel \u00e4hnelt, denken Sie bitte daran, dass das System keine USB-Schnittstelle unterst\u00fctzt. Sie sollten dieses Kabel niemals mit einem Computer oder anderen USB-Ger\u00e4ten verwenden, da es sowohl Ihr Apex-System als auch das Ger\u00e4t, an das Sie es anschlie\u00dfen, ernsthaft besch\u00e4digen kann.<\/span><\/p>\n<p><span style=\"font-size: small\">Weitere Informationen finden Sie unter <a href=\"http:\/\/www.neptunesystems.com\/\" rel=\"nofollow noopener\" target=\"_blank\">http:\/\/www.neptunesystems.com\/<\/a>.<\/span><\/p>\n","protected":false},"excerpt":{"rendered":"<p>Use this cable to connect the different Apex modules over a large distance.<\/p>\n","protected":false},"featured_media":77767,"template":"","meta":[],"pwb-brand":[2179],"product_cat":[1423,1408],"product_tag":[],"class_list":{"0":"post-88413","1":"product","2":"type-product","3":"status-publish","4":"has-post-thumbnail","6":"pwb-brand-neptune-systems","7":"product_cat-neptune-systems-de","8":"product_cat-computer-de","10":"first","11":"instock","12":"taxable","13":"shipping-taxable","14":"purchasable","15":"product-type-simple"},"acf":[],"brands":[{"id":2179,"name":"Neptune Systems","slug":"neptune-systems"}],"_links":{"self":[{"href":"https:\/\/www.seaflowerstore.com\/de\/wp-json\/wp\/v2\/product\/88413","targetHints":{"allow":["GET"]}}],"collection":[{"href":"https:\/\/www.seaflowerstore.com\/de\/wp-json\/wp\/v2\/product"}],"about":[{"href":"https:\/\/www.seaflowerstore.com\/de\/wp-json\/wp\/v2\/types\/product"}],"wp:featuredmedia":[{"embeddable":true,"href":"https:\/\/www.seaflowerstore.com\/de\/wp-json\/wp\/v2\/media\/77767"}],"wp:attachment":[{"href":"https:\/\/www.seaflowerstore.com\/de\/wp-json\/wp\/v2\/media?parent=88413"}],"wp:term":[{"taxonomy":"pwb-brand","embeddable":true,"href":"https:\/\/www.seaflowerstore.com\/de\/wp-json\/wp\/v2\/pwb-brand?post=88413"},{"taxonomy":"product_cat","embeddable":true,"href":"https:\/\/www.seaflowerstore.com\/de\/wp-json\/wp\/v2\/product_cat?post=88413"},{"taxonomy":"product_tag","embeddable":true,"href":"https:\/\/www.seaflowerstore.com\/de\/wp-json\/wp\/v2\/product_tag?post=88413"}],"curies":[{"name":"wp","href":"https:\/\/api.w.org\/{rel}","templated":true}]}}