{"id":88416,"date":"2014-02-28T12:40:21","date_gmt":"2014-02-28T11:40:21","guid":{"rendered":"https:\/\/www.seaflowerstore.com\/nl\/lsm-lunar-simulator-module\/"},"modified":"2024-03-20T16:20:37","modified_gmt":"2024-03-20T15:20:37","slug":"lsm-lunar-simulator-module","status":"publish","type":"product","link":"https:\/\/www.seaflowerstore.com\/de\/lsm-lunar-simulator-module\/","title":{"rendered":"LSM: Lunar Simulator Module"},"content":{"rendered":"<h2>LSM: Lunar Simulator Module<\/h2>\n<p><strong>Funktionen des Mondsimulatormoduls:<\/strong><\/p>\n<ul>\n<li>Hochintensive LEDs mit Weitwinkelobjektiven (\u00fcber 100 Grad) f\u00fcr die bestm\u00f6gliche Abdeckung.<\/li>\n<li>Der AquaController dimmt die LEDs synchron zum tats\u00e4chlichen Mondzyklus.<\/li>\n<li>Erh\u00e4ltlich mit 3 oder 5 LEDs (separat erh\u00e4ltlich).<\/li>\n<li>Firmware-Updates sind im Lieferumfang enthalten.<\/li>\n<li>Wird mit einem 1 Meter langen AquaBus-Kabel geliefert.<\/li>\n<\/ul>\n<p>Weitere Informationen finden Sie unter <a href=\"http:\/\/www.neptunesystems.com\/\" rel=\"nofollow noopener\" target=\"_blank\">http:\/\/www.neptunesystems.com\/<\/a>.<\/p>\n","protected":false},"excerpt":{"rendered":"<p>Maan-ledjes worden niet meegeleverd<\/p>\n","protected":false},"featured_media":77761,"template":"","meta":[],"pwb-brand":[2179],"product_cat":[1408,1423],"product_tag":[],"class_list":{"0":"post-88416","1":"product","2":"type-product","3":"status-publish","4":"has-post-thumbnail","6":"pwb-brand-neptune-systems","7":"product_cat-computer-de","8":"product_cat-neptune-systems-de","10":"first","11":"instock","12":"taxable","13":"shipping-taxable","14":"purchasable","15":"product-type-simple"},"acf":[],"brands":[{"id":2179,"name":"Neptune Systems","slug":"neptune-systems"}],"_links":{"self":[{"href":"https:\/\/www.seaflowerstore.com\/de\/wp-json\/wp\/v2\/product\/88416","targetHints":{"allow":["GET"]}}],"collection":[{"href":"https:\/\/www.seaflowerstore.com\/de\/wp-json\/wp\/v2\/product"}],"about":[{"href":"https:\/\/www.seaflowerstore.com\/de\/wp-json\/wp\/v2\/types\/product"}],"wp:featuredmedia":[{"embeddable":true,"href":"https:\/\/www.seaflowerstore.com\/de\/wp-json\/wp\/v2\/media\/77761"}],"wp:attachment":[{"href":"https:\/\/www.seaflowerstore.com\/de\/wp-json\/wp\/v2\/media?parent=88416"}],"wp:term":[{"taxonomy":"pwb-brand","embeddable":true,"href":"https:\/\/www.seaflowerstore.com\/de\/wp-json\/wp\/v2\/pwb-brand?post=88416"},{"taxonomy":"product_cat","embeddable":true,"href":"https:\/\/www.seaflowerstore.com\/de\/wp-json\/wp\/v2\/product_cat?post=88416"},{"taxonomy":"product_tag","embeddable":true,"href":"https:\/\/www.seaflowerstore.com\/de\/wp-json\/wp\/v2\/product_tag?post=88416"}],"curies":[{"name":"wp","href":"https:\/\/api.w.org\/{rel}","templated":true}]}}