{"id":88417,"date":"2014-02-28T12:40:19","date_gmt":"2014-02-28T11:40:19","guid":{"rendered":"https:\/\/www.seaflowerstore.com\/nl\/vdm-variable-speed-dimming-module\/"},"modified":"2024-03-20T16:20:36","modified_gmt":"2024-03-20T15:20:36","slug":"vdm-variable-speed-dimming-module","status":"publish","type":"product","link":"https:\/\/www.seaflowerstore.com\/de\/vdm-variable-speed-dimming-module\/","title":{"rendered":"VDM: Variable Speed \/Dimming Module"},"content":{"rendered":"<h2>VDM: Variable Speed \/ Dimming Module <span><strong>Four channels of 0-10V pump control<\/strong><\/span> <\/h2>\n<p><strong>Vier Kan\u00e4le zur 0-10-V-Pumpensteuerung<\/strong><\/p>\n<p>Schlie\u00dfen Sie einfach den 0-10-V-Stecker Ihrer Apex Ready-Pumpe an einen der beiden verf\u00fcgbaren Anschl\u00fcsse am VDM-Modul an, und Sie erhalten die Kontrolle \u00fcber Ihre Pumpen. Das VDM bietet vier Kan\u00e4le \u00fcber zwei Anschl\u00fcsse, sodass Sie bis zu vier Pumpen mit ihren eigenen, einzigartigen Steuerprofilen konfigurieren k\u00f6nnen.<\/p>\n<p>Wenn Sie mehr als vier Pumpen steuern m\u00f6chten, k\u00f6nnen Sie problemlos zus\u00e4tzliche Module anschlie\u00dfen.<\/p>\n<p><strong>Funktionen des VDM mit variabler Geschwindigkeitsregelung:<\/strong><\/p>\n<ul>\n<li>Volle Kontrolle \u00fcber Apex Ready-Pumpen, die 0-10\u00a0V verwenden.<\/li>\n<li>F\u00fcgt dem Apex-System vier unabh\u00e4ngige 0-10-V-Ports mit variabler Geschwindigkeit hinzu.<\/li>\n<li>Enth\u00e4lt ein 1\u00a0m langes AquaBus-Kabel.<\/li>\n<li>Vollst\u00e4ndig aktualisierbar mit zuk\u00fcnftigen Firmware-Updates.<\/li>\n<li>LED-Statusanzeige.<\/li>\n<li><strong>HINWEIS:<\/strong> Das VDM wird ohne Schnittstellenkabel f\u00fcr Ihre Pumpen geliefert.<\/li>\n<\/ul>\n<p><strong>LED-Dimmen war noch nie so einfach<\/strong><\/p>\n<p>Mit diesem Modul k\u00f6nnen Sie verschiedene Marken von LED-Beleuchtung. Sie k\u00f6nnen die unkomplizierte 0-10-V-Schnittstelle verwenden oder sich f\u00fcr eine erweiterte Steuerung \u00fcber einen seriellen Anschluss entscheiden, wie beispielsweise bei Aqua Illuminations Sol, Acan und Kessil Lighting.<\/p>\n<p><strong>Vier Kan\u00e4le f\u00fcr 0-10-V-LED-Dimmen<\/strong><\/p>\n<p>Schlie\u00dfen Sie einfach den standardm\u00e4\u00dfigen Apex Ready 0-10-V-Stecker Ihrer Leuchte an einen der beiden Anschl\u00fcsse am VDM-Modul an. Wenn Sie eine nicht unterst\u00fctzte LED-Leuchte haben, k\u00f6nnen Sie sie \u00fcber das LED-Dimmkabel anschlie\u00dfen. Jedes Kabel\/jeder Anschluss unterst\u00fctzt zwei Kan\u00e4le f\u00fcr die 0-10-V-Eing\u00e4nge der LED-Treiber.<\/p>\n<p><strong>Erweiterte Dimmoptionen mit Apex Ready + LED-Leuchten<\/strong><\/p>\n<p>Wenn Sie eine Apex Ready-Leuchte wie die Aqua Illuminations Sol oder die Acan-Leuchte verwenden, erhalten Sie \u00fcber das erweiterte LED-Kabel, das Ihre LED-Ger\u00e4te und das VDM verbindet, Zugriff auf zus\u00e4tzliche Funktionen, die der Hersteller bereitstellt. Mit diesem Setup k\u00f6nnen Sie Ihren Apex so konfigurieren, dass Sie mit Ihrer Beleuchtung aufregende Effekte wie Gewitter, Blitze, Wolken oder erweiterte Farbprofile erzeugen.<\/p>\n<p><strong>Funktionen des LED-Dimmmoduls \u2013 VDM:<\/strong><\/p>\n<ul>\n<li>Vollst\u00e4ndige Steuerung von Apex Ready + LEDs \u00fcber eine serielle Schnittstelle.<\/li>\n<li>Simulieren Sie Sonnenaufgang\/Sonnenuntergang, Mondzyklen, Wolken und Blitze mit Apex Ready +-Leuchten.<\/li>\n<li>F\u00fcgt vier unabh\u00e4ngige 0-10-V-Ports mit variabler Geschwindigkeit hinzu.<\/li>\n<li>Enth\u00e4lt ein 1 Meter langes AquaBus-Kabel.<\/li>\n<li>Vollst\u00e4ndig aufr\u00fcstbar mit zuk\u00fcnftigen Firmware-Updates.<\/li>\n<li>LED-Statusanzeige.<\/li>\n<li>Kompatibel mit allen Apex-Systemen.<\/li>\n<li><strong>HINWEIS:<\/strong> Das VDM wird ohne Schnittstellenkabel f\u00fcr Ihre Beleuchtung geliefert.<\/li>\n<\/ul>\n<p>Weitere Informationen finden Sie unter <a href=\"http:\/\/www.neptunesystems.com\/\" rel=\"nofollow noopener\" target=\"_blank\">http:\/\/www.neptunesystems.com\/<\/a><\/p>\n<p>Die voraussichtliche Lieferzeit betr\u00e4gt etwa eine Woche.<\/p>\n","protected":false},"excerpt":{"rendered":"<p>VDM: Variable Speed \/ Dimming Module Four channels of 0-10V pump control<\/p>\n","protected":false},"featured_media":77759,"template":"","meta":[],"pwb-brand":[2179],"product_cat":[1408,1423],"product_tag":[],"class_list":{"0":"post-88417","1":"product","2":"type-product","3":"status-publish","4":"has-post-thumbnail","6":"pwb-brand-neptune-systems","7":"product_cat-computer-de","8":"product_cat-neptune-systems-de","10":"first","11":"outofstock","12":"taxable","13":"shipping-taxable","14":"purchasable","15":"product-type-simple"},"acf":[],"brands":[{"id":2179,"name":"Neptune Systems","slug":"neptune-systems"}],"_links":{"self":[{"href":"https:\/\/www.seaflowerstore.com\/de\/wp-json\/wp\/v2\/product\/88417","targetHints":{"allow":["GET"]}}],"collection":[{"href":"https:\/\/www.seaflowerstore.com\/de\/wp-json\/wp\/v2\/product"}],"about":[{"href":"https:\/\/www.seaflowerstore.com\/de\/wp-json\/wp\/v2\/types\/product"}],"wp:featuredmedia":[{"embeddable":true,"href":"https:\/\/www.seaflowerstore.com\/de\/wp-json\/wp\/v2\/media\/77759"}],"wp:attachment":[{"href":"https:\/\/www.seaflowerstore.com\/de\/wp-json\/wp\/v2\/media?parent=88417"}],"wp:term":[{"taxonomy":"pwb-brand","embeddable":true,"href":"https:\/\/www.seaflowerstore.com\/de\/wp-json\/wp\/v2\/pwb-brand?post=88417"},{"taxonomy":"product_cat","embeddable":true,"href":"https:\/\/www.seaflowerstore.com\/de\/wp-json\/wp\/v2\/product_cat?post=88417"},{"taxonomy":"product_tag","embeddable":true,"href":"https:\/\/www.seaflowerstore.com\/de\/wp-json\/wp\/v2\/product_tag?post=88417"}],"curies":[{"name":"wp","href":"https:\/\/api.w.org\/{rel}","templated":true}]}}