{"id":88422,"date":"2014-02-28T12:40:01","date_gmt":"2014-02-28T11:40:01","guid":{"rendered":"https:\/\/www.seaflowerstore.com\/nl\/pm3-dissolved-oxygen-module\/"},"modified":"2024-03-20T16:20:30","modified_gmt":"2024-03-20T15:20:30","slug":"pm3-dissolved-oxygen-module","status":"publish","type":"product","link":"https:\/\/www.seaflowerstore.com\/de\/pm3-dissolved-oxygen-module\/","title":{"rendered":"PM3 &#8211; Dissolved Oxygen Module"},"content":{"rendered":"<h2> PM3 &#8211; Dissolved Oxygen Module (without probe) <\/h2>\n<p><span style=\"font-size: small\">Hier sind die Funktionen des Moduls f\u00fcr gel\u00f6sten Sauerstoff:<\/span><\/p>\n<ul>\n<li><span style=\"font-size: small\">\u00dcberwachen und steuern Sie den Gehalt und die Temperatur des gel\u00f6sten Sauerstoffs.<\/span><\/li>\n<li><span style=\"font-size: small\">Sechs digitale Eing\u00e4nge f\u00fcr Schwimmerschalter, Wassererkennung, Drucksensoren und mehr.<\/span><\/li>\n<li><span style=\"font-size: small\">Umfassende Datenprotokollierungsunterst\u00fctzung durch das Apex Basic-Modul.<\/span><\/li>\n<li><span style=\"font-size: small\">Sie k\u00f6nnen Ihrem Apex-System bis zu 240 Aquabus-Module hinzuf\u00fcgen.<\/span><\/li>\n<li><span style=\"font-size: small\">Plug-and-Play-Funktionalit\u00e4t f\u00fcr m\u00fchelose Installation.<\/span><\/li>\n<li><span style=\"font-size: small\">Zwei Aquabus-Anschl\u00fcsse erm\u00f6glichen flexible Erweiterungsoptionen.<\/span><\/li>\n<li><span style=\"font-size: small\">Enth\u00e4lt ein 1 Meter langes Aquabus-Kabel.<\/span><\/li>\n<li><span style=\"font-size: small\">Galvanische Trennung gew\u00e4hrleistet genaue und zuverl\u00e4ssige Sondenmessungen.<\/span><\/li>\n<li><span style=\"font-size: small\">LED-Statusanzeige f\u00fcr einfache \u00dcberwachung.<\/span><\/li>\n<li><span style=\"font-size: small\">Firmware ist f\u00fcr zuk\u00fcnftige Verbesserungen aktualisierbar.<\/span><\/li>\n<\/ul>\n<p><span style=\"font-size: small\"><a href=\"http:\/\/www.neptunesystems.com\/\" rel=\"nofollow noopener\" target=\"_blank\">Besuchen Sie unsere Website f\u00fcr weitere Informationen.<\/a><\/span><\/p>\n","protected":false},"excerpt":{"rendered":"<p>Dissolved oxygen is one of the most critical components to a healthy, thriving tank,<\/p>\n","protected":false},"featured_media":77749,"template":"","meta":[],"pwb-brand":[2179],"product_cat":[1423,1408],"product_tag":[],"class_list":{"0":"post-88422","1":"product","2":"type-product","3":"status-publish","4":"has-post-thumbnail","6":"pwb-brand-neptune-systems","7":"product_cat-neptune-systems-de","8":"product_cat-computer-de","10":"first","11":"outofstock","12":"taxable","13":"shipping-taxable","14":"purchasable","15":"product-type-simple"},"acf":[],"brands":[{"id":2179,"name":"Neptune Systems","slug":"neptune-systems"}],"_links":{"self":[{"href":"https:\/\/www.seaflowerstore.com\/de\/wp-json\/wp\/v2\/product\/88422","targetHints":{"allow":["GET"]}}],"collection":[{"href":"https:\/\/www.seaflowerstore.com\/de\/wp-json\/wp\/v2\/product"}],"about":[{"href":"https:\/\/www.seaflowerstore.com\/de\/wp-json\/wp\/v2\/types\/product"}],"wp:featuredmedia":[{"embeddable":true,"href":"https:\/\/www.seaflowerstore.com\/de\/wp-json\/wp\/v2\/media\/77749"}],"wp:attachment":[{"href":"https:\/\/www.seaflowerstore.com\/de\/wp-json\/wp\/v2\/media?parent=88422"}],"wp:term":[{"taxonomy":"pwb-brand","embeddable":true,"href":"https:\/\/www.seaflowerstore.com\/de\/wp-json\/wp\/v2\/pwb-brand?post=88422"},{"taxonomy":"product_cat","embeddable":true,"href":"https:\/\/www.seaflowerstore.com\/de\/wp-json\/wp\/v2\/product_cat?post=88422"},{"taxonomy":"product_tag","embeddable":true,"href":"https:\/\/www.seaflowerstore.com\/de\/wp-json\/wp\/v2\/product_tag?post=88422"}],"curies":[{"name":"wp","href":"https:\/\/api.w.org\/{rel}","templated":true}]}}