{"id":88423,"date":"2014-02-28T12:39:55","date_gmt":"2014-02-28T11:39:55","guid":{"rendered":"https:\/\/www.seaflowerstore.com\/nl\/pm2-salinity-module\/"},"modified":"2024-03-20T16:20:28","modified_gmt":"2024-03-20T15:20:28","slug":"pm2-salinity-module","status":"publish","type":"product","link":"https:\/\/www.seaflowerstore.com\/de\/pm2-salinity-module\/","title":{"rendered":"PM2 &#8211; Salinity module"},"content":{"rendered":"<h2>PM2 &#8211; Salinity module<\/h2>\n<p><span style=\"font-size: small\">Mit diesem Modul misst Ihr Apex kontinuierlich den Salzgehalt in Ihrem Tank.<\/span><\/p>\n<p><span style=\"font-size: small\">Hier sind einige Merkmale des Salzgehaltmoduls:<\/span><\/p>\n<ul>\n<li><span style=\"font-size: small\">\u00dcberwachen und steuern Sie Leitf\u00e4higkeit, Salzgehalt und Temperatur.<\/span><\/li>\n<li><span style=\"font-size: small\">Vier Messbereiche: 0\u2013900 uS\/cm, 0\u20139,0 mS\/cm, 0\u201390,0 mS\/cm und 0\u201350 ppt.<\/span><\/li>\n<li><span style=\"font-size: small\">Sechs digitale Eing\u00e4nge f\u00fcr Trockenkontaktschalter, Schwimmerschalter, Drucktasten, Drucksensoren und mehr.<\/span><\/li>\n<li><span style=\"font-size: small\">Volle Datenprotokollierungsunterst\u00fctzung mit dem Apex Basic-Modul.<\/span><\/li>\n<li><span style=\"font-size: small\">Sie k\u00f6nnen bis zu 240 aquabus-Module zu Ihrem Apex-System hinzuf\u00fcgen.<\/span><\/li>\n<li><span style=\"font-size: small\">Es ist Plug-and-Play und wird bei der Installation im System automatisch erkannt.<\/span><\/li>\n<li><span style=\"font-size: small\">Zwei Aquabus-Anschl\u00fcsse bieten flexible Erweiterungsm\u00f6glichkeiten \u00fcber aquabus.<\/span><\/li>\n<li><span style=\"font-size: small\">Inklusive 1 Meter langem aquabus-Kabel.<\/span><\/li>\n<li><span style=\"font-size: small\">Galvanische Trennung gew\u00e4hrleistet genaue und zuverl\u00e4ssige Sondenmessungen.<\/span><\/li>\n<li><span style=\"font-size: small\">LED-Statusanzeige f\u00fcr einfache \u00dcberwachung.<\/span><\/li>\n<li><span style=\"font-size: small\">Die Firmware ist f\u00fcr zuk\u00fcnftige Erweiterungen aktualisierbar.<\/span><\/li>\n<li><strong>Keine<\/strong> Kalibrierungsfl\u00fcssigkeit ist enthalten.<\/li>\n<\/ul>\n<p><span style=\"font-size: small\"><a href=\"http:\/\/www.neptunesystems.com\/\" rel=\"nofollow noopener\" target=\"_blank\">Besuchen Sie die Website von Neptune Systems<\/a><\/span><\/p>\n","protected":false},"excerpt":{"rendered":"<p>With this module your Apex will constantly measure the salt concentration in your tank.<\/p>\n","protected":false},"featured_media":77747,"template":"","meta":[],"pwb-brand":[2179],"product_cat":[1408,1423],"product_tag":[],"class_list":{"0":"post-88423","1":"product","2":"type-product","3":"status-publish","4":"has-post-thumbnail","6":"pwb-brand-neptune-systems","7":"product_cat-computer-de","8":"product_cat-neptune-systems-de","10":"first","11":"outofstock","12":"taxable","13":"shipping-taxable","14":"purchasable","15":"product-type-simple"},"acf":[],"brands":[{"id":2179,"name":"Neptune Systems","slug":"neptune-systems"}],"_links":{"self":[{"href":"https:\/\/www.seaflowerstore.com\/de\/wp-json\/wp\/v2\/product\/88423","targetHints":{"allow":["GET"]}}],"collection":[{"href":"https:\/\/www.seaflowerstore.com\/de\/wp-json\/wp\/v2\/product"}],"about":[{"href":"https:\/\/www.seaflowerstore.com\/de\/wp-json\/wp\/v2\/types\/product"}],"wp:featuredmedia":[{"embeddable":true,"href":"https:\/\/www.seaflowerstore.com\/de\/wp-json\/wp\/v2\/media\/77747"}],"wp:attachment":[{"href":"https:\/\/www.seaflowerstore.com\/de\/wp-json\/wp\/v2\/media?parent=88423"}],"wp:term":[{"taxonomy":"pwb-brand","embeddable":true,"href":"https:\/\/www.seaflowerstore.com\/de\/wp-json\/wp\/v2\/pwb-brand?post=88423"},{"taxonomy":"product_cat","embeddable":true,"href":"https:\/\/www.seaflowerstore.com\/de\/wp-json\/wp\/v2\/product_cat?post=88423"},{"taxonomy":"product_tag","embeddable":true,"href":"https:\/\/www.seaflowerstore.com\/de\/wp-json\/wp\/v2\/product_tag?post=88423"}],"curies":[{"name":"wp","href":"https:\/\/api.w.org\/{rel}","templated":true}]}}