{"id":88435,"date":"2014-02-03T12:03:51","date_gmt":"2014-02-03T11:03:51","guid":{"rendered":"https:\/\/www.seaflowerstore.com\/nl\/the-dip-250ml-fauna-marin\/"},"modified":"2024-03-20T16:20:14","modified_gmt":"2024-03-20T15:20:14","slug":"the-dip-250ml-fauna-marin","status":"publish","type":"product","link":"https:\/\/www.seaflowerstore.com\/de\/the-dip-250ml-fauna-marin\/","title":{"rendered":"The DIP &#8211; 250ml &#8211; Fauna Marin"},"content":{"rendered":"<h2>Fauna Marin THE DIP is a highly effective coral dip solution used for cleaning various types of corals<\/h2>\n<p>Fauna Marin THE DIP ist eine ausgezeichnete Korallentauchl\u00f6sung, die zum Reinigen einer Vielzahl von Korallen entwickelt wurde. Es hilft auch dabei, neue Exemplare an Ihr Aquarium zu gew\u00f6hnen, indem es die Sch\u00e4dlingsresistenz Ihrer Korallen erh\u00f6ht. Dieses Produkt entfernt effektiv unerw\u00fcnschte Ablagerungen und Sch\u00e4dlinge von allen Arten von Korallen.<\/p>\n<p>THE DIP ist die neueste Weiterentwicklung der Sch\u00e4dlingsbek\u00e4mpfungsl\u00f6sungen von Fauna Marin und ersetzt die vorherige Version. Um die Gesundheit und Sicherheit Ihrer Korallen zu erhalten, wird empfohlen, jede neu gekaufte Koralle in das Korallenbad THE DIP zu tauchen. Diese Vorgehensweise hilft, unerw\u00fcnschte Sch\u00e4dlinge zu verhindern und st\u00e4rkt die Sch\u00e4dlingsresistenz Ihrer Korallen.<\/p>\n<ul>\n<li><strong>Hochaktive L\u00f6sung aus nat\u00fcrlichen Inhaltsstoffen<\/strong><\/li>\n<li><strong>Enth\u00e4lt keine \u00d6le, Jod oder aggressive oxidative Inhaltsstoffe<\/strong><\/li>\n<li><strong>Verdunkelt das Korallengewebe nicht<\/strong><\/li>\n<li><strong>Einfach, sicher, erschwinglich und hochwirksam<\/strong><\/li>\n<\/ul>\n<p><strong>DOSIERUNG:<\/strong><\/p>\n<ul>\n<li>Nehmen Sie 1 Liter (0,26 US-Gallonen) Aquarienwasser und geben Sie 15 ml THE DIP in den Beh\u00e4lter. R\u00fchren Sie um.<\/li>\n<li>Legen Sie die Koralle in das Dip und schwenken Sie sie in Abst\u00e4nden vorsichtig herum.<\/li>\n<li>Tauchen Sie die Koralle maximal 5 Minuten lang ein.<\/li>\n<li>Sp\u00fclen Sie die Koralle in einem separaten Beh\u00e4lter ab mit Aquarienwasser aufl\u00f6sen und ins Aquarium zur\u00fcckgeben.<\/li>\n<li>Entsorgen Sie die Tauch- und Sp\u00fcll\u00f6sung.<\/li>\n<\/ul>\n<p>Es ist wichtig zu beachten, dass THE DIP nicht f\u00fcr die Verwendung im Aquarium geeignet ist und nicht zum Baden von Fischen, Garnelen, Muscheln, Seeigeln oder \u00e4hnlichen Tieren verwendet werden sollte. Bitte stellen Sie sicher, dass diese Lebewesen von der Koralle entfernt wurden, bevor Sie sie in das Tauchbad geben.<\/p>\n<p><strong>ZUTATEN:<\/strong> Wasser, Tenside und organische Salze<\/p>\n<p><strong>SICHERHEITSVORKEHRUNGEN:<\/strong><\/p>\n<ul>\n<li>Tragen Sie bei der Verwendung von THE DIP Handschuhe.<\/li>\n<li>Bewahren Sie das Produkt au\u00dferhalb der Reichweite von Kindern auf.<\/li>\n<li>Nicht einatmen oder verschlucken.<\/li>\n<li>Kontakt mit Haut und Augen vermeiden.<\/li>\n<\/ul>\n","protected":false},"excerpt":{"rendered":"<p>Fauna Marin THE DIP is a highly effective\u00a0Coral dip for removing unwanted deposits and pests from all corals<\/p>\n","protected":false},"featured_media":84762,"template":"","meta":[],"pwb-brand":[2177],"product_cat":[1390,1437,1430],"product_tag":[],"class_list":{"0":"post-88435","1":"product","2":"type-product","3":"status-publish","4":"has-post-thumbnail","6":"pwb-brand-fauna-marin","7":"product_cat-medikamente","8":"product_cat-fauna-marin-de","9":"product_cat-reinigungsmittel","11":"first","12":"instock","13":"taxable","14":"shipping-taxable","15":"purchasable","16":"product-type-simple"},"acf":[],"brands":[{"id":2177,"name":"Fauna Marin","slug":"fauna-marin"}],"_links":{"self":[{"href":"https:\/\/www.seaflowerstore.com\/de\/wp-json\/wp\/v2\/product\/88435","targetHints":{"allow":["GET"]}}],"collection":[{"href":"https:\/\/www.seaflowerstore.com\/de\/wp-json\/wp\/v2\/product"}],"about":[{"href":"https:\/\/www.seaflowerstore.com\/de\/wp-json\/wp\/v2\/types\/product"}],"wp:featuredmedia":[{"embeddable":true,"href":"https:\/\/www.seaflowerstore.com\/de\/wp-json\/wp\/v2\/media\/84762"}],"wp:attachment":[{"href":"https:\/\/www.seaflowerstore.com\/de\/wp-json\/wp\/v2\/media?parent=88435"}],"wp:term":[{"taxonomy":"pwb-brand","embeddable":true,"href":"https:\/\/www.seaflowerstore.com\/de\/wp-json\/wp\/v2\/pwb-brand?post=88435"},{"taxonomy":"product_cat","embeddable":true,"href":"https:\/\/www.seaflowerstore.com\/de\/wp-json\/wp\/v2\/product_cat?post=88435"},{"taxonomy":"product_tag","embeddable":true,"href":"https:\/\/www.seaflowerstore.com\/de\/wp-json\/wp\/v2\/product_tag?post=88435"}],"curies":[{"name":"wp","href":"https:\/\/api.w.org\/{rel}","templated":true}]}}