{"id":88444,"date":"2014-01-29T16:45:23","date_gmt":"2014-01-29T15:45:23","guid":{"rendered":"https:\/\/www.seaflowerstore.com\/nl\/silicagel-for-ozon-booster-600gr-1000ml\/"},"modified":"2024-03-20T16:20:07","modified_gmt":"2024-03-20T15:20:07","slug":"silicagel-for-ozon-booster-600gr-1000ml","status":"publish","type":"product","link":"https:\/\/www.seaflowerstore.com\/de\/silicagel-for-ozon-booster-600gr-1000ml\/","title":{"rendered":"Silicagel for ozon booster &#8211; 600gr \/ 1000ml"},"content":{"rendered":"<h2>Silica gel for ozon booster &#8211; 600gr \/ 1000ml<\/h2>\n<h2>Kieselgel zur Verwendung mit Ozongeneratoren<\/h2>\n<p>Kieselgel ist ein fantastisches Trocknungsgranulat, das f\u00fcr seine hohe Feuchtigkeitsaufnahmef\u00e4higkeit bekannt ist. Es wird am Lufteinlass eines Ozongenerators verwendet und hilft dem Generator, viel effektiver zu arbeiten, indem es Feuchtigkeit aus der Luft entfernt.<\/p>\n<p>F\u00fcr optimale Ergebnisse ist es ratsam, die Ansaugung aus dem Sumpf herauszuhalten, um eine schnelle S\u00e4ttigung des Materials zu vermeiden. Die Indikatorperlen \u00e4ndern ihre Farbe von blau nach rosa, wenn das Granulat feucht wird, und signalisieren so, dass es Zeit ist, das Kieselgel zu ersetzen.<\/p>\n<p><strong>Inhalt:<\/strong> 1L entf\u00e4rbendes Kieselgel<\/p>\n","protected":false},"excerpt":{"rendered":"<p>Silica gel for ozone boosters Dries the intake air, this ensures a more effective operation of the Ozone device<\/p>\n","protected":false},"featured_media":77679,"template":"","meta":[],"pwb-brand":[2149],"product_cat":[1421,1427],"product_tag":[],"class_list":{"0":"post-88444","1":"product","2":"type-product","3":"status-publish","4":"has-post-thumbnail","6":"pwb-brand-aqua-medic","7":"product_cat-aqua-medic-de","8":"product_cat-ozon-de","10":"first","11":"instock","12":"taxable","13":"shipping-taxable","14":"purchasable","15":"product-type-simple"},"acf":[],"brands":[{"id":2149,"name":"Aqua Medic","slug":"aqua-medic"}],"_links":{"self":[{"href":"https:\/\/www.seaflowerstore.com\/de\/wp-json\/wp\/v2\/product\/88444","targetHints":{"allow":["GET"]}}],"collection":[{"href":"https:\/\/www.seaflowerstore.com\/de\/wp-json\/wp\/v2\/product"}],"about":[{"href":"https:\/\/www.seaflowerstore.com\/de\/wp-json\/wp\/v2\/types\/product"}],"wp:featuredmedia":[{"embeddable":true,"href":"https:\/\/www.seaflowerstore.com\/de\/wp-json\/wp\/v2\/media\/77679"}],"wp:attachment":[{"href":"https:\/\/www.seaflowerstore.com\/de\/wp-json\/wp\/v2\/media?parent=88444"}],"wp:term":[{"taxonomy":"pwb-brand","embeddable":true,"href":"https:\/\/www.seaflowerstore.com\/de\/wp-json\/wp\/v2\/pwb-brand?post=88444"},{"taxonomy":"product_cat","embeddable":true,"href":"https:\/\/www.seaflowerstore.com\/de\/wp-json\/wp\/v2\/product_cat?post=88444"},{"taxonomy":"product_tag","embeddable":true,"href":"https:\/\/www.seaflowerstore.com\/de\/wp-json\/wp\/v2\/product_tag?post=88444"}],"curies":[{"name":"wp","href":"https:\/\/api.w.org\/{rel}","templated":true}]}}