{"id":88451,"date":"2014-01-28T19:28:58","date_gmt":"2014-01-28T18:28:58","guid":{"rendered":"https:\/\/www.seaflowerstore.com\/nl\/hobby-protogen-infusorien-20-ml\/"},"modified":"2024-12-17T15:47:21","modified_gmt":"2024-12-17T14:47:21","slug":"hobby-protogen-infusorien-20-ml","status":"publish","type":"product","link":"https:\/\/www.seaflowerstore.com\/de\/hobby-protogen-infusorien-20-ml\/","title":{"rendered":"Hobby Protogen, Infusorien, 20 ml"},"content":{"rendered":"<h2>Hobby Protogen, Infusorien, 20 ml<\/h2>\n<p>Protogen-Infusionen (Infusionstiere) sind ein Konzentrat aus getrockneten Infusorien verschiedener Gr\u00f6\u00dfen. Legen Sie die Protogen-Infusorien einfach in Ihr Aquarium und sie beginnen sich zu entwickeln und zu vermehren, sobald sie in das Aquarienwasser eingetaucht sind. Die Protogen-Infusorien m\u00fcssen nicht gef\u00fcttert werden; geben Sie einfach alle 3 bis 4 Tage eine neue Menge hinzu. Wenn Sie jedoch zu viele Infusorien auf einmal hinzuf\u00fcgen, kann sich am dritten Tag eine schleimige Schicht auf der Wasseroberfl\u00e4che bilden.<\/p>\n<p>Es ist wichtig zu beachten, dass Protogen-Infusionen nicht gedeihen k\u00f6nnen, wenn sich R\u00fcckst\u00e4nde von Chlor oder Medikamenten im Wasser befinden!<\/p>\n<p>Dieses Produkt kann auf zwei Arten verwendet werden: Es kann sofort als Futter dienen oder Sie k\u00f6nnen es z\u00fcchten.<\/p>\n<p><strong>F\u00fcttern<\/strong><\/p>\n<p>Nachdem die Jungfische ihre Mahlzeit beendet haben, geben Sie je nach Anzahl der Jungfische 6 bis 12 Granulate Protogen-Infusorien in Ihr Aquarium. Sie k\u00f6nnen diese Menge am n\u00e4chsten F\u00fctterungstag verdoppeln. Behalten Sie diese Routine bei, bis die Fische gr\u00f6\u00dfere Mengen Futter aufnehmen k\u00f6nnen.<\/p>\n<p><strong>Zum Wachsen<\/strong><\/p>\n<p>Mischen Sie etwa 1 Gramm Protogen-Infusionen mit 1 Liter Aquarienwasser in kleinen, flachen Plastik- oder Glasschalen. Es ist wichtig, eine Temperatur zwischen 18 und 25 \u00b0C einzuhalten und f\u00fcr gute Beleuchtung zu sorgen. Die Kultur ist innerhalb von 24 Stunden einsatzbereit.<\/p>\n<ul>\n<li>F\u00fcttern Sie die Fische mit einer Pipette in ihrer N\u00e4he.<\/li>\n<li>Verwenden Sie keine Metallbeh\u00e4lter f\u00fcr Protogen-Infusionen!<\/li>\n<\/ul>\n","protected":false},"excerpt":{"rendered":"<p>Hobby Protogen infusions (infusion animals) is a concentrate of dried infusories, of different sizes<\/p>\n","protected":false},"featured_media":77674,"template":"","meta":[],"pwb-brand":[2145],"product_cat":[1402],"product_tag":[],"class_list":{"0":"post-88451","1":"product","2":"type-product","3":"status-publish","4":"has-post-thumbnail","6":"pwb-brand-hobby","7":"product_cat-verschieden","9":"first","10":"outofstock","11":"taxable","12":"shipping-taxable","13":"purchasable","14":"product-type-simple"},"acf":[],"brands":[{"id":2145,"name":"Hobby","slug":"hobby"}],"_links":{"self":[{"href":"https:\/\/www.seaflowerstore.com\/de\/wp-json\/wp\/v2\/product\/88451","targetHints":{"allow":["GET"]}}],"collection":[{"href":"https:\/\/www.seaflowerstore.com\/de\/wp-json\/wp\/v2\/product"}],"about":[{"href":"https:\/\/www.seaflowerstore.com\/de\/wp-json\/wp\/v2\/types\/product"}],"wp:featuredmedia":[{"embeddable":true,"href":"https:\/\/www.seaflowerstore.com\/de\/wp-json\/wp\/v2\/media\/77674"}],"wp:attachment":[{"href":"https:\/\/www.seaflowerstore.com\/de\/wp-json\/wp\/v2\/media?parent=88451"}],"wp:term":[{"taxonomy":"pwb-brand","embeddable":true,"href":"https:\/\/www.seaflowerstore.com\/de\/wp-json\/wp\/v2\/pwb-brand?post=88451"},{"taxonomy":"product_cat","embeddable":true,"href":"https:\/\/www.seaflowerstore.com\/de\/wp-json\/wp\/v2\/product_cat?post=88451"},{"taxonomy":"product_tag","embeddable":true,"href":"https:\/\/www.seaflowerstore.com\/de\/wp-json\/wp\/v2\/product_tag?post=88451"}],"curies":[{"name":"wp","href":"https:\/\/api.w.org\/{rel}","templated":true}]}}