{"id":88452,"date":"2014-01-28T19:28:55","date_gmt":"2014-01-28T18:28:55","guid":{"rendered":"https:\/\/www.seaflowerstore.com\/nl\/hobby-mikrozell-brine-shrimp-food-20-ml\/"},"modified":"2024-12-17T15:47:22","modified_gmt":"2024-12-17T14:47:22","slug":"hobby-mikrozell-brine-shrimp-food-20-ml","status":"publish","type":"product","link":"https:\/\/www.seaflowerstore.com\/de\/hobby-mikrozell-brine-shrimp-food-20-ml\/","title":{"rendered":"Hobby Mikrozell, brine shrimp food, 20 ml"},"content":{"rendered":"<h2>Hobby Mikrozell, brine shrimp food, 20 ml<\/h2>\n<p><strong>Hobby Mikrozell<\/strong> ist ein Spezialfutter f\u00fcr Artemia. Es handelt sich um ein hochwertiges Pulverfutter, das f\u00fcr voll ausgebildete Larven geeignet ist, die nach dem Schl\u00fcpfen 8 bis 10 Tage alt sind. Diese wasserl\u00f6sliche Mischung ist perfekt f\u00fcr <strong>8 &#8211; 10 Tage alte Artemia-Nauplien<\/strong> und enth\u00e4lt feinstes Phytoplankton.<\/p>\n<p><strong>F\u00fctterungsanleitung:<\/strong><\/p>\n<ul>\n<li>Beginnen Sie 1 &#8211; 2 Tage nach dem Aussetzen der Nauplien mit der F\u00fctterung mit <strong>Liquizell<\/strong>. Dieses Futter hat ein so feines Phytoplankton, dass es von den Nauplien selbst mit ihren winzigen M\u00fcndern leicht aufgenommen werden kann.<\/li>\n<li>Nach 8 &#8211; 10 Tagen sind die Artemias ausreichend gewachsen und Sie k\u00f6nnen mit der F\u00fctterung mit <strong>Mikrozell<\/strong> fortfahren. Eine Zuf\u00fctterung ist nicht notwendig, solange noch gr\u00fcne Futterpartikel im Wasser zu sehen sind.<\/li>\n<\/ul>\n<p><strong>Zusammensetzung:<\/strong> Mineralstoffe, Algen<\/p>\n","protected":false},"excerpt":{"rendered":"<p data-format=\"%title% %sep% %sitename%\" data-empty-title=\"Click to enter custom title\">Hobby Mikrozell High-quality powdered food for completely formed larvae from 8 to 10 days after hatching brine shrimp<\/p>\n","protected":false},"featured_media":77665,"template":"","meta":[],"pwb-brand":[2145],"product_cat":[1497],"product_tag":[],"class_list":{"0":"post-88452","1":"product","2":"type-product","3":"status-publish","4":"has-post-thumbnail","6":"pwb-brand-hobby","7":"product_cat-artemia-zucht","9":"first","10":"outofstock","11":"taxable","12":"shipping-taxable","13":"purchasable","14":"product-type-simple"},"acf":[],"brands":[{"id":2145,"name":"Hobby","slug":"hobby"}],"_links":{"self":[{"href":"https:\/\/www.seaflowerstore.com\/de\/wp-json\/wp\/v2\/product\/88452","targetHints":{"allow":["GET"]}}],"collection":[{"href":"https:\/\/www.seaflowerstore.com\/de\/wp-json\/wp\/v2\/product"}],"about":[{"href":"https:\/\/www.seaflowerstore.com\/de\/wp-json\/wp\/v2\/types\/product"}],"wp:featuredmedia":[{"embeddable":true,"href":"https:\/\/www.seaflowerstore.com\/de\/wp-json\/wp\/v2\/media\/77665"}],"wp:attachment":[{"href":"https:\/\/www.seaflowerstore.com\/de\/wp-json\/wp\/v2\/media?parent=88452"}],"wp:term":[{"taxonomy":"pwb-brand","embeddable":true,"href":"https:\/\/www.seaflowerstore.com\/de\/wp-json\/wp\/v2\/pwb-brand?post=88452"},{"taxonomy":"product_cat","embeddable":true,"href":"https:\/\/www.seaflowerstore.com\/de\/wp-json\/wp\/v2\/product_cat?post=88452"},{"taxonomy":"product_tag","embeddable":true,"href":"https:\/\/www.seaflowerstore.com\/de\/wp-json\/wp\/v2\/product_tag?post=88452"}],"curies":[{"name":"wp","href":"https:\/\/api.w.org\/{rel}","templated":true}]}}