{"id":88454,"date":"2014-01-28T19:28:46","date_gmt":"2014-01-28T18:28:46","guid":{"rendered":"https:\/\/www.seaflowerstore.com\/nl\/hobby-incubator-set\/"},"modified":"2024-12-17T15:47:22","modified_gmt":"2024-12-17T14:47:22","slug":"hobby-incubator-set","status":"publish","type":"product","link":"https:\/\/www.seaflowerstore.com\/de\/hobby-incubator-set\/","title":{"rendered":"Hobby Incubator-Set"},"content":{"rendered":"<h2>Hobby Incubator-Set<\/h2>\n<p><strong>Hobby Inkubator-Set<\/strong><\/p>\n<\/p>\n<p>Das HOBBY Inkubator-Set beinhaltet:<\/p>\n<ul>\n<li>HOBBY Inkubator<\/li>\n<li>HOBBY Artemix<\/li>\n<li>HOBBY Artemiasalz<\/li>\n<li>HOBBY Aufzuchtreservoir<\/li>\n<li>Artemia-Aufzuchtfutter<\/li>\n<li>HOBBY Liquizell<\/li>\n<li>HOBBY Artemiasieb<\/li>\n<li>Bedienungsanleitung<\/li>\n<\/ul>\n<p>Der HOBBY Inkubator und das HOBBY Inkubator-Set verf\u00fcgen \u00fcber einen Anschluss f\u00fcr den Betrieb mit einer Luftpumpe (nicht im Lieferumfang enthalten).<\/p>\n","protected":false},"excerpt":{"rendered":"<p>luchtpomp (niet inbegrepen)<\/p>\n","protected":false},"featured_media":77672,"template":"","meta":[],"pwb-brand":[2145],"product_cat":[1497],"product_tag":[],"class_list":{"0":"post-88454","1":"product","2":"type-product","3":"status-publish","4":"has-post-thumbnail","6":"pwb-brand-hobby","7":"product_cat-artemia-zucht","9":"first","10":"outofstock","11":"taxable","12":"shipping-taxable","13":"purchasable","14":"product-type-simple"},"acf":[],"brands":[{"id":2145,"name":"Hobby","slug":"hobby"}],"_links":{"self":[{"href":"https:\/\/www.seaflowerstore.com\/de\/wp-json\/wp\/v2\/product\/88454","targetHints":{"allow":["GET"]}}],"collection":[{"href":"https:\/\/www.seaflowerstore.com\/de\/wp-json\/wp\/v2\/product"}],"about":[{"href":"https:\/\/www.seaflowerstore.com\/de\/wp-json\/wp\/v2\/types\/product"}],"wp:featuredmedia":[{"embeddable":true,"href":"https:\/\/www.seaflowerstore.com\/de\/wp-json\/wp\/v2\/media\/77672"}],"wp:attachment":[{"href":"https:\/\/www.seaflowerstore.com\/de\/wp-json\/wp\/v2\/media?parent=88454"}],"wp:term":[{"taxonomy":"pwb-brand","embeddable":true,"href":"https:\/\/www.seaflowerstore.com\/de\/wp-json\/wp\/v2\/pwb-brand?post=88454"},{"taxonomy":"product_cat","embeddable":true,"href":"https:\/\/www.seaflowerstore.com\/de\/wp-json\/wp\/v2\/product_cat?post=88454"},{"taxonomy":"product_tag","embeddable":true,"href":"https:\/\/www.seaflowerstore.com\/de\/wp-json\/wp\/v2\/product_tag?post=88454"}],"curies":[{"name":"wp","href":"https:\/\/api.w.org\/{rel}","templated":true}]}}