{"id":88455,"date":"2014-01-28T19:28:37","date_gmt":"2014-01-28T18:28:37","guid":{"rendered":"https:\/\/www.seaflowerstore.com\/nl\/hobby-artemix-eggs-salt-195-g\/"},"modified":"2025-03-30T20:17:19","modified_gmt":"2025-03-30T18:17:19","slug":"hobby-artemix-eggs-salt-195-g","status":"publish","type":"product","link":"https:\/\/www.seaflowerstore.com\/de\/hobby-artemix-eggs-salt-195-g\/","title":{"rendered":"Hobby Artemix, Eggs + salt, 195 g"},"content":{"rendered":"<h2>Hobby Artemix, Eggs + salt, 195 g<\/h2>\n<p>Hier ist die fertige Mischung aus Artemia-Eiern und Artemia-Salz. Die Larven schl\u00fcpfen innerhalb von 24 bis 48 Stunden. Mit 195 Gramm k\u00f6nnen Sie eine geeignete Umgebung f\u00fcr bis zu 6 Liter Wasser vorbereiten.<\/p>\n","protected":false},"excerpt":{"rendered":"<p>Ready to use mix of Artemia eggs and Artemia salt<\/p>\n","protected":false},"featured_media":77661,"template":"","meta":[],"pwb-brand":[2145],"product_cat":[1497],"product_tag":[],"class_list":{"0":"post-88455","1":"product","2":"type-product","3":"status-publish","4":"has-post-thumbnail","6":"pwb-brand-hobby","7":"product_cat-artemia-zucht","9":"first","10":"outofstock","11":"taxable","12":"shipping-taxable","13":"purchasable","14":"product-type-simple"},"acf":[],"brands":[{"id":2145,"name":"Hobby","slug":"hobby"}],"_links":{"self":[{"href":"https:\/\/www.seaflowerstore.com\/de\/wp-json\/wp\/v2\/product\/88455","targetHints":{"allow":["GET"]}}],"collection":[{"href":"https:\/\/www.seaflowerstore.com\/de\/wp-json\/wp\/v2\/product"}],"about":[{"href":"https:\/\/www.seaflowerstore.com\/de\/wp-json\/wp\/v2\/types\/product"}],"wp:featuredmedia":[{"embeddable":true,"href":"https:\/\/www.seaflowerstore.com\/de\/wp-json\/wp\/v2\/media\/77661"}],"wp:attachment":[{"href":"https:\/\/www.seaflowerstore.com\/de\/wp-json\/wp\/v2\/media?parent=88455"}],"wp:term":[{"taxonomy":"pwb-brand","embeddable":true,"href":"https:\/\/www.seaflowerstore.com\/de\/wp-json\/wp\/v2\/pwb-brand?post=88455"},{"taxonomy":"product_cat","embeddable":true,"href":"https:\/\/www.seaflowerstore.com\/de\/wp-json\/wp\/v2\/product_cat?post=88455"},{"taxonomy":"product_tag","embeddable":true,"href":"https:\/\/www.seaflowerstore.com\/de\/wp-json\/wp\/v2\/product_tag?post=88455"}],"curies":[{"name":"wp","href":"https:\/\/api.w.org\/{rel}","templated":true}]}}