{"id":88462,"date":"2014-01-28T19:06:20","date_gmt":"2014-01-28T18:06:20","guid":{"rendered":"https:\/\/www.seaflowerstore.com\/nl\/hobby-artemia-culture-dish\/"},"modified":"2024-03-20T16:19:53","modified_gmt":"2024-03-20T15:19:53","slug":"hobby-artemia-culture-dish","status":"publish","type":"product","link":"https:\/\/www.seaflowerstore.com\/de\/hobby-artemia-culture-dish\/","title":{"rendered":"Hobby Artemia culture dish"},"content":{"rendered":"<h2>Hobby Artemia culture dish<\/h2>\n<p>Um Artemia m\u00f6glichst einfach zu z\u00fcchten, geben Sie zun\u00e4chst Salzwasser in Ihre Artemia-Zuchtschale. Geben Sie dann die Artemia-Eier hinein. Nach 24 bis 28 Stunden werden Sie feststellen, dass die Artemia-Nauplien geschl\u00fcpft sind und sich zum F\u00fcttern leicht von den Eierschalen in der Zuchtschale trennen lassen.<\/p>\n<p>W\u00e4hrend dieses Vorgangs ist kein Luftanschluss erforderlich. Sie werden feststellen, dass die frisch geschl\u00fcpften Artemia dazu neigen, sich im mittleren Sieb zu sammeln, da sie von Natur aus vom Licht angezogen werden.<\/p>\n","protected":false},"excerpt":{"rendered":"<p>Hobby Artemia culture dish For growing Artemia in the simplest way<\/p>\n","protected":false},"featured_media":77656,"template":"","meta":[],"pwb-brand":[2145],"product_cat":[1497],"product_tag":[],"class_list":{"0":"post-88462","1":"product","2":"type-product","3":"status-publish","4":"has-post-thumbnail","6":"pwb-brand-hobby","7":"product_cat-artemia-zucht","9":"first","10":"outofstock","11":"taxable","12":"shipping-taxable","13":"purchasable","14":"product-type-simple"},"acf":[],"brands":[{"id":2145,"name":"Hobby","slug":"hobby"}],"_links":{"self":[{"href":"https:\/\/www.seaflowerstore.com\/de\/wp-json\/wp\/v2\/product\/88462","targetHints":{"allow":["GET"]}}],"collection":[{"href":"https:\/\/www.seaflowerstore.com\/de\/wp-json\/wp\/v2\/product"}],"about":[{"href":"https:\/\/www.seaflowerstore.com\/de\/wp-json\/wp\/v2\/types\/product"}],"wp:featuredmedia":[{"embeddable":true,"href":"https:\/\/www.seaflowerstore.com\/de\/wp-json\/wp\/v2\/media\/77656"}],"wp:attachment":[{"href":"https:\/\/www.seaflowerstore.com\/de\/wp-json\/wp\/v2\/media?parent=88462"}],"wp:term":[{"taxonomy":"pwb-brand","embeddable":true,"href":"https:\/\/www.seaflowerstore.com\/de\/wp-json\/wp\/v2\/pwb-brand?post=88462"},{"taxonomy":"product_cat","embeddable":true,"href":"https:\/\/www.seaflowerstore.com\/de\/wp-json\/wp\/v2\/product_cat?post=88462"},{"taxonomy":"product_tag","embeddable":true,"href":"https:\/\/www.seaflowerstore.com\/de\/wp-json\/wp\/v2\/product_tag?post=88462"}],"curies":[{"name":"wp","href":"https:\/\/api.w.org\/{rel}","templated":true}]}}