{"id":88464,"date":"2014-01-28T14:22:11","date_gmt":"2014-01-28T13:22:11","guid":{"rendered":"https:\/\/www.seaflowerstore.com\/nl\/wire-kit-for-single-ai\/"},"modified":"2024-03-20T16:19:52","modified_gmt":"2024-03-20T15:19:52","slug":"wire-kit-for-single-ai","status":"publish","type":"product","link":"https:\/\/www.seaflowerstore.com\/de\/wire-kit-for-single-ai\/","title":{"rendered":"Wire kit for single (AI)"},"content":{"rendered":"<h2>Suspension set for a single AI Hydra<\/h2>\n<p>Dieses Edelstahl-Kabelset ist speziell daf\u00fcr konzipiert, einzelne Aquaillumination-LED-Leuchten direkt von der Decke zu h\u00e4ngen. Es ist au\u00dferdem vielseitig genug, um mehrere Leuchten zu unterst\u00fctzen, die mit dem AI EXT SYSTEM verbunden sind.<\/p>\n<p>Es ist f\u00fcr die folgenden Modelle geeignet: <strong>HYDRA 52\/64, HYDRA 26\/32, HYDRA, VEGA und SOLE<\/strong>.<\/p>\n<p>Jedes Set enth\u00e4lt:<\/p>\n<ul>\n<li>2 x 1,5 m H\u00e4ngedr\u00e4hte<\/li>\n<li>2 x Deckenmontageaufs\u00e4tze (Schrauben nicht enthalten)<\/li>\n<li>2 x verstellbare Schieber zur H\u00f6henverstellung<\/li>\n<li>2 x Y-Dr\u00e4hte mit Kugeln am Ende zur Integration in die H\u00e4ngeschiene<\/li>\n<li>2 x Edelstahlplatten, um die Dr\u00e4hte mit der Leuchte zu verbinden und sie sicher zu halten<\/li>\n<\/ul>\n<p>Bitte beachten Sie, dass Schrauben und Befestigungsvorrichtungen erforderlich sind und diese speziell f\u00fcr die Art Ihrer Decke sein sollten.<\/p>\n","protected":false},"excerpt":{"rendered":"<p>Suspension set for a single AI Hydra stainless wire kit designed to hang individual Aquaillumination LED lights directly from the ceiling<\/p>\n","protected":false},"featured_media":77650,"template":"","meta":[],"pwb-brand":[2175],"product_cat":[1393,1383,1384],"product_tag":[],"class_list":{"0":"post-88464","1":"product","2":"type-product","3":"status-publish","4":"has-post-thumbnail","6":"pwb-brand-aqua-illumination","7":"product_cat-beleuchtungszubehoer","8":"product_cat-aqua-illumination-de","9":"product_cat-led-de","11":"first","12":"outofstock","13":"taxable","14":"shipping-taxable","15":"purchasable","16":"product-type-simple"},"acf":[],"brands":[{"id":2175,"name":"Aqua Illumination","slug":"aqua-illumination"}],"_links":{"self":[{"href":"https:\/\/www.seaflowerstore.com\/de\/wp-json\/wp\/v2\/product\/88464","targetHints":{"allow":["GET"]}}],"collection":[{"href":"https:\/\/www.seaflowerstore.com\/de\/wp-json\/wp\/v2\/product"}],"about":[{"href":"https:\/\/www.seaflowerstore.com\/de\/wp-json\/wp\/v2\/types\/product"}],"wp:featuredmedia":[{"embeddable":true,"href":"https:\/\/www.seaflowerstore.com\/de\/wp-json\/wp\/v2\/media\/77650"}],"wp:attachment":[{"href":"https:\/\/www.seaflowerstore.com\/de\/wp-json\/wp\/v2\/media?parent=88464"}],"wp:term":[{"taxonomy":"pwb-brand","embeddable":true,"href":"https:\/\/www.seaflowerstore.com\/de\/wp-json\/wp\/v2\/pwb-brand?post=88464"},{"taxonomy":"product_cat","embeddable":true,"href":"https:\/\/www.seaflowerstore.com\/de\/wp-json\/wp\/v2\/product_cat?post=88464"},{"taxonomy":"product_tag","embeddable":true,"href":"https:\/\/www.seaflowerstore.com\/de\/wp-json\/wp\/v2\/product_tag?post=88464"}],"curies":[{"name":"wp","href":"https:\/\/api.w.org\/{rel}","templated":true}]}}