{"id":88468,"date":"2014-01-05T22:18:10","date_gmt":"2014-01-05T21:18:10","guid":{"rendered":"https:\/\/www.seaflowerstore.com\/nl\/salifert-boron-test-kit\/"},"modified":"2024-03-20T16:19:48","modified_gmt":"2024-03-20T15:19:48","slug":"salifert-boron-test-kit","status":"publish","type":"product","link":"https:\/\/www.seaflowerstore.com\/de\/salifert-boron-test-kit\/","title":{"rendered":"Salifert Boron Test Kit"},"content":{"rendered":"<h2>Salifert Boron Test Kit for measuring the boron content in seawater<\/h2>\n<p>Bor spielt in Meerwasseraquarien eine entscheidende Rolle. Ist die Konzentration zu niedrig, kann es das Wachstum von Korallen und Kalkalgen behindern. Ist die Konzentration hingegen zu hoch, kann dies zu einem Anstieg der Bors\u00e4ure f\u00fchren, die als Bakterizid wirken und wichtige Bakterien sch\u00e4digen kann.<\/p>\n<p>Die typische Konzentration in nat\u00fcrlichem Meerwasser ist relativ niedrig und liegt zwischen <strong>4,4 mg\/l und 4,8 mg\/l<\/strong>.<\/p>\n<p>Dieses Kit enth\u00e4lt gen\u00fcgend L\u00f6sung f\u00fcr <strong>25 Tests<\/strong> und wird allen empfohlen, die die DSR-Methode anwenden.<\/p>\n","protected":false},"excerpt":{"rendered":"<p>Salifert Profi Boron Test Kit for measuring the boron content in seawater<\/p>\n","protected":false},"featured_media":77646,"template":"","meta":[],"pwb-brand":[2141],"product_cat":[1533,1675,1400],"product_tag":[],"class_list":{"0":"post-88468","1":"product","2":"type-product","3":"status-publish","4":"has-post-thumbnail","6":"pwb-brand-salifert","7":"product_cat-dsr-empfohlen","8":"product_cat-salifert-de","9":"product_cat-tester","11":"first","12":"outofstock","13":"taxable","14":"shipping-taxable","15":"purchasable","16":"product-type-simple"},"acf":[],"brands":[{"id":2141,"name":"Salifert","slug":"salifert"}],"_links":{"self":[{"href":"https:\/\/www.seaflowerstore.com\/de\/wp-json\/wp\/v2\/product\/88468","targetHints":{"allow":["GET"]}}],"collection":[{"href":"https:\/\/www.seaflowerstore.com\/de\/wp-json\/wp\/v2\/product"}],"about":[{"href":"https:\/\/www.seaflowerstore.com\/de\/wp-json\/wp\/v2\/types\/product"}],"wp:featuredmedia":[{"embeddable":true,"href":"https:\/\/www.seaflowerstore.com\/de\/wp-json\/wp\/v2\/media\/77646"}],"wp:attachment":[{"href":"https:\/\/www.seaflowerstore.com\/de\/wp-json\/wp\/v2\/media?parent=88468"}],"wp:term":[{"taxonomy":"pwb-brand","embeddable":true,"href":"https:\/\/www.seaflowerstore.com\/de\/wp-json\/wp\/v2\/pwb-brand?post=88468"},{"taxonomy":"product_cat","embeddable":true,"href":"https:\/\/www.seaflowerstore.com\/de\/wp-json\/wp\/v2\/product_cat?post=88468"},{"taxonomy":"product_tag","embeddable":true,"href":"https:\/\/www.seaflowerstore.com\/de\/wp-json\/wp\/v2\/product_tag?post=88468"}],"curies":[{"name":"wp","href":"https:\/\/api.w.org\/{rel}","templated":true}]}}