{"id":88477,"date":"2013-12-20T11:38:42","date_gmt":"2013-12-20T10:38:42","guid":{"rendered":"https:\/\/www.seaflowerstore.com\/nl\/air-hose-dosing-hose-4-6mm-price-per-meter\/"},"modified":"2024-03-20T16:19:47","modified_gmt":"2024-03-20T15:19:47","slug":"air-hose-dosing-hose-4-6mm-price-per-meter","status":"publish","type":"product","link":"https:\/\/www.seaflowerstore.com\/de\/air-hose-dosing-hose-4-6mm-price-per-meter\/","title":{"rendered":"Air hose \/ dosing hose &#8211; 4-6mm. (price per meter)"},"content":{"rendered":"<h2>Transparent Air hose 4-6mm. (silicone) which is perfect for dosing pumps as dosing hose<\/h2>\n<p><strong>Preis pro Meter:<\/strong><\/p>\n<p>Dieser Luftschlauch ist speziell f\u00fcr die Dosierung von Fl\u00fcssigkeiten mit Dosierpumpen konzipiert oder kann effektiv mit Luftpumpen verwendet werden. Er ist eine ausgezeichnete Wahl f\u00fcr alle, die bei ihren Anwendungen Zuverl\u00e4ssigkeit und Flexibilit\u00e4t ben\u00f6tigen.<\/p>\n","protected":false},"excerpt":{"rendered":"<p>Transparent Air hose 4-6mm. (silicone) which is perfect for dosing pumps<\/p>\n","protected":false},"featured_media":77628,"template":"","meta":[],"pwb-brand":[2161],"product_cat":[1420,1581,1435,1451],"product_tag":[],"class_list":{"0":"post-88477","1":"product","2":"type-product","3":"status-publish","4":"has-post-thumbnail","6":"pwb-brand-seaflower","7":"product_cat-doseerpomp-accessoires-de","8":"product_cat-luftaustritt","9":"product_cat-silikonschlaeuche","10":"product_cat-zubehoer","12":"first","13":"instock","14":"taxable","15":"shipping-taxable","16":"purchasable","17":"product-type-simple"},"acf":[],"brands":[{"id":2161,"name":"Seaflower","slug":"seaflower"}],"_links":{"self":[{"href":"https:\/\/www.seaflowerstore.com\/de\/wp-json\/wp\/v2\/product\/88477","targetHints":{"allow":["GET"]}}],"collection":[{"href":"https:\/\/www.seaflowerstore.com\/de\/wp-json\/wp\/v2\/product"}],"about":[{"href":"https:\/\/www.seaflowerstore.com\/de\/wp-json\/wp\/v2\/types\/product"}],"wp:featuredmedia":[{"embeddable":true,"href":"https:\/\/www.seaflowerstore.com\/de\/wp-json\/wp\/v2\/media\/77628"}],"wp:attachment":[{"href":"https:\/\/www.seaflowerstore.com\/de\/wp-json\/wp\/v2\/media?parent=88477"}],"wp:term":[{"taxonomy":"pwb-brand","embeddable":true,"href":"https:\/\/www.seaflowerstore.com\/de\/wp-json\/wp\/v2\/pwb-brand?post=88477"},{"taxonomy":"product_cat","embeddable":true,"href":"https:\/\/www.seaflowerstore.com\/de\/wp-json\/wp\/v2\/product_cat?post=88477"},{"taxonomy":"product_tag","embeddable":true,"href":"https:\/\/www.seaflowerstore.com\/de\/wp-json\/wp\/v2\/product_tag?post=88477"}],"curies":[{"name":"wp","href":"https:\/\/api.w.org\/{rel}","templated":true}]}}