{"id":88481,"date":"2013-12-16T13:20:02","date_gmt":"2013-12-16T12:20:02","guid":{"rendered":"https:\/\/www.seaflowerstore.com\/nl\/nano-voyager-2000-l-h\/"},"modified":"2024-03-20T16:19:44","modified_gmt":"2024-03-20T15:19:44","slug":"nano-voyager-2000-l-h","status":"publish","type":"product","link":"https:\/\/www.seaflowerstore.com\/de\/nano-voyager-2000-l-h\/","title":{"rendered":"Nano Voyager &#8211; 2000 l\/h"},"content":{"rendered":"<h2>Sicce Nano Voyager &#8211; 2000 l \/ h a SMALL flow pump for saltwater aquariums<\/h2>\n<p>Die Sicce Nano Voyager ist eine unglaublich kompakte Str\u00f6mungspumpe mit einer Gesamtl\u00e4nge von nur 6,5 cm. Sie ist auf Effizienz ausgelegt, verbraucht nur 3 Watt und bietet eine leistungsstarke Durchflussrate von 2000 l\/h.<\/p>\n<p>Diese Pumpe ist mit einem automatischen Reinigungs- und Schmiersystem f\u00fcr die L\u00fcfterkammer ausgestattet, das optimale Leistung gew\u00e4hrleistet. Sie verf\u00fcgt \u00fcber eine vibrationsabsorbierende Magnetaufh\u00e4ngung, die f\u00fcr Aquarienglas mit einer Dicke von bis zu 12 mm geeignet ist.<\/p>\n<p>Die Nano Voyager wurde f\u00fcr einen leisen Betrieb und eine lange Lebensdauer entwickelt und verf\u00fcgt \u00fcber alle wesentlichen Funktionen der SICCE-Technologie. Sie verf\u00fcgt \u00fcber ein Schutzgitter mit feinen Rillen, das die kleinsten Fische, Korallen und Seesterne in Ihrem Aquarium sch\u00fctzt.<\/p>\n<p>Die Pumpe ist mit einem EIN\/AUS-Controller kompatibel und wir empfehlen den SICCE \u201eWave Surfer\u201c zur Erzeugung nat\u00fcrlicher Meeresstr\u00f6mungen an Korallenriffen. Es kann so programmiert werden, dass es in einem 10-Sekunden-Zyklus l\u00e4uft, um diese Str\u00f6mungen effektiv zu simulieren.<\/p>\n<p>Eines der herausragenden Merkmale der Voyager-Pumpen ist das Selbstreinigungssystem, ein Markenzeichen der neuesten Pumpengeneration von SICCE. Dieses System dr\u00fcckt Wasser um das Laufrad herum und h\u00e4lt es geschmiert und frei von Luftblasen, die L\u00e4rm verursachen k\u00f6nnen. Das bedeutet f\u00fcr Sie unterbrechungsfreien Betrieb und weniger Wartungsaufwand.<\/p>\n<p>Zus\u00e4tzlich hilft das SICCE-Selbstreinigungssystem dabei, den Motor zu k\u00fchlen und die W\u00e4rme\u00fcbertragung in Ihr Aquarienwasser zu minimieren. Die magnetische Aufh\u00e4ngung erm\u00f6glicht eine einfache 360\u00b0-Drehung der Pumpe, w\u00e4hrend das SICCE-Vibrationsabsorptionssystem ein spezielles Gummi verwendet, um zu verhindern, dass Vibrationen durch das Aquarienglas \u00fcbertragen werden.<\/p>\n<p>Insgesamt ist diese Pumpe klein, aber leistungsstark!<\/p>\n<p><strong>Abmessungen:<\/strong> Die Pumpe misst im Wasser 65 x 40 x 50 mm, mit einer externen magnetischen Halterung von 10 mm.<\/p>\n<p>In jedem Sicce Nano Voyager-Paket enthalten:<\/p>\n<ul>\n<li>Magnethalterung f\u00fcr Aquarienglas bis 12 mm<\/li>\n<li>Schutzgitter<\/li>\n<li>Garantiezertifikat und Seriennummernzertifikat der Qualit\u00e4tskontrollabteilung<\/li>\n<li>Mehrsprachiges Benutzerhandbuch: IT, NL, DE, FR, NL, RU, ES, PT<\/li>\n<\/ul>\n","protected":false},"excerpt":{"rendered":"<p>Sicce Nano Voyager &#8211; 2000 l \/ h a SMALL flow pump for saltwater aquariums<\/p>\n","protected":false},"featured_media":77617,"template":"","meta":[],"pwb-brand":[2163],"product_cat":[1388,2104],"product_tag":[],"class_list":{"0":"post-88481","1":"product","2":"type-product","3":"status-publish","4":"has-post-thumbnail","6":"pwb-brand-sicce","7":"product_cat-stroemungspumpen","8":"product_cat-sicce-de","10":"first","11":"instock","12":"taxable","13":"shipping-taxable","14":"purchasable","15":"product-type-simple"},"acf":[],"brands":[{"id":2163,"name":"Sicce","slug":"sicce"}],"_links":{"self":[{"href":"https:\/\/www.seaflowerstore.com\/de\/wp-json\/wp\/v2\/product\/88481","targetHints":{"allow":["GET"]}}],"collection":[{"href":"https:\/\/www.seaflowerstore.com\/de\/wp-json\/wp\/v2\/product"}],"about":[{"href":"https:\/\/www.seaflowerstore.com\/de\/wp-json\/wp\/v2\/types\/product"}],"wp:featuredmedia":[{"embeddable":true,"href":"https:\/\/www.seaflowerstore.com\/de\/wp-json\/wp\/v2\/media\/77617"}],"wp:attachment":[{"href":"https:\/\/www.seaflowerstore.com\/de\/wp-json\/wp\/v2\/media?parent=88481"}],"wp:term":[{"taxonomy":"pwb-brand","embeddable":true,"href":"https:\/\/www.seaflowerstore.com\/de\/wp-json\/wp\/v2\/pwb-brand?post=88481"},{"taxonomy":"product_cat","embeddable":true,"href":"https:\/\/www.seaflowerstore.com\/de\/wp-json\/wp\/v2\/product_cat?post=88481"},{"taxonomy":"product_tag","embeddable":true,"href":"https:\/\/www.seaflowerstore.com\/de\/wp-json\/wp\/v2\/product_tag?post=88481"}],"curies":[{"name":"wp","href":"https:\/\/api.w.org\/{rel}","templated":true}]}}