{"id":88482,"date":"2013-12-16T13:19:58","date_gmt":"2013-12-16T12:19:58","guid":{"rendered":"https:\/\/www.seaflowerstore.com\/nl\/nano-voyager-1000-l-h\/"},"modified":"2024-03-20T16:19:43","modified_gmt":"2024-03-20T15:19:43","slug":"nano-voyager-1000-l-h","status":"publish","type":"product","link":"https:\/\/www.seaflowerstore.com\/de\/nano-voyager-1000-l-h\/","title":{"rendered":"Nano Voyager &#8211; 1000 l\/h"},"content":{"rendered":"<h2>Sicce Nano Voyager &#8211; 1000 l \/ h small flow pump<\/h2>\n<p>Die <strong>kleinste Str\u00f6mungspumpe<\/strong> f\u00fcr Meerwasseraquarien ist da! Mit einer unglaublich kompakten L\u00e4nge von nur 6,5 cm ist diese Pumpe auf Effizienz ausgelegt.<\/p>\n<p>Sie zeichnet sich durch einen niedrigen Energieverbrauch von nur 2,8 Watt aus und liefert eine beeindruckende Durchflussrate von 1.000 l\/h. Das <strong>automatische Reinigungs- und Schmiersystem<\/strong> f\u00fcr die L\u00fcfterkammer sorgt f\u00fcr einen reibungslosen und effizienten Betrieb.<\/p>\n<p>Mit einer vibrationsabsorbierenden <strong>Magnetaufh\u00e4ngung<\/strong> ist diese Pumpe f\u00fcr Aquarienglas mit einer Dicke von bis zu 12 mm geeignet. Sie wurde entwickelt, um einen <em>leisen Betrieb<\/em> und eine hervorragende Haltbarkeit zu bieten. Alle SICCE-Technologiefunktionen sind enthalten, wie z. B. ein Schutzgitter mit feinen Rillen zum Schutz der kleinsten Fische, Korallen und Seesterne.<\/p>\n<p>Sie ist auch mit einem Ein-\/Aus-Controller kompatibel und wir empfehlen die Verwendung des SICCE \u201eWaveSurfer\u201c. Der VOYAGER NANO kann so programmiert werden, dass er in einem 10-Sekunden-Takt nat\u00fcrliche Str\u00f6mungen an Korallenriffen erzeugt.<\/p>\n<p>Eines der herausragenden Merkmale der VOYAGER-Pumpen ist das <strong>Selbstreinigungssystem<\/strong>, das in allen Pumpen der neuesten Generation von SICCE entwickelt wurde. Wasser zirkuliert um das Laufrad, wodurch es geschmiert und gereinigt wird und gleichzeitig Luftblasen vermieden werden, die Betriebsger\u00e4usche verursachen k\u00f6nnten. Dies gew\u00e4hrleistet einen kontinuierlichen Betrieb und reduziert den Wartungsbedarf.<\/p>\n<p>Das <strong>SICCE-Selbstreinigungssystem<\/strong> hilft auch dabei, den Motor zu k\u00fchlen und minimiert die W\u00e4rme\u00fcbertragung auf das Aquarienwasser. Die magnetische Aufh\u00e4ngung erm\u00f6glicht eine einfache 360\u00b0-Drehung der Pumpe und umfasst das SICCE-Vibrationsabsorptionssystem, das spezielles Gummi verwendet, um zu verhindern, dass Vibrationen das Aquarienglas erreichen.<\/p>\n<p>Insgesamt kombiniert diese Pumpe eine <strong>kleine Gr\u00f6\u00dfe<\/strong> mit einer <strong>starken Leistung<\/strong>! Die Abmessungen der Pumpe im Wasser betragen 65 x 40 x 50 mm, mit einer externen Magnethalterung von 10 mm.<\/p>\n<p>Jedes Voyager Nano-Paket enth\u00e4lt:<\/p>\n<ul>\n<li>2 m Kabell\u00e4nge<\/li>\n<li>Magnethalterung f\u00fcr Aquarienglas bis 12 mm<\/li>\n<li>Gitterschutz<\/li>\n<li>Garantiezertifikat und Seriennummernzertifikat der Qualit\u00e4tskontrollabteilung<\/li>\n<li>Mehrsprachige Bedienungsanleitung: IT &#8211; NL &#8211; DE &#8211; FR &#8211; NL &#8211; RU &#8211; ES &#8211; PT<\/li>\n<\/ul>\n","protected":false},"excerpt":{"rendered":"<p>Sicce Nano Voyager &#8211; 1000 l \/ h small flow pump Extremely compact with only 6.5 cm total length!<\/p>\n","protected":false},"featured_media":77615,"template":"","meta":[],"pwb-brand":[2163],"product_cat":[1388,2104],"product_tag":[],"class_list":{"0":"post-88482","1":"product","2":"type-product","3":"status-publish","4":"has-post-thumbnail","6":"pwb-brand-sicce","7":"product_cat-stroemungspumpen","8":"product_cat-sicce-de","10":"first","11":"instock","12":"taxable","13":"shipping-taxable","14":"purchasable","15":"product-type-simple"},"acf":[],"brands":[{"id":2163,"name":"Sicce","slug":"sicce"}],"_links":{"self":[{"href":"https:\/\/www.seaflowerstore.com\/de\/wp-json\/wp\/v2\/product\/88482","targetHints":{"allow":["GET"]}}],"collection":[{"href":"https:\/\/www.seaflowerstore.com\/de\/wp-json\/wp\/v2\/product"}],"about":[{"href":"https:\/\/www.seaflowerstore.com\/de\/wp-json\/wp\/v2\/types\/product"}],"wp:featuredmedia":[{"embeddable":true,"href":"https:\/\/www.seaflowerstore.com\/de\/wp-json\/wp\/v2\/media\/77615"}],"wp:attachment":[{"href":"https:\/\/www.seaflowerstore.com\/de\/wp-json\/wp\/v2\/media?parent=88482"}],"wp:term":[{"taxonomy":"pwb-brand","embeddable":true,"href":"https:\/\/www.seaflowerstore.com\/de\/wp-json\/wp\/v2\/pwb-brand?post=88482"},{"taxonomy":"product_cat","embeddable":true,"href":"https:\/\/www.seaflowerstore.com\/de\/wp-json\/wp\/v2\/product_cat?post=88482"},{"taxonomy":"product_tag","embeddable":true,"href":"https:\/\/www.seaflowerstore.com\/de\/wp-json\/wp\/v2\/product_tag?post=88482"}],"curies":[{"name":"wp","href":"https:\/\/api.w.org\/{rel}","templated":true}]}}