{"id":88488,"date":"2013-12-08T15:36:04","date_gmt":"2013-12-08T14:36:04","guid":{"rendered":"https:\/\/www.seaflowerstore.com\/nl\/flipper-cleaner-float\/"},"modified":"2024-03-20T16:19:34","modified_gmt":"2024-03-20T15:19:34","slug":"flipper-cleaner-float","status":"publish","type":"product","link":"https:\/\/www.seaflowerstore.com\/de\/flipper-cleaner-float\/","title":{"rendered":"Flipper Cleaner float"},"content":{"rendered":"<h2>Flipper Cleaner float innovative magnet cleaner for your aquarium<\/h2>\n<p>Wir stellen den Flipper Cleaner vor, einen innovativen Magnetreiniger f\u00fcr Glas- und Acryltanks mit einer Dicke von bis zu 12 mm. Mit dem patentierten FL!PPER Aquarium Cleaner k\u00f6nnen Sie schrubben, umdrehen, schaben und jetzt auch *SCHWIMMEN*! Dieses neue schwimmende Modell ist das letzte Reinigungswerkzeug f\u00fcr Aquarien, das Sie jemals brauchen werden. Das einzigartige Design erm\u00f6glicht einen 2-in-1-Magnetreiniger, der sich durch einfaches Drehen des Griffs leicht vom Schrubber zum Schaber umdrehen l\u00e4sst.<\/p>\n<p>Der schwimmende FL!PPER verf\u00fcgt \u00fcber einen ergonomischen GRIP\/FLIP-Griff, der das Umdrehen m\u00fchelos macht. Sollte sich der Reiniger jemals l\u00f6sen, schwimmt er an die Oberfl\u00e4che Ihres Aquariums und l\u00e4sst sich leicht wieder herausholen. Dieses Werkzeug ist ein Muss f\u00fcr fortgeschrittene Hobbyisten und Wartungsprofis!<\/p>\n<h3>Flipper Cleaner (Standard) Schwimmfunktionen<\/h3>\n<ul>\n<li><strong>SCHWIMMT<\/strong> an die Oberfl\u00e4che, falls sich der Reiniger jemals l\u00f6st!<\/li>\n<li>NEU Ergonomisch GRIP\/FLIP-Griff f\u00fcr einfaches UMSCHALTEN vom Schrubber zum Schaber<\/li>\n<li>NEU Verbesserter, langlebigerer Grifffilz<\/li>\n<li>Ausgestattet mit Seltenerdmagneten f\u00fcr au\u00dfergew\u00f6hnliche Reinigungskraft und Haltbarkeit, beseitigt selbst hartn\u00e4ckigste Korallenalgen<\/li>\n<li>Die Klingenseite hat nur 3 Kontaktpunkte, wodurch ein Sicherheitsabstand zwischen dem Reiniger und dem Glas entsteht. Dieses Design minimiert die Gefahr von Sandeinschl\u00fcssen und verringert das Risiko von Kratzern, selbst beim Reinigen unter dem Sand!<\/li>\n<li>Einzigartiger Orientierungsauftrieb sorgt daf\u00fcr, dass die Magnete immer zum Glas zeigen, um ein einfaches Herausnehmen zu erm\u00f6glichen<\/li>\n<li>Enth\u00e4lt (2) austauschbare Klingen: Edelstahl f\u00fcr Glastanks und ABS-Kunststoff f\u00fcr Acryltanks. Es wird empfohlen, die Klingen alle 3-6 Monate auszutauschen, um eine optimale Algenentfernung zu gew\u00e4hrleisten.<\/li>\n<li>Entwickelt f\u00fcr Glas- und Acryltanks mit einer Dicke von bis zu 12 mm<\/li>\n<\/ul>\n<h3>H\u00c4UFIG GESTELLTE FRAGEN<\/h3>\n<ul>\n<li><strong>Ist es schwierig, den Reiniger umzudrehen?<\/strong> Wenn Sie erst einmal verstanden haben, wie es geht, ist das Umdrehen ganz einfach. Bitte folgen Sie den Anweisungen im mitgelieferten Handbuch oder sehen Sie sich das Video auf der Flipper-Website an. Verwenden Sie den Flipper am besten in einem Bereich mit minimaler Str\u00f6mung und ausreichend Abstand zu lebenden Felsen oder Korallen.<\/li>\n<li><strong>Wie gro\u00df ist die maximale Glasdicke?<\/strong> Der Flipper kann f\u00fcr Glas- oder Kunststoffaquarien <strong>bis zu 12 mm<\/strong> Dicke verwendet werden.<\/li>\n<li><strong>Wie lange halten die Metallklingen und rosten sie mit der Zeit?<\/strong> Die Metallklingen bestehen aus hochkorrosionsbest\u00e4ndigem Edelstahl RVS316. Das bedeutet, dass Sie den Flipper in Ihrem Aquarium lassen k\u00f6nnen, ohne sich Sorgen machen zu m\u00fcssen, dass die Klingen rosten. Je nach Nutzung k\u00f6nnen die Klingen mehrere Monate halten.<\/li>\n<li><strong>Ist der Flipper f\u00fcr Aquarien mit gew\u00f6lbter Windschutzscheibe geeignet?<\/strong> Ja!<\/li>\n<\/ul>\n","protected":false},"excerpt":{"rendered":"<p>Flipper Cleaner float innovative magnet cleaner for your aquarium<\/p>\n","protected":false},"featured_media":83519,"template":"","meta":[],"pwb-brand":[2247],"product_cat":[1428],"product_tag":[],"class_list":{"0":"post-88488","1":"product","2":"type-product","3":"status-publish","4":"has-post-thumbnail","6":"pwb-brand-flipper","7":"product_cat-algenmagnet","9":"first","10":"instock","11":"sale","12":"taxable","13":"shipping-taxable","14":"purchasable","15":"product-type-simple"},"acf":[],"brands":[{"id":2247,"name":"Flipper","slug":"flipper"}],"_links":{"self":[{"href":"https:\/\/www.seaflowerstore.com\/de\/wp-json\/wp\/v2\/product\/88488","targetHints":{"allow":["GET"]}}],"collection":[{"href":"https:\/\/www.seaflowerstore.com\/de\/wp-json\/wp\/v2\/product"}],"about":[{"href":"https:\/\/www.seaflowerstore.com\/de\/wp-json\/wp\/v2\/types\/product"}],"wp:featuredmedia":[{"embeddable":true,"href":"https:\/\/www.seaflowerstore.com\/de\/wp-json\/wp\/v2\/media\/83519"}],"wp:attachment":[{"href":"https:\/\/www.seaflowerstore.com\/de\/wp-json\/wp\/v2\/media?parent=88488"}],"wp:term":[{"taxonomy":"pwb-brand","embeddable":true,"href":"https:\/\/www.seaflowerstore.com\/de\/wp-json\/wp\/v2\/pwb-brand?post=88488"},{"taxonomy":"product_cat","embeddable":true,"href":"https:\/\/www.seaflowerstore.com\/de\/wp-json\/wp\/v2\/product_cat?post=88488"},{"taxonomy":"product_tag","embeddable":true,"href":"https:\/\/www.seaflowerstore.com\/de\/wp-json\/wp\/v2\/product_tag?post=88488"}],"curies":[{"name":"wp","href":"https:\/\/api.w.org\/{rel}","templated":true}]}}