{"id":88509,"date":"2013-11-18T09:50:30","date_gmt":"2013-11-18T08:50:30","guid":{"rendered":"https:\/\/www.seaflowerstore.com\/nl\/corall-care-set-abc-vitaminom-500ml\/"},"modified":"2024-03-20T16:19:14","modified_gmt":"2024-03-20T15:19:14","slug":"corall-care-set-abc-vitaminom-500ml","status":"publish","type":"product","link":"https:\/\/www.seaflowerstore.com\/de\/corall-care-set-abc-vitaminom-500ml\/","title":{"rendered":"Corall care set A,B,C + VitAminoM 500ml"},"content":{"rendered":"<h2>Grotech Corall care set A,B,C + VitAminoM 500ml set trace element- , vitamin- and amino acid solution for soft, leather and hard corals<\/h2>\n<p>In Kombination liefern Corall A, B und C alle wichtigen Verbindungen und Mikroelemente, die Korallen zum Gedeihen ben\u00f6tigen. Diese Elemente sind entscheidend f\u00fcr die Aufrechterhaltung der nat\u00fcrlichen F\u00e4rbung, die F\u00f6rderung des Wachstums und die Verbesserung des Polypenbildes. Sie unterst\u00fctzen lebenswichtige biologische Prozesse in den Zellen und f\u00f6rdern einen gesunden Organismus.<\/p>\n<p>Die Zugabe von VitAmino M stellt sicher, dass neben der Versorgung mit Spurenelementen auch der Vitamin- und Aminos\u00e4urebedarf gedeckt wird. Das GROTECH ABC-System ist f\u00fcr eine einfache Dosierung mit automatischen Dosierpumpen ausgelegt. Bitte beachten Sie jedoch, dass dieses System nicht den vollst\u00e4ndigen Bedarf an Mengenelementen wie Magnesium, Kalzium und Karbonaten erf\u00fcllt. Es ist wichtig, diese Werte regelm\u00e4\u00dfig zu \u00fcberpr\u00fcfen und gegebenenfalls durch Zugabe von GROTECH Magnesium pro, Calcium pro und Carbonate pro oder anderen Produkten aus der GROTECH Element-Reihe auszugleichen.<\/p>\n<p><strong>Dosierung:<\/strong> Es werden maximal 10 ml pro Woche auf 100 Liter Aquarienwasser empfohlen. Diese Dosierung ist f\u00fcr ein gut besiedeltes Korallenriffbecken geeignet. Um Schwankungen der Spurenelementkonzentrationen zu vermeiden, empfiehlt sich eine t\u00e4gliche, besser noch mehrmals t\u00e4gliche Dosierung. Mischen Sie Corall A, B, C und VitAmino M bitte nicht im Messbecher, sondern geben Sie diese getrennt ins Aquarium.<\/p>\n<p>Bei Steinkorallen kommt es nicht selten vor, dass die Farbintensit\u00e4t nach anf\u00e4nglichen Farbverst\u00e4rkungen nachl\u00e4sst. Sollten Sie diesen Effekt bemerken, empfehlen wir Ihnen, die Dosierung auf 30% der zuletzt verwendeten Menge zu reduzieren. Sobald die Farben zur\u00fcckkehren, k\u00f6nnen Sie die Dosierung schrittweise wieder erh\u00f6hen, bis Sie den optimalen Wert f\u00fcr Ihr Aquarium gefunden haben.<\/p>\n<ul>\n<li>Corall A enth\u00e4lt: Strontium, Magnesium, Lithium<\/li>\n<li>Corall B enth\u00e4lt: Magnesium, Eisen, Chrom, Mangan, Nickel, Kobalt, Kupfer<\/li>\n<li>Corall C enth\u00e4lt: Fluor, Jod, Bor, Molybd\u00e4n<\/li>\n<li>VitAmino M besteht aus 11 Vitaminen und 20 Aminos\u00e4uren.<\/li>\n<\/ul>\n<p><strong>Grotech Corall Pflegeset besteht aus:<\/strong><\/p>\n<ul>\n<li>1 x Corall A 500ml<\/li>\n<li>1 x Corall B 500ml<\/li>\n<li>1 x Corall C 500ml<\/li>\n<li>1 x VitAmino M 500ml<\/li>\n<\/ul>\n","protected":false},"excerpt":{"rendered":"<p>Grotech Corall care set A,B,C + VitAminoM 500ml set trace element- , vitamin- and amino acid solution for soft, leather and hard corals<\/p>\n","protected":false},"featured_media":83653,"template":"","meta":[],"pwb-brand":[2135],"product_cat":[1391],"product_tag":[],"class_list":{"0":"post-88509","1":"product","2":"type-product","3":"status-publish","4":"has-post-thumbnail","6":"pwb-brand-grotech","7":"product_cat-ergaenzungen","9":"first","10":"instock","11":"taxable","12":"shipping-taxable","13":"purchasable","14":"product-type-simple"},"acf":[],"brands":[{"id":2135,"name":"Grotech","slug":"grotech"}],"_links":{"self":[{"href":"https:\/\/www.seaflowerstore.com\/de\/wp-json\/wp\/v2\/product\/88509","targetHints":{"allow":["GET"]}}],"collection":[{"href":"https:\/\/www.seaflowerstore.com\/de\/wp-json\/wp\/v2\/product"}],"about":[{"href":"https:\/\/www.seaflowerstore.com\/de\/wp-json\/wp\/v2\/types\/product"}],"wp:featuredmedia":[{"embeddable":true,"href":"https:\/\/www.seaflowerstore.com\/de\/wp-json\/wp\/v2\/media\/83653"}],"wp:attachment":[{"href":"https:\/\/www.seaflowerstore.com\/de\/wp-json\/wp\/v2\/media?parent=88509"}],"wp:term":[{"taxonomy":"pwb-brand","embeddable":true,"href":"https:\/\/www.seaflowerstore.com\/de\/wp-json\/wp\/v2\/pwb-brand?post=88509"},{"taxonomy":"product_cat","embeddable":true,"href":"https:\/\/www.seaflowerstore.com\/de\/wp-json\/wp\/v2\/product_cat?post=88509"},{"taxonomy":"product_tag","embeddable":true,"href":"https:\/\/www.seaflowerstore.com\/de\/wp-json\/wp\/v2\/product_tag?post=88509"}],"curies":[{"name":"wp","href":"https:\/\/api.w.org\/{rel}","templated":true}]}}