{"id":88510,"date":"2013-11-16T21:57:29","date_gmt":"2013-11-16T20:57:29","guid":{"rendered":"https:\/\/www.seaflowerstore.com\/nl\/balling-trace-3-metallic-health-fluorescent-effect-500ml\/"},"modified":"2025-08-18T09:09:05","modified_gmt":"2025-08-18T07:09:05","slug":"balling-trace-3-metallic-health-fluorescent-effect-500ml","status":"publish","type":"product","link":"https:\/\/www.seaflowerstore.com\/de\/balling-trace-3-metallic-health-fluorescent-effect-500ml\/","title":{"rendered":"Balling Trace 3 Metallic Health Fluorescent Effect 500ml"},"content":{"rendered":"<h2>Fauna Marin Balling Trace 3 500ml Metallic Health Fluorescent Effect<\/h2>\n<p><strong>Die alte Bezeichnung war ULTRA TRACE B3 HEALTH ELEMENTS 500ml.<\/strong> Durch die Zugabe von Spurenelementen zu den Balling Salzen entsteht ein umfassendes Grundversorgungssystem. Diese verbrauchsorientierte Erg\u00e4nzung hilft effektiv, dem weit verbreiteten \u201eOld Tank Syndrome\u201c vorzubeugen. Bei Bedarf k\u00f6nnen Sie ganz einfach einen besonders starken Verbrauchspool einstellen und bereitstellen.<\/p>\n<p><strong>Inhaltsstoffe:<\/strong> Kalium, Natrium Fluor, Jod, Brom, Stabilisatoren. Diese Inhaltsstoffe basieren auf anorganischen Verbindungen.<\/p>\n<p><strong>MISCHANLEITUNG:<\/strong> Nach dem Umf\u00fcllen der Fl\u00fcssigkeiten in die entsprechenden Beh\u00e4lter diese gut sch\u00fctteln. Bitte beachten Sie die Dosierempfehlungen und die Gebrauchsanweisung der Balling Light Methode! Beachten Sie, dass Spurenelemente B nicht f\u00fcr die direkte Dosierung ins Aquarium geeignet sind.<\/p>\n<p>So stellen Sie die Erste-Hilfe-Mischung aus Balling Light 3 Beh\u00e4ltern zusammen:<\/p>\n<ul>\n<li><strong>BEH\u00c4LTER 1:<\/strong> Mischen Sie 2 kg CALCIUM-MIX mit 4 Litern RO-Wasser und f\u00fcllen Sie es dann mit RO-Wasser auf 5 Liter auf. F\u00fcr die TRACE-Flasche geben Sie 25 ml Trace 1 Metallic Color + Grow Effect und 25 ml Trace 2 Metallic Color Effect hinzu.<\/li>\n<li><strong>BEH\u00c4LTER 2:<\/strong> Mischen Sie 2 kg MAGNESIUM-MIX mit 4 Litern RO-Wasser und f\u00fcllen Sie es dann mit RO-Wasser auf 5 Liter auf. Beachten Sie, dass Sulfat bei dieser neuen Methode m\u00f6glicherweise nicht erforderlich ist und Trace 1-3 in diesem Beh\u00e4lter nicht erforderlich ist.<\/li>\n<li><strong>BEH\u00c4LTER 3:<\/strong> Mischen Sie 500 g CARBONATE-MIX mit 4 Litern RO-Wasser und f\u00fcllen Sie es dann mit RO-Wasser auf 5 Liter auf. Geben Sie f\u00fcr die TRACE-Flasche 25 ml Trace 3 Metallic Health Fluorescent Effect hinzu.<\/li>\n<\/ul>\n","protected":false},"excerpt":{"rendered":"<p>Fauna Marin Balling Trace 3 500ml Metallic Health Fluorescent Effect<\/p>\n","protected":false},"featured_media":84122,"template":"","meta":[],"pwb-brand":[2177],"product_cat":[1391,1437],"product_tag":[],"class_list":{"0":"post-88510","1":"product","2":"type-product","3":"status-publish","4":"has-post-thumbnail","6":"pwb-brand-fauna-marin","7":"product_cat-ergaenzungen","8":"product_cat-fauna-marin-de","10":"first","11":"instock","12":"taxable","13":"shipping-taxable","14":"purchasable","15":"product-type-simple"},"acf":[],"brands":[{"id":2177,"name":"Fauna Marin","slug":"fauna-marin"}],"_links":{"self":[{"href":"https:\/\/www.seaflowerstore.com\/de\/wp-json\/wp\/v2\/product\/88510","targetHints":{"allow":["GET"]}}],"collection":[{"href":"https:\/\/www.seaflowerstore.com\/de\/wp-json\/wp\/v2\/product"}],"about":[{"href":"https:\/\/www.seaflowerstore.com\/de\/wp-json\/wp\/v2\/types\/product"}],"wp:featuredmedia":[{"embeddable":true,"href":"https:\/\/www.seaflowerstore.com\/de\/wp-json\/wp\/v2\/media\/84122"}],"wp:attachment":[{"href":"https:\/\/www.seaflowerstore.com\/de\/wp-json\/wp\/v2\/media?parent=88510"}],"wp:term":[{"taxonomy":"pwb-brand","embeddable":true,"href":"https:\/\/www.seaflowerstore.com\/de\/wp-json\/wp\/v2\/pwb-brand?post=88510"},{"taxonomy":"product_cat","embeddable":true,"href":"https:\/\/www.seaflowerstore.com\/de\/wp-json\/wp\/v2\/product_cat?post=88510"},{"taxonomy":"product_tag","embeddable":true,"href":"https:\/\/www.seaflowerstore.com\/de\/wp-json\/wp\/v2\/product_tag?post=88510"}],"curies":[{"name":"wp","href":"https:\/\/api.w.org\/{rel}","templated":true}]}}