{"id":88511,"date":"2013-11-16T21:56:59","date_gmt":"2013-11-16T20:56:59","guid":{"rendered":"https:\/\/www.seaflowerstore.com\/nl\/balling-trace-2-metallic-metabolic-color-effect-500ml\/"},"modified":"2024-03-20T16:16:46","modified_gmt":"2024-03-20T15:16:46","slug":"balling-trace-2-metallic-metabolic-color-effect-500ml","status":"publish","type":"product","link":"https:\/\/www.seaflowerstore.com\/de\/balling-trace-2-metallic-metabolic-color-effect-500ml\/","title":{"rendered":"Balling Trace 2 Metallic Metabolic Color Effect 500ml"},"content":{"rendered":"<h2>Fauna Marin Balling Trace 2 Metallic Metabolic Color Effect 500ml is a Heavy Metal Complex<\/h2>\n<p>Die alte Bezeichnung war ULTRA TRACE B2 METABOLIC ELEMENTS. Durch die Zugabe von Spurenelementen zu den Balling-Salzen entsteht ein umfassendes Grundversorgungssystem. Diese verbrauchsorientierte Erg\u00e4nzung beugt dem gef\u00fcrchteten \u201eOld Tank Syndrome\u201c effektiv vor. Sie erm\u00f6glicht Ihnen eine einfache Anpassung und Versorgung eines besonders starken Verbrauchspools nach Bedarf.<\/p>\n<p><strong>ZUTATEN:<\/strong> Eisen, Mangan, Kupfer, Nickel, Zink, Chrom. Diese basieren sowohl auf organischen als auch auf anorganischen Verbindungen.<\/p>\n<p><strong>MISCHANLEITUNG:<\/strong> Nach dem Einf\u00fcllen der Fl\u00fcssigkeiten in die entsprechenden Beh\u00e4lter bitte gut sch\u00fctteln. Es ist wichtig, die Dosierungsempfehlungen zu beachten und die Gebrauchsanweisung der Balling Light-Methode zu beachten. Bitte beachten Sie, dass Spurenelemente B nicht zur direkten Dosierung ins Aquarium geeignet sind!<\/p>\n<p>F\u00fcr die Balling Light Grundversorgung stellen Sie bitte 3 Beh\u00e4lter bereit:<\/p>\n<ul>\n<li><strong>BEH\u00c4LTER 1:<\/strong> Mischen Sie 2 kg CALCIUM-MIX mit 4 Litern Osmosewasser und f\u00fcllen Sie es dann mit Osmosewasser auf 5 Liter auf. Geben Sie in die TRACE-Flasche 25 ml Trace 1 Metallic Color + Grow Effect und 25 ml Trace 2 Metallic Metabolic Color Effect.<\/li>\n<li><strong>BEH\u00c4LTER 2:<\/strong> Mischen Sie 2 kg MAGNESIUM-MIX mit 4 Litern Osmosewasser und f\u00fcllen Sie es dann mit Osmosewasser auf 5 Liter auf. Mag-Sulfat wird bei dieser neuen Methode nicht ben\u00f6tigt. Trace 1-3 werden in diesem Beh\u00e4lter nicht ben\u00f6tigt.<\/li>\n<li><strong>BEH\u00c4LTER 3:<\/strong> Mischen Sie 500 g CARBONATE-MIX mit 4 Litern RO-Wasser und f\u00fcllen Sie es dann mit RO-Wasser auf 5 Liter auf. Geben Sie in die TRACE-Flasche 25 ml Trace 3 Metallic Health Fluorescent Effect.<\/li>\n<\/ul>\n","protected":false},"excerpt":{"rendered":"<p>Fauna Marin Balling Trace 2 Metallic Metabolic Color Effect is a Heavy Metal Complex<\/p>\n","protected":false},"featured_media":84121,"template":"","meta":[],"pwb-brand":[2177],"product_cat":[1391,1437],"product_tag":[],"class_list":{"0":"post-88511","1":"product","2":"type-product","3":"status-publish","4":"has-post-thumbnail","6":"pwb-brand-fauna-marin","7":"product_cat-ergaenzungen","8":"product_cat-fauna-marin-de","10":"first","11":"outofstock","12":"taxable","13":"shipping-taxable","14":"purchasable","15":"product-type-simple"},"acf":[],"brands":[{"id":2177,"name":"Fauna Marin","slug":"fauna-marin"}],"_links":{"self":[{"href":"https:\/\/www.seaflowerstore.com\/de\/wp-json\/wp\/v2\/product\/88511","targetHints":{"allow":["GET"]}}],"collection":[{"href":"https:\/\/www.seaflowerstore.com\/de\/wp-json\/wp\/v2\/product"}],"about":[{"href":"https:\/\/www.seaflowerstore.com\/de\/wp-json\/wp\/v2\/types\/product"}],"wp:featuredmedia":[{"embeddable":true,"href":"https:\/\/www.seaflowerstore.com\/de\/wp-json\/wp\/v2\/media\/84121"}],"wp:attachment":[{"href":"https:\/\/www.seaflowerstore.com\/de\/wp-json\/wp\/v2\/media?parent=88511"}],"wp:term":[{"taxonomy":"pwb-brand","embeddable":true,"href":"https:\/\/www.seaflowerstore.com\/de\/wp-json\/wp\/v2\/pwb-brand?post=88511"},{"taxonomy":"product_cat","embeddable":true,"href":"https:\/\/www.seaflowerstore.com\/de\/wp-json\/wp\/v2\/product_cat?post=88511"},{"taxonomy":"product_tag","embeddable":true,"href":"https:\/\/www.seaflowerstore.com\/de\/wp-json\/wp\/v2\/product_tag?post=88511"}],"curies":[{"name":"wp","href":"https:\/\/api.w.org\/{rel}","templated":true}]}}