{"id":88512,"date":"2013-11-16T21:56:39","date_gmt":"2013-11-16T21:56:39","guid":{"rendered":"https:\/\/www.seaflowerstore.com\/nl\/balling-trace-1-metallic-color-grow-effect-500ml\/"},"modified":"2024-03-20T16:16:44","modified_gmt":"2024-03-20T15:16:44","slug":"balling-trace-1-metallic-color-grow-effect-500ml","status":"publish","type":"product","link":"https:\/\/www.seaflowerstore.com\/de\/balling-trace-1-metallic-color-grow-effect-500ml\/","title":{"rendered":"Balling Trace 1 Metallic Color &amp; Grow Effect 500ml"},"content":{"rendered":"<h2>Fauna Marin Balling Trace 1 Metallic Color &amp; Grow Effect 500ml<\/h2>\n<p>Durch die Zugabe von Spurenelementen zu den Balling-Salzen entsteht ein umfassendes System. Diese verbrauchsorientierte Erg\u00e4nzung hilft effektiv, das bekannte \u201eOld Tank Syndrome\u201c zu vermeiden. Die Formel enth\u00e4lt essentielle Elemente wie <strong>Kalium<\/strong>, <strong>Strontium<\/strong>, <strong>Bor<\/strong>, <strong>Selen<\/strong>, <strong>Rubidium<\/strong>, <strong>Vanadium<\/strong> und <strong>Fluor<\/strong> und basiert sowohl auf organischen als auch auf anorganischen Verbindungen.<\/p>\n<p><strong>MISCHANLEITUNG:<\/strong><\/p>\n<p>Nachdem Sie die Fl\u00fcssigkeiten in die daf\u00fcr vorgesehenen Beh\u00e4lter gegeben haben, sch\u00fctteln Sie diese bitte gut. Beachten Sie unbedingt die Dosierungsempfehlungen und konsultieren Sie zur Orientierung die Bedienungsanleitung der Balling Light-Methode!<\/p>\n<p><strong>Wichtiger Hinweis:<\/strong> Spurenelemente der B-Klasse sind nicht f\u00fcr die direkte Dosierung ins Aquarium geeignet!<\/p>\n<p>F\u00fcr die Balling Light-Grundversorgung stellen Sie bitte drei Beh\u00e4lter wie folgt bereit:<\/p>\n<ul>\n<li><strong>BEH\u00c4LTER 1:<\/strong> Mischen Sie 2 kg CALCIUM-MIX mit 4 Litern RO-Wasser und f\u00fcllen Sie es dann mit RO-Wasser auf 5 Liter auf. Geben Sie in die TRACE-Flasche 25 ml Trace 1 Metallic Color + Grow Effect und 25 ml Trace 2 Metallic Metabolic Color Effect.<\/li>\n<li><strong>BEH\u00c4LTER 2:<\/strong> Mischen Sie 2 kg MAGNESIUM-MIX mit 4 Litern RO-Wasser und f\u00fcllen Sie es dann mit RO-Wasser auf 5 Liter auf. Beachten Sie, dass bei dieser neuen Methode kein Magnesiumsulfat ben\u00f6tigt wird. Trace 1-3 werden in diesem Beh\u00e4lter nicht ben\u00f6tigt.<\/li>\n<li><strong>BEH\u00c4LTER 3:<\/strong> Mischen Sie 500 g CARBONATE-MIX mit 4 Litern RO-Wasser und f\u00fcllen Sie es dann mit RO-Wasser auf 5 Liter auf. Geben Sie in die TRACE-Flasche 25 ml Trace 3 Metallic Health Fluorescent Effect.<\/li>\n<\/ul>\n","protected":false},"excerpt":{"rendered":"<p>Fauna Marin Balling Trace 1 500ml Micro and trace elements serve as an equilibrium solution for the Balling Light and Classic method. The addition of trace elements to the Balling salts represents a complete system.<\/p>\n","protected":false},"featured_media":84120,"template":"","meta":[],"pwb-brand":[2177],"product_cat":[1391,1437],"product_tag":[],"class_list":{"0":"post-88512","1":"product","2":"type-product","3":"status-publish","4":"has-post-thumbnail","6":"pwb-brand-fauna-marin","7":"product_cat-ergaenzungen","8":"product_cat-fauna-marin-de","10":"first","11":"outofstock","12":"taxable","13":"shipping-taxable","14":"purchasable","15":"product-type-simple"},"acf":[],"brands":[{"id":2177,"name":"Fauna Marin","slug":"fauna-marin"}],"_links":{"self":[{"href":"https:\/\/www.seaflowerstore.com\/de\/wp-json\/wp\/v2\/product\/88512","targetHints":{"allow":["GET"]}}],"collection":[{"href":"https:\/\/www.seaflowerstore.com\/de\/wp-json\/wp\/v2\/product"}],"about":[{"href":"https:\/\/www.seaflowerstore.com\/de\/wp-json\/wp\/v2\/types\/product"}],"wp:featuredmedia":[{"embeddable":true,"href":"https:\/\/www.seaflowerstore.com\/de\/wp-json\/wp\/v2\/media\/84120"}],"wp:attachment":[{"href":"https:\/\/www.seaflowerstore.com\/de\/wp-json\/wp\/v2\/media?parent=88512"}],"wp:term":[{"taxonomy":"pwb-brand","embeddable":true,"href":"https:\/\/www.seaflowerstore.com\/de\/wp-json\/wp\/v2\/pwb-brand?post=88512"},{"taxonomy":"product_cat","embeddable":true,"href":"https:\/\/www.seaflowerstore.com\/de\/wp-json\/wp\/v2\/product_cat?post=88512"},{"taxonomy":"product_tag","embeddable":true,"href":"https:\/\/www.seaflowerstore.com\/de\/wp-json\/wp\/v2\/product_tag?post=88512"}],"curies":[{"name":"wp","href":"https:\/\/api.w.org\/{rel}","templated":true}]}}