{"id":88513,"date":"2013-11-16T21:53:42","date_gmt":"2013-11-16T20:53:42","guid":{"rendered":"https:\/\/www.seaflowerstore.com\/nl\/fauna-marin-balling-light-set\/"},"modified":"2024-03-20T16:16:41","modified_gmt":"2024-03-20T15:16:41","slug":"fauna-marin-balling-light-set","status":"publish","type":"product","link":"https:\/\/www.seaflowerstore.com\/de\/fauna-marin-balling-light-set\/","title":{"rendered":"Fauna Marin Balling Light set"},"content":{"rendered":"<h2>The Balling Light Set from Fauna Marin is a complete set of high purity Balling salts, additives and accessories to start immediately with the Balling Light method<\/h2>\n<p style=\"text-align: justify\"><strong>Balling Light<\/strong> (nicht zu verwechseln mit Balling Lite und Classic) ist eine sehr anwenderfreundliche Methode, Ihr Aquarium mit Kalzium, Magnesium, Karbonaten und verschiedenen Spurenelementen zu versorgen.<\/p>\n<p style=\"text-align: justify\">In Deutschland ist diese Methode zu einer beliebten Alternative zum Einsatz eines Kalkreaktors geworden. Viele Aquarianer nutzen neben einem Kalkreaktor auch Fauna Marin Balling-Salze, um etwaige chemische Ungleichgewichte auszugleichen, die durch die Verwendung eines Kalkreaktors entstehen k\u00f6nnen.<\/p>\n<p><strong>INHALT<\/strong><\/p>\n<ul>\n<li><strong>2x<\/strong> Fauna Marin Calciumchlorid-Dihydrat 1 kg<\/li>\n<li><strong>2x<\/strong> Fauna Marin Magnesiumchlorid-Hexahydrat 1 kg<\/li>\n<li><strong>1x<\/strong> Fauna Marin Natriumbicarbonat 1 kg<\/li>\n<li><strong>1x<\/strong> Fauna Marin Ultra Trace B1 250 ml<\/li>\n<li><strong>1x<\/strong> Fauna Marin Ultra Trace B2 250 ml<\/li>\n<li><strong>1x<\/strong> Fauna Marin Ultra Trace B3 250 ml<\/li>\n<li><strong>3x<\/strong> Kanister &#038; Deckel mit M\u00f6glichkeit zur Schlauchdurchf\u00fchrung<\/li>\n<li><strong>1x<\/strong> Luftschlauch 5 Messger\u00e4te<\/li>\n<\/ul>\n<p><strong>UNTERSCHIEDE ZUM BALLING CLASSIC<\/strong><\/p>\n<p style=\"text-align: justify\">Der Hauptunterschied zwischen Balling Classic und Balling Light besteht darin, dass Balling Light wesentlich einfacher und kosteng\u00fcnstiger ist.<\/p>\n<p style=\"text-align: justify\">Die Verwendung von chloridbasierten Zusatzstoffen (wie Calciumchlorid und Magnesiumchlorid) kann den Chloridgehalt in Ihrem Aquarium erh\u00f6hen und m\u00f6glicherweise das Ionengleichgewicht st\u00f6ren. Balling Classic behebt dieses Problem, indem ein Teil des Aquarienwassers durch Mineralsalz (natriumchloridfreies Salz) ersetzt wird.<\/p>\n<p style=\"text-align: justify\">Sie k\u00f6nnen Balling Light zwar Mineralsalz hinzuf\u00fcgen, wenn Sie m\u00f6chten, aber dies ist nicht erforderlich, wenn Sie w\u00f6chentlich einen Wasserwechsel von 10 % durchf\u00fchren. Diese regelm\u00e4\u00dfigen Wechsel helfen dabei, stabile Chloridwerte und ein stabiles Ionengleichgewicht aufrechtzuerhalten, ohne dass zus\u00e4tzliches Mineralsalz erforderlich ist.<\/p>\n<p style=\"text-align: justify\">Auch die Aufrechterhaltung des Magnesiumgehalts ist mit Balling Light einfacher. Es wird nur eine Art Magnesiumsalz ben\u00f6tigt, w\u00e4hrend bei Balling Classic eine zweite Art (insbesondere Magnesiumsulfat-Heptahydrat) erforderlich ist.<\/p>\n<p style=\"text-align: justify\">Ein weiterer wichtiger Vorteil von Balling Light besteht darin, dass die Salze nicht gewogen werden m\u00fcssen, um die genaue Menge zu bestimmen, die f\u00fcr die L\u00f6sungsherstellung ben\u00f6tigt wird, was die Methode viel benutzerfreundlicher macht.<\/p>\n<p><strong>UNTERSCHIEDE ZU RECHNERN<\/strong><\/p>\n<p style=\"text-align: justify\">Welche Vorteile bietet es gegen\u00fcber einem Kalkreaktor? Balling Light bietet stabilere Wasserwerte und geringere Anschaffungskosten (unabh\u00e4ngig davon, ob Sie eine Dosierpumpe verwenden oder nicht) im Vergleich zu einem Kalkreaktor-Setup.<\/p>\n<p style=\"text-align: justify\"><a href=\"http:\/\/static.faunamarin.de\/manuals\/manual_balling-methode_eng.pdf\" target=\"_blank\" rel=\"noopener noreferrer nofollow\">Anleitung<\/a><\/p>\n","protected":false},"excerpt":{"rendered":"<p>The Balling Light Set from Fauna Marin is a complete set of high purity Balling salts, additives and accessories to start immediately with the Balling Light method.<\/p>\n","protected":false},"featured_media":77333,"template":"","meta":[],"pwb-brand":[2177],"product_cat":[1391,1437],"product_tag":[],"class_list":{"0":"post-88513","1":"product","2":"type-product","3":"status-publish","4":"has-post-thumbnail","6":"pwb-brand-fauna-marin","7":"product_cat-ergaenzungen","8":"product_cat-fauna-marin-de","10":"first","11":"instock","12":"sale","13":"taxable","14":"shipping-taxable","15":"purchasable","16":"product-type-simple"},"acf":[],"brands":[{"id":2177,"name":"Fauna Marin","slug":"fauna-marin"}],"_links":{"self":[{"href":"https:\/\/www.seaflowerstore.com\/de\/wp-json\/wp\/v2\/product\/88513","targetHints":{"allow":["GET"]}}],"collection":[{"href":"https:\/\/www.seaflowerstore.com\/de\/wp-json\/wp\/v2\/product"}],"about":[{"href":"https:\/\/www.seaflowerstore.com\/de\/wp-json\/wp\/v2\/types\/product"}],"wp:featuredmedia":[{"embeddable":true,"href":"https:\/\/www.seaflowerstore.com\/de\/wp-json\/wp\/v2\/media\/77333"}],"wp:attachment":[{"href":"https:\/\/www.seaflowerstore.com\/de\/wp-json\/wp\/v2\/media?parent=88513"}],"wp:term":[{"taxonomy":"pwb-brand","embeddable":true,"href":"https:\/\/www.seaflowerstore.com\/de\/wp-json\/wp\/v2\/pwb-brand?post=88513"},{"taxonomy":"product_cat","embeddable":true,"href":"https:\/\/www.seaflowerstore.com\/de\/wp-json\/wp\/v2\/product_cat?post=88513"},{"taxonomy":"product_tag","embeddable":true,"href":"https:\/\/www.seaflowerstore.com\/de\/wp-json\/wp\/v2\/product_tag?post=88513"}],"curies":[{"name":"wp","href":"https:\/\/api.w.org\/{rel}","templated":true}]}}