{"id":88514,"date":"2013-11-16T21:53:24","date_gmt":"2013-11-16T20:53:24","guid":{"rendered":"https:\/\/www.seaflowerstore.com\/nl\/fauna-marin-carbonate-mix-4-kg\/"},"modified":"2024-03-20T16:16:38","modified_gmt":"2024-03-20T15:16:38","slug":"fauna-marin-carbonate-mix-4-kg","status":"publish","type":"product","link":"https:\/\/www.seaflowerstore.com\/de\/fauna-marin-carbonate-mix-4-kg\/","title":{"rendered":"Fauna Marin Carbonate MIX 4 kg"},"content":{"rendered":"<h2>Fauna Marin Carbonate MIX 4 kg (KH balling light)<strong><span style=\"font-size: small;\"><\/span><\/strong><\/h2>\n<p style=\"font-size: 12px;\"><strong><span style=\"font-size: small;\">Alter Name = NATRIUMBICARBONAT <\/span><\/strong><\/p>\n<p>Natriumbicarbonat mit hoher Reinheit ist f\u00fcr die Aufrechterhaltung des Karbonatgehalts (KH) in Ihrem Meerwasseraquarium unerl\u00e4sslich. Mit der Balling Light- oder Classic-Methode k\u00f6nnen Sie eine perfekt ausgewogene Umgebung erreichen. Korallen und Kalkalgen ben\u00f6tigen f\u00fcr ihr Wachstum Kalzium, Magnesium, Karbonate und andere Mineralien oder Spurenelemente. Um die gesunde und stabile Entwicklung dieser Organismen zu unterst\u00fctzen, ist es wichtig, die verbrauchten Elemente wieder aufzuf\u00fcllen.<\/p>\n<p>Es gibt verschiedene Methoden, um dies zu erreichen, und die Balling-Methode ist eine der beliebtesten. Fauna Marin bietet eine komplette Palette an Balling-Salzen an, die darauf ausgelegt sind, stabile Kalzium-, Magnesium- und Karbonatwerte in Ihrem Aquarium aufrechtzuerhalten. Um optimale Ergebnisse zu erzielen, verwendet Fauna Marin in seinen Balling-Salzen nur die reinsten Chemikalien.<\/p>\n<p><strong>Warum Balling einem Kalkreaktor vorziehen?<\/strong> Die Balling-Methode (Light) sorgt f\u00fcr wesentlich stabilere Wasserwerte und hat im Vergleich zu einem Kalkreaktor-Setup geringere Anlaufkosten, unabh\u00e4ngig davon, ob Sie eine Dosierpumpe verwenden oder nicht. In Deutschland hat die Balling-Methode den Einsatz von Kalkreaktoren weitgehend ersetzt. Viele Aquarianer kombinieren mittlerweile Fauna Marin Balling-Salze mit Kalkreaktoren, um eventuell auftretende chemische Ungleichgewichte auszugleichen.<\/p>\n<p><strong>WELCHE SALZE BRAUCHEN SIE?<\/strong><\/p>\n<p><strong>Balling Light:<\/strong><\/p>\n<ul>\n<li>Calciumchlorid-Dihydrat<\/li>\n<li>Magnesiumchlorid-Hexahydrat<\/li>\n<li>Natriumbicarbonat<\/li>\n<\/ul>\n<p><strong>Balling Classic:<\/strong><\/p>\n<ul>\n<li>Calciumchlorid-Dihydrat<\/li>\n<li>Magnesiumchlorid-Hexahydrat<\/li>\n<li>Magnesiumsulfat-Heptahydrat<\/li>\n<li>Natriumbicarbonat<\/li>\n<li>NaCl-freies Salz<\/li>\n<\/ul>\n","protected":false},"excerpt":{"rendered":"<p>Fauna Marin Carbonate MIX 4 kg (KH balling light)<\/p>\n","protected":false},"featured_media":83684,"template":"","meta":[],"pwb-brand":[2177],"product_cat":[1391,1437],"product_tag":[],"class_list":{"0":"post-88514","1":"product","2":"type-product","3":"status-publish","4":"has-post-thumbnail","6":"pwb-brand-fauna-marin","7":"product_cat-ergaenzungen","8":"product_cat-fauna-marin-de","10":"first","11":"instock","12":"taxable","13":"shipping-taxable","14":"purchasable","15":"product-type-simple"},"acf":[],"brands":[{"id":2177,"name":"Fauna Marin","slug":"fauna-marin"}],"_links":{"self":[{"href":"https:\/\/www.seaflowerstore.com\/de\/wp-json\/wp\/v2\/product\/88514","targetHints":{"allow":["GET"]}}],"collection":[{"href":"https:\/\/www.seaflowerstore.com\/de\/wp-json\/wp\/v2\/product"}],"about":[{"href":"https:\/\/www.seaflowerstore.com\/de\/wp-json\/wp\/v2\/types\/product"}],"wp:featuredmedia":[{"embeddable":true,"href":"https:\/\/www.seaflowerstore.com\/de\/wp-json\/wp\/v2\/media\/83684"}],"wp:attachment":[{"href":"https:\/\/www.seaflowerstore.com\/de\/wp-json\/wp\/v2\/media?parent=88514"}],"wp:term":[{"taxonomy":"pwb-brand","embeddable":true,"href":"https:\/\/www.seaflowerstore.com\/de\/wp-json\/wp\/v2\/pwb-brand?post=88514"},{"taxonomy":"product_cat","embeddable":true,"href":"https:\/\/www.seaflowerstore.com\/de\/wp-json\/wp\/v2\/product_cat?post=88514"},{"taxonomy":"product_tag","embeddable":true,"href":"https:\/\/www.seaflowerstore.com\/de\/wp-json\/wp\/v2\/product_tag?post=88514"}],"curies":[{"name":"wp","href":"https:\/\/api.w.org\/{rel}","templated":true}]}}