{"id":88517,"date":"2013-11-16T21:44:08","date_gmt":"2013-11-16T20:44:08","guid":{"rendered":"https:\/\/www.seaflowerstore.com\/nl\/fauna-marin-magnesium-mix-1kg\/"},"modified":"2024-03-20T16:16:33","modified_gmt":"2024-03-20T15:16:33","slug":"fauna-marin-magnesium-mix-1kg","status":"publish","type":"product","link":"https:\/\/www.seaflowerstore.com\/de\/fauna-marin-magnesium-mix-1kg\/","title":{"rendered":"Fauna Marin magnesium mix 1kg"},"content":{"rendered":"<h2>Fauna Marin magnesium mix 1kg (BALLING SALT) to raise the level in your salt water aquarium<\/h2>\n<p>Geben Sie die ben\u00f6tigte Menge Magnesium-Mix in einen gut durchstr\u00f6mten Bereich des Technikbeckens. Wir empfehlen, einen Magnesiumwert von <strong>1200 &#8211; 1350 mg\/Liter<\/strong> einzuhalten. Beginnen Sie mit der Zugabe von Magnesium, gefolgt von Calcium und Karbonat, wobei zwischen jeder Dosierung ein Abstand von ca. <strong>10 Minuten<\/strong> eingehalten werden muss.<\/p>\n<p><strong>Dosierung:<\/strong> Berechnen Sie die richtige Dosierung mit dem Aquacalculator:<\/p>\n<p>Unter <strong>www.aquacalculator.com<\/strong> finden Sie einen passenden Balling-Light Online-Rechner zur Ermittlung der richtigen Dosiermengen. Dieses Online-Tool ist das einzige, das die Originalrezeptur von Balling Light hinterlegt. Andere Rechner sch\u00e4tzen die Balling Light-Methode m\u00f6glicherweise auf Grundlage eines klassischen Rezepts und liefern m\u00f6glicherweise falsche Ergebnisse.<\/p>\n<p><strong>Dosierung der Balling Light-L\u00f6sungen:<\/strong><\/p>\n<ul>\n<li>ALK\/KH: 10 ml\/100 Liter + 0,5 dkH<\/li>\n<li>CA: 10 ml\/100 Liter + 10 mg\/Liter<\/li>\n<li>MG: 10 ml\/100 Liter + 5 mg\/Liter<\/li>\n<\/ul>\n<p>Wenn Sie eine zus\u00e4tzliche Dosierung von Elementen (zur Farbverst\u00e4rkung) w\u00fcnschen oder ben\u00f6tigen, sollten Sie unsere <strong>Color Element-Serie<\/strong> verwenden. Diese zus\u00e4tzlichen Elemente k\u00f6nnen die Farben Ihrer Korallen deutlich verbessern und ihr Wachstum stimulieren. Je regelm\u00e4\u00dfiger Sie diese L\u00f6sungen hinzuf\u00fcgen, desto stabiler bleiben die Werte in Ihrem Aquarium. Daher empfehlen wir die Verwendung des <strong>GHL Dosiercomputers<\/strong>, der sich ideal f\u00fcr diese Methode eignet.<\/p>\n<p><strong>Reine Spezialsalze von Fauna Marin:<\/strong> Unsere Salze erf\u00fcllen pharmazeutische Reinheitsgrade und sind entsprechend verpackt. Wir achten nicht nur auf das Datenblatt, sondern auch auf die \u00dcberwachung organischer und anorganischer Spurenelemente und die Wirksamkeit der Salze. Mit Fauna Marin Balling-Light Salzen erhalten Sie die reinsten Spezialsalze, die f\u00fcr die Meerwasseraquaristik erh\u00e4ltlich sind.<\/p>\n<p>Wir veredeln unsere Salze zus\u00e4tzlich mit bioaktiven Stabilisatoren, pH-Puffern und speziellen Mineralien, die die Stabilit\u00e4t der chemischen Parameter in Ihrem Aquarium deutlich verbessern. Die zugesetzten Spurenelemente bleiben in L\u00f6sung stabiler und sind somit f\u00fcr die Korallen besser verf\u00fcgbar. Durch die Verwendung unserer Salzmischungen f\u00fchren Sie lebenswichtige Mineralien und Spurenelemente zu, die m\u00f6glicherweise fehlen oder nur begrenzt verf\u00fcgbar sind. Die Einbeziehung bioaktiver Komponenten und die Reinheit unserer Salze helfen, eine Verdunkelung der Korallen zu verhindern und f\u00f6rdern ihr Wachstum und ihre Farbentwicklung. Fauna Marin Balling Salze sind wirklich einzigartig.<\/p>\n<ul>\n<li>H\u00f6here Wirkung durch hochreine Salze mit geringstem Wassergehalt<\/li>\n<li>Salzmischungen f\u00fcr bessere Stabilit\u00e4t wichtiger Parameter<\/li>\n<li>Abgestimmt auf moderne Meersalze<\/li>\n<li>Stabiler pH-Wert<\/li>\n<li>Zufuhr von bioaktiven Substanzen f\u00fcr bessere Farbentwicklung und Korallenwachstum<\/li>\n<\/ul>\n<p>Das Fauna Marin Balling Light System ist ein komplettes, in sich geschlossenes System, das mit allen g\u00e4ngigen Filtersystemen verwendet werden kann. Dabei spielt es keine Rolle, ob Sie ein Zeolith-System, das \u00fcbliche Berliner System oder ein nat\u00fcrliches Filtersystem wie die Schlammfiltration verwenden. Mit der Balling-Light-Methode f\u00fchren Sie genau die Stoffe zu, die in Ihrem Aquarium fehlen.<\/p>\n","protected":false},"excerpt":{"rendered":"<p>Fauna Marin magnesium mix 1kg to raise the level in your salt water aquarium<\/p>\n","protected":false},"featured_media":83682,"template":"","meta":[],"pwb-brand":[2177],"product_cat":[1391,1437],"product_tag":[],"class_list":{"0":"post-88517","1":"product","2":"type-product","3":"status-publish","4":"has-post-thumbnail","6":"pwb-brand-fauna-marin","7":"product_cat-ergaenzungen","8":"product_cat-fauna-marin-de","10":"first","11":"outofstock","12":"taxable","13":"shipping-taxable","14":"purchasable","15":"product-type-simple"},"acf":[],"brands":[{"id":2177,"name":"Fauna Marin","slug":"fauna-marin"}],"_links":{"self":[{"href":"https:\/\/www.seaflowerstore.com\/de\/wp-json\/wp\/v2\/product\/88517","targetHints":{"allow":["GET"]}}],"collection":[{"href":"https:\/\/www.seaflowerstore.com\/de\/wp-json\/wp\/v2\/product"}],"about":[{"href":"https:\/\/www.seaflowerstore.com\/de\/wp-json\/wp\/v2\/types\/product"}],"wp:featuredmedia":[{"embeddable":true,"href":"https:\/\/www.seaflowerstore.com\/de\/wp-json\/wp\/v2\/media\/83682"}],"wp:attachment":[{"href":"https:\/\/www.seaflowerstore.com\/de\/wp-json\/wp\/v2\/media?parent=88517"}],"wp:term":[{"taxonomy":"pwb-brand","embeddable":true,"href":"https:\/\/www.seaflowerstore.com\/de\/wp-json\/wp\/v2\/pwb-brand?post=88517"},{"taxonomy":"product_cat","embeddable":true,"href":"https:\/\/www.seaflowerstore.com\/de\/wp-json\/wp\/v2\/product_cat?post=88517"},{"taxonomy":"product_tag","embeddable":true,"href":"https:\/\/www.seaflowerstore.com\/de\/wp-json\/wp\/v2\/product_tag?post=88517"}],"curies":[{"name":"wp","href":"https:\/\/api.w.org\/{rel}","templated":true}]}}