{"id":88525,"date":"2013-11-08T19:34:39","date_gmt":"2013-11-08T18:34:39","guid":{"rendered":"https:\/\/www.seaflowerstore.com\/nl\/loc-line-1-2-assembly-pliers\/"},"modified":"2024-03-20T16:19:10","modified_gmt":"2024-03-20T15:19:10","slug":"loc-line-1-2-assembly-pliers","status":"publish","type":"product","link":"https:\/\/www.seaflowerstore.com\/de\/loc-line-1-2-assembly-pliers\/","title":{"rendered":"Loc-line 1\/2&#8243; assembly pliers"},"content":{"rendered":"<h2>LOC-LINE 1\/2&#8243; ASSEMBLY PLIERS<\/h2>\n<p>F\u00fcr die einfache Verriegelung der 1\/2&#8243;-Loc-Line ist LOC-LINE das urspr\u00fcngliche modulare Rohrleitungssystem.<\/p>\n<p>Mit drei verschiedenen Durchmessern und einer gro\u00dfen Auswahl an D\u00fcsen, Armaturen und Zubeh\u00f6r ist Loc-Line die perfekte L\u00f6sung f\u00fcr verschiedene industrielle und kommerzielle Anwendungen. In Aquarien bietet LOC-LINE\u00ae endlose M\u00f6glichkeiten zur Erstellung einzigartiger Rohrleitungssysteme. Beispielsweise kann LOC-LINE\u00ae effektiv in der F\u00f6rderleitung und in geschlossenen Kreislaufsystemen eingesetzt werden, in denen es entscheidend ist, den Durchfluss in eine bestimmte Richtung zu lenken.<\/p>\n<ul>\n<li><strong>1\/4&#8243;-System:<\/strong> 30\u201350 PSI, 950 Liter pro Stunde<\/li>\n<li><strong>1\/2&#8243;-System:<\/strong> 20\u201330 PSI, 1.810 Liter pro Stunde<\/li>\n<li><strong>3\/4&#8243;-System:<\/strong> 10\u201320 PSI, 4.315 Liter pro Stunde<\/li>\n<\/ul>\n","protected":false},"excerpt":{"rendered":"<p>For easy interlocking of the 1\/2 &#8222;loc-line<\/p>\n","protected":false},"featured_media":84388,"template":"","meta":[],"pwb-brand":[2173],"product_cat":[1562,1534],"product_tag":[],"class_list":{"0":"post-88525","1":"product","2":"type-product","3":"status-publish","4":"has-post-thumbnail","6":"pwb-brand-loc-line","7":"product_cat-1-2-de","8":"product_cat-verschiedene","10":"first","11":"instock","12":"taxable","13":"shipping-taxable","14":"purchasable","15":"product-type-simple"},"acf":[],"brands":[{"id":2173,"name":"Loc-Line","slug":"loc-line"}],"_links":{"self":[{"href":"https:\/\/www.seaflowerstore.com\/de\/wp-json\/wp\/v2\/product\/88525","targetHints":{"allow":["GET"]}}],"collection":[{"href":"https:\/\/www.seaflowerstore.com\/de\/wp-json\/wp\/v2\/product"}],"about":[{"href":"https:\/\/www.seaflowerstore.com\/de\/wp-json\/wp\/v2\/types\/product"}],"wp:featuredmedia":[{"embeddable":true,"href":"https:\/\/www.seaflowerstore.com\/de\/wp-json\/wp\/v2\/media\/84388"}],"wp:attachment":[{"href":"https:\/\/www.seaflowerstore.com\/de\/wp-json\/wp\/v2\/media?parent=88525"}],"wp:term":[{"taxonomy":"pwb-brand","embeddable":true,"href":"https:\/\/www.seaflowerstore.com\/de\/wp-json\/wp\/v2\/pwb-brand?post=88525"},{"taxonomy":"product_cat","embeddable":true,"href":"https:\/\/www.seaflowerstore.com\/de\/wp-json\/wp\/v2\/product_cat?post=88525"},{"taxonomy":"product_tag","embeddable":true,"href":"https:\/\/www.seaflowerstore.com\/de\/wp-json\/wp\/v2\/product_tag?post=88525"}],"curies":[{"name":"wp","href":"https:\/\/api.w.org\/{rel}","templated":true}]}}