{"id":88526,"date":"2013-11-08T19:33:56","date_gmt":"2013-11-08T18:33:56","guid":{"rendered":"https:\/\/www.seaflowerstore.com\/nl\/loc-line-1-2-male-1-2-npt-valve\/"},"modified":"2024-03-20T16:19:09","modified_gmt":"2024-03-20T15:19:09","slug":"loc-line-1-2-male-1-2-npt-valve","status":"publish","type":"product","link":"https:\/\/www.seaflowerstore.com\/de\/loc-line-1-2-male-1-2-npt-valve\/","title":{"rendered":"Loc-Line 1\/2&#8243; Male 1\/2&#8243; NPT Valve"},"content":{"rendered":"<h2>Loc-Line 1\/2&#8243; Male 1\/2&#8243; NPT Valve<\/h2>\n<p><strong>Innendurchmesser:<\/strong> 13 mm<\/p>\n<p><strong>Au\u00dfengewinde:<\/strong> 21 mm<\/p>\n<h3>LOC-LINE ist das originale modulare Rohrsystem.<\/h3>\n<p>Mit drei verschiedenen Durchmessern und einer gro\u00dfen Auswahl an D\u00fcsen, Armaturen und Zubeh\u00f6r ist Loc-Line die perfekte L\u00f6sung f\u00fcr eine Vielzahl von industriellen und gewerblichen Anwendungen. In Aquarien bietet LOC-LINE\u00ae endlose M\u00f6glichkeiten zur Erstellung einzigartiger Rohrsysteme. Beispielsweise kann LOC-LINE\u00ae in der F\u00f6rderleitung und in geschlossenen Kreislaufsystemen eingesetzt werden, in denen die Durchflusslenkung entscheidend ist.<\/p>\n<ul>\n<li>1\/4&#8243;-System: 30\u201350 PSI, 950 Liter pro Stunde<\/li>\n<li>1\/2&#8243;-System: 20\u201330 PSI, 1.810 Liter pro Stunde<\/li>\n<li>3\/4&#8243;-System: 10\u201320 PSI, 4.315 Liter pro Stunde<\/li>\n<\/ul>\n","protected":false},"excerpt":{"rendered":"<p>1\/2&#8243; Loc-Line Systeem<\/p>\n","protected":false},"featured_media":77557,"template":"","meta":[],"pwb-brand":[2173],"product_cat":[1562,1534],"product_tag":[],"class_list":{"0":"post-88526","1":"product","2":"type-product","3":"status-publish","4":"has-post-thumbnail","6":"pwb-brand-loc-line","7":"product_cat-1-2-de","8":"product_cat-verschiedene","10":"first","11":"instock","12":"taxable","13":"shipping-taxable","14":"purchasable","15":"product-type-simple"},"acf":[],"brands":[{"id":2173,"name":"Loc-Line","slug":"loc-line"}],"_links":{"self":[{"href":"https:\/\/www.seaflowerstore.com\/de\/wp-json\/wp\/v2\/product\/88526","targetHints":{"allow":["GET"]}}],"collection":[{"href":"https:\/\/www.seaflowerstore.com\/de\/wp-json\/wp\/v2\/product"}],"about":[{"href":"https:\/\/www.seaflowerstore.com\/de\/wp-json\/wp\/v2\/types\/product"}],"wp:featuredmedia":[{"embeddable":true,"href":"https:\/\/www.seaflowerstore.com\/de\/wp-json\/wp\/v2\/media\/77557"}],"wp:attachment":[{"href":"https:\/\/www.seaflowerstore.com\/de\/wp-json\/wp\/v2\/media?parent=88526"}],"wp:term":[{"taxonomy":"pwb-brand","embeddable":true,"href":"https:\/\/www.seaflowerstore.com\/de\/wp-json\/wp\/v2\/pwb-brand?post=88526"},{"taxonomy":"product_cat","embeddable":true,"href":"https:\/\/www.seaflowerstore.com\/de\/wp-json\/wp\/v2\/product_cat?post=88526"},{"taxonomy":"product_tag","embeddable":true,"href":"https:\/\/www.seaflowerstore.com\/de\/wp-json\/wp\/v2\/product_tag?post=88526"}],"curies":[{"name":"wp","href":"https:\/\/api.w.org\/{rel}","templated":true}]}}