{"id":88528,"date":"2013-11-08T19:32:19","date_gmt":"2013-11-08T18:32:19","guid":{"rendered":"https:\/\/www.seaflowerstore.com\/nl\/loc-line-1-2-y-fitting\/"},"modified":"2026-01-15T18:47:43","modified_gmt":"2026-01-15T17:47:43","slug":"loc-line-1-2-y-fitting","status":"publish","type":"product","link":"https:\/\/www.seaflowerstore.com\/de\/loc-line-1-2-y-fitting\/","title":{"rendered":"Loc-Line 1\/2&#8243; Y Fitting"},"content":{"rendered":"<h2>Loc-Line 1\/2&#8243; Y Fitting<\/h2>\n<h3>LOC-LINE ist das urspr\u00fcngliche modulare Rohrleitungssystem.<\/h3>\n<p>LOC-LINE bietet drei verschiedene Durchmesser sowie eine gro\u00dfe Auswahl an D\u00fcsen, Armaturen und Zubeh\u00f6r und ist damit die perfekte Wahl f\u00fcr eine Vielzahl von industriellen und gewerblichen Anwendungen.<\/p>\n<p>In Aquarien bietet LOC-LINE\u00ae endlose M\u00f6glichkeiten zur Erstellung einzigartiger Rohrleitungssysteme.<\/p>\n<p>Beispielsweise kann LOC-LINE\u00ae in der F\u00f6rderleitung und in geschlossenen Kreislaufsystemen eingesetzt werden, in denen die Lenkung des Durchflusses in eine bestimmte Richtung unerl\u00e4sslich ist.<\/p>\n<ul>\n<li>1\/4&#8243;-System: 30\u201350 PSI, 950 Liter pro Stunde<\/li>\n<li>1\/2&#8243;-System: 20\u201330 PSI, 1.810 Liter pro Stunde<\/li>\n<li>3\/4&#8243;-System: 10\u201320 PSI, 4.315 Liter pro Stunde<\/li>\n<\/ul>\n","protected":false},"excerpt":{"rendered":"<p>1\/2&#8243; Loc-Line Systeem<\/p>\n","protected":false},"featured_media":77550,"template":"","meta":[],"pwb-brand":[2173],"product_cat":[1562],"product_tag":[],"class_list":{"0":"post-88528","1":"product","2":"type-product","3":"status-publish","4":"has-post-thumbnail","6":"pwb-brand-loc-line","7":"product_cat-1-2-de","9":"first","10":"instock","11":"taxable","12":"shipping-taxable","13":"purchasable","14":"product-type-simple"},"acf":[],"brands":[{"id":2173,"name":"Loc-Line","slug":"loc-line"}],"_links":{"self":[{"href":"https:\/\/www.seaflowerstore.com\/de\/wp-json\/wp\/v2\/product\/88528","targetHints":{"allow":["GET"]}}],"collection":[{"href":"https:\/\/www.seaflowerstore.com\/de\/wp-json\/wp\/v2\/product"}],"about":[{"href":"https:\/\/www.seaflowerstore.com\/de\/wp-json\/wp\/v2\/types\/product"}],"wp:featuredmedia":[{"embeddable":true,"href":"https:\/\/www.seaflowerstore.com\/de\/wp-json\/wp\/v2\/media\/77550"}],"wp:attachment":[{"href":"https:\/\/www.seaflowerstore.com\/de\/wp-json\/wp\/v2\/media?parent=88528"}],"wp:term":[{"taxonomy":"pwb-brand","embeddable":true,"href":"https:\/\/www.seaflowerstore.com\/de\/wp-json\/wp\/v2\/pwb-brand?post=88528"},{"taxonomy":"product_cat","embeddable":true,"href":"https:\/\/www.seaflowerstore.com\/de\/wp-json\/wp\/v2\/product_cat?post=88528"},{"taxonomy":"product_tag","embeddable":true,"href":"https:\/\/www.seaflowerstore.com\/de\/wp-json\/wp\/v2\/product_tag?post=88528"}],"curies":[{"name":"wp","href":"https:\/\/api.w.org\/{rel}","templated":true}]}}