{"id":88531,"date":"2013-11-08T19:29:00","date_gmt":"2013-11-08T18:29:00","guid":{"rendered":"https:\/\/www.seaflowerstore.com\/nl\/loc-line-1-2-flare-nozzle-63-mm\/"},"modified":"2026-01-15T18:47:43","modified_gmt":"2026-01-15T17:47:43","slug":"loc-line-1-2-flare-nozzle-63-mm","status":"publish","type":"product","link":"https:\/\/www.seaflowerstore.com\/de\/loc-line-1-2-flare-nozzle-63-mm\/","title":{"rendered":"Loc-Line 1\/2&#8243; Flare Nozzle 63 MM"},"content":{"rendered":"<h2>LOC-LINE 1\/2&#8243; FLARE NOZZLE 63 MM<\/h2>\n<h3>LOC-LINE ist das urspr\u00fcngliche modulare Rohrleitungssystem.<\/h3>\n<p>Mit drei verschiedenen Durchmessern und einer gro\u00dfen Auswahl an D\u00fcsen, Armaturen und Zubeh\u00f6r ist Loc-Line die perfekte L\u00f6sung f\u00fcr verschiedene industrielle und kommerzielle Anwendungen.<\/p>\n<p>In der Welt der Aquarien bietet LOC-LINE\u00ae endlose M\u00f6glichkeiten zur Erstellung einzigartiger Rohrleitungssysteme.<\/p>\n<p>Beispielsweise kann LOC-LINE\u00ae effektiv in F\u00f6rderleitungen und geschlossenen Kreisl\u00e4ufen eingesetzt werden, in denen es wichtig ist, den Durchfluss in eine bestimmte Richtung zu lenken.<\/p>\n<ul>\n<li>1\/4&#8243;-System: 30\u201350 PSI, 950 Liter pro Stunde<\/li>\n<li>1\/2&#8243;-System: 20\u201330 PSI, 1.810 Liter pro Stunde<\/li>\n<li>3\/4&#8243;-System: 10\u201320 PSI, 4.315 Liter pro Stunde<\/li>\n<\/ul>\n","protected":false},"excerpt":{"rendered":"<p>1\/2&#8243; Loc-Line Systeem<\/p>\n","protected":false},"featured_media":77540,"template":"","meta":[],"pwb-brand":[2173],"product_cat":[1562],"product_tag":[],"class_list":{"0":"post-88531","1":"product","2":"type-product","3":"status-publish","4":"has-post-thumbnail","6":"pwb-brand-loc-line","7":"product_cat-1-2-de","9":"first","10":"instock","11":"taxable","12":"shipping-taxable","13":"purchasable","14":"product-type-simple"},"acf":[],"brands":[{"id":2173,"name":"Loc-Line","slug":"loc-line"}],"_links":{"self":[{"href":"https:\/\/www.seaflowerstore.com\/de\/wp-json\/wp\/v2\/product\/88531","targetHints":{"allow":["GET"]}}],"collection":[{"href":"https:\/\/www.seaflowerstore.com\/de\/wp-json\/wp\/v2\/product"}],"about":[{"href":"https:\/\/www.seaflowerstore.com\/de\/wp-json\/wp\/v2\/types\/product"}],"wp:featuredmedia":[{"embeddable":true,"href":"https:\/\/www.seaflowerstore.com\/de\/wp-json\/wp\/v2\/media\/77540"}],"wp:attachment":[{"href":"https:\/\/www.seaflowerstore.com\/de\/wp-json\/wp\/v2\/media?parent=88531"}],"wp:term":[{"taxonomy":"pwb-brand","embeddable":true,"href":"https:\/\/www.seaflowerstore.com\/de\/wp-json\/wp\/v2\/pwb-brand?post=88531"},{"taxonomy":"product_cat","embeddable":true,"href":"https:\/\/www.seaflowerstore.com\/de\/wp-json\/wp\/v2\/product_cat?post=88531"},{"taxonomy":"product_tag","embeddable":true,"href":"https:\/\/www.seaflowerstore.com\/de\/wp-json\/wp\/v2\/product_tag?post=88531"}],"curies":[{"name":"wp","href":"https:\/\/api.w.org\/{rel}","templated":true}]}}