{"id":88534,"date":"2013-11-08T19:23:23","date_gmt":"2013-11-08T18:23:23","guid":{"rendered":"https:\/\/www.seaflowerstore.com\/nl\/loc-line-1-2-system-hose-14-cm\/"},"modified":"2026-01-15T18:47:43","modified_gmt":"2026-01-15T17:47:43","slug":"loc-line-1-2-system-hose-14-cm","status":"publish","type":"product","link":"https:\/\/www.seaflowerstore.com\/de\/loc-line-1-2-system-hose-14-cm\/","title":{"rendered":"Loc-Line 1\/2&#8243; System Hose (+\/-14 CM)"},"content":{"rendered":"<h2> Loc-Line 1\/2 &#8222;System Hose (+\/- 14 CM) is the original modular pipe system for the outflow of the aquarium <\/h2>\n<p> Das Loc-Line-System bietet drei verschiedene Durchmesser sowie eine gro\u00dfe Auswahl an D\u00fcsen, Armaturen und Zubeh\u00f6r und ist damit die perfekte Wahl f\u00fcr zahlreiche industrielle und kommerzielle Anwendungen. <\/p>\n<p> In der Aquarienwelt bietet LOC-LINE\u00ae unbegrenzte M\u00f6glichkeiten zur Erstellung einzigartiger Rohrleitungssysteme. <\/p>\n<p> LOC-LINE\u00ae eignet sich beispielsweise hervorragend f\u00fcr den Einsatz in F\u00f6rderleitungen und geschlossenen Kreisl\u00e4ufen, bei denen die Lenkung des Durchflusses in eine bestimmte Richtung unerl\u00e4sslich ist. <\/p>\n<ul>\n<li><strong>1\/4&#8243;-System:<\/strong> 30\u201350 PSI, 950 Liter pro Stunde<\/li>\n<li><strong>1\/2&#8243;-System:<\/strong> 20\u201330 PSI, 1.810 Liter pro Stunde<\/li>\n<li><strong>3\/4&#8243;-System:<\/strong> 10\u201320 PSI, 4.315 Liter pro Stunde<\/li>\n<\/ul>\n","protected":false},"excerpt":{"rendered":"<p>1\/2 &quot;Loc-Line System Hose consists of 6 elements and is 14 cm long. This product can be ordered per piece.<\/p>\n","protected":false},"featured_media":77534,"template":"","meta":[],"pwb-brand":[2173],"product_cat":[1562],"product_tag":[],"class_list":{"0":"post-88534","1":"product","2":"type-product","3":"status-publish","4":"has-post-thumbnail","6":"pwb-brand-loc-line","7":"product_cat-1-2-de","9":"first","10":"outofstock","11":"taxable","12":"shipping-taxable","13":"purchasable","14":"product-type-simple"},"acf":[],"brands":[{"id":2173,"name":"Loc-Line","slug":"loc-line"}],"_links":{"self":[{"href":"https:\/\/www.seaflowerstore.com\/de\/wp-json\/wp\/v2\/product\/88534","targetHints":{"allow":["GET"]}}],"collection":[{"href":"https:\/\/www.seaflowerstore.com\/de\/wp-json\/wp\/v2\/product"}],"about":[{"href":"https:\/\/www.seaflowerstore.com\/de\/wp-json\/wp\/v2\/types\/product"}],"wp:featuredmedia":[{"embeddable":true,"href":"https:\/\/www.seaflowerstore.com\/de\/wp-json\/wp\/v2\/media\/77534"}],"wp:attachment":[{"href":"https:\/\/www.seaflowerstore.com\/de\/wp-json\/wp\/v2\/media?parent=88534"}],"wp:term":[{"taxonomy":"pwb-brand","embeddable":true,"href":"https:\/\/www.seaflowerstore.com\/de\/wp-json\/wp\/v2\/pwb-brand?post=88534"},{"taxonomy":"product_cat","embeddable":true,"href":"https:\/\/www.seaflowerstore.com\/de\/wp-json\/wp\/v2\/product_cat?post=88534"},{"taxonomy":"product_tag","embeddable":true,"href":"https:\/\/www.seaflowerstore.com\/de\/wp-json\/wp\/v2\/product_tag?post=88534"}],"curies":[{"name":"wp","href":"https:\/\/api.w.org\/{rel}","templated":true}]}}