{"id":88545,"date":"2013-11-05T11:04:14","date_gmt":"2013-11-05T10:04:14","guid":{"rendered":"https:\/\/www.seaflowerstore.com\/nl\/zeozym-500-gram-kz\/"},"modified":"2025-06-07T19:35:31","modified_gmt":"2025-06-07T17:35:31","slug":"zeozym-500-gram-kz","status":"publish","type":"product","link":"https:\/\/www.seaflowerstore.com\/de\/zeozym-500-gram-kz\/","title":{"rendered":"ZEOzym &#8211; 500 gram (KZ)"},"content":{"rendered":"<h2>ZEOzym &#8211; 500 gram (KZ)<\/h2>\n<p><strong>Korallen Zucht ZEOzym<\/strong> ist ein 500 Gramm schweres biologisches Stimulans auf Enzymbasis, das den Bakterienstoffwechsel in Ihrem Aquarium verbessern soll. Dieses Produkt bietet mehrere Vorteile:<\/p>\n<ul>\n<li><strong>Verst\u00e4rkt die Wirkung von<\/strong> <span class=\"caps\">ZEO<\/span>bak.<\/li>\n<li>Stimuliert die biologische Kontrolle von Schleimalgen (Cyanobakterien).<\/li>\n<li>Verbessert die Absch\u00e4umleistung.<\/li>\n<li>Hilft bei der Beseitigung sch\u00e4dlicher Substanzen.<\/li>\n<li><strong>Verbessert das Korallenwachstum erheblich.<\/strong><\/li>\n<\/ul>\n<p>F\u00fcr ein 1000-Liter-Aquarium lautet die t\u00e4gliche Dosierung bis zum Verschwinden der Algen wie folgt: 1 Teel\u00f6ffel ZEOzym in 0,5 Liter Osmosewasser aufl\u00f6sen. Geben Sie die Mischung nach etwa 8 Stunden nach gr\u00fcndlichem Sch\u00fctteln in Ihr Aquarium.<\/p>\n<p>Bitte behalten Sie Ihren Eiwei\u00dfabsch\u00e4umer im Auge, da er m\u00f6glicherweise zu viel absch\u00e4umt und h\u00e4ufiger \u00fcberpr\u00fcft werden muss. Denken Sie daran, dass ZEOzym auf Enzymbasis arbeitet und zu 100 % organisch ist.<\/p>\n","protected":false},"excerpt":{"rendered":"<p>Korallen Zucht ZEOzym 500 grams Enzyme-based biological stimulant to promote increased bacterial metabolism<\/p>\n","protected":false},"featured_media":77503,"template":"","meta":[],"pwb-brand":[2159],"product_cat":[1391],"product_tag":[],"class_list":{"0":"post-88545","1":"product","2":"type-product","3":"status-publish","4":"has-post-thumbnail","6":"pwb-brand-korallen-zucht","7":"product_cat-ergaenzungen","9":"first","10":"instock","11":"sale","12":"taxable","13":"shipping-taxable","14":"purchasable","15":"product-type-simple"},"acf":[],"brands":[{"id":2159,"name":"Korallen Zucht","slug":"korallen-zucht"}],"_links":{"self":[{"href":"https:\/\/www.seaflowerstore.com\/de\/wp-json\/wp\/v2\/product\/88545","targetHints":{"allow":["GET"]}}],"collection":[{"href":"https:\/\/www.seaflowerstore.com\/de\/wp-json\/wp\/v2\/product"}],"about":[{"href":"https:\/\/www.seaflowerstore.com\/de\/wp-json\/wp\/v2\/types\/product"}],"wp:featuredmedia":[{"embeddable":true,"href":"https:\/\/www.seaflowerstore.com\/de\/wp-json\/wp\/v2\/media\/77503"}],"wp:attachment":[{"href":"https:\/\/www.seaflowerstore.com\/de\/wp-json\/wp\/v2\/media?parent=88545"}],"wp:term":[{"taxonomy":"pwb-brand","embeddable":true,"href":"https:\/\/www.seaflowerstore.com\/de\/wp-json\/wp\/v2\/pwb-brand?post=88545"},{"taxonomy":"product_cat","embeddable":true,"href":"https:\/\/www.seaflowerstore.com\/de\/wp-json\/wp\/v2\/product_cat?post=88545"},{"taxonomy":"product_tag","embeddable":true,"href":"https:\/\/www.seaflowerstore.com\/de\/wp-json\/wp\/v2\/product_tag?post=88545"}],"curies":[{"name":"wp","href":"https:\/\/api.w.org\/{rel}","templated":true}]}}